{"id":14612,"date":"2022-12-07T11:21:39","date_gmt":"2022-12-07T11:21:39","guid":{"rendered":"https:\/\/www.dibosch.com\/producto\/kit-pro-clean-glass-kit00074\/"},"modified":"2025-09-24T09:39:57","modified_gmt":"2025-09-24T09:39:57","slug":"kit-pro-clean-glass-kit00074","status":"publish","type":"product","link":"https:\/\/dibosch.com\/es\/producto\/kit-pro-clean-glass-kit00074\/","title":{"rendered":"KIT PRO CLEAN GLASS &#8211; KIT00074 &#8211; TTS"},"content":{"rendered":"<p><strong>Caracter\u00edsticas del producto:<\/strong><\/p>\n<p>Sistema con soporte con sistema adherente y recambio mopa ultra microfibra para la limpieza de superficies brillantes<\/p>\n<p>Ideal para limpiar superficies brillantes en interiores como vitrinas en mostradores refrigerados y tiendas de alimentos, puertas de vidrio<\/p>\n<p>Reduce de un tercio el tiempo: Limpia y seca en una sola pasada<\/p>\n<p>Ergon\u00f3mico: ligero, reduce el esfuerzo del operario<\/p>\n<p>&nbsp;<\/p>\n<p>Lista de componentes<\/p>\n<p>00000729 Microblue, recambio de microfibra para sistema adherente, 30 cm 1 ud.<br \/>\n00000894YM Bastidor Lampo con sistema adherente y agujeros sujeta pa\u00f1os ovales, completo con Jack Lampo para mangos \u00f8 23 mm 1 ud.<br \/>\n00001058 Mango telesc\u00f3pico de aluminio con agujero, empu\u00f1adura ergon\u00f3mica deslizante verde y tap\u00f3n verde 1 ud.<br \/>\n00008702 Soporte con empu\u00f1adura manual con sistema adherente, color verde, 30 cm 1 ud.<br \/>\nB070734 Clean Glass, Mopa de microfibra con sistema adherente para superficies brillantes 2 ud.<\/p>\n","protected":false},"excerpt":{"rendered":"<p>Incluye 2 soportes, 2 mopas y 1 m\u00e1stil extensible.<\/p>\n","protected":false},"featured_media":23902,"comment_status":"closed","ping_status":"closed","template":"","meta":[],"product_brand":[],"product_cat":[752,713,684],"product_tag":[],"marcas":[917],"certificats":[],"caracteristiques":[],"tipus-productes":[],"zona-aplicacio":[953,954,945,944,948,946],"tipus-maquinaria":[],"class_list":{"0":"post-14612","1":"product","2":"type-product","3":"status-publish","4":"has-post-thumbnail","6":"product_cat-limpieza-cristales","7":"product_cat-utensilios","8":"product_cat-utiles-de-limpieza","9":"marcas-tts-es","10":"zona-aplicacio-cristales-y-espejos","11":"zona-aplicacio-superficies-verticales","12":"zona-aplicacio-zona-bano","13":"zona-aplicacio-zona-cocina","14":"zona-aplicacio-zona-habitaciones","15":"zona-aplicacio-zonas-comunes","17":"first","18":"instock","19":"product-type-simple"},"_links":{"self":[{"href":"https:\/\/dibosch.com\/es\/wp-json\/wp\/v2\/product\/14612","targetHints":{"allow":["GET"]}}],"collection":[{"href":"https:\/\/dibosch.com\/es\/wp-json\/wp\/v2\/product"}],"about":[{"href":"https:\/\/dibosch.com\/es\/wp-json\/wp\/v2\/types\/product"}],"replies":[{"embeddable":true,"href":"https:\/\/dibosch.com\/es\/wp-json\/wp\/v2\/comments?post=14612"}],"wp:featuredmedia":[{"embeddable":true,"href":"https:\/\/dibosch.com\/es\/wp-json\/wp\/v2\/media\/23902"}],"wp:attachment":[{"href":"https:\/\/dibosch.com\/es\/wp-json\/wp\/v2\/media?parent=14612"}],"wp:term":[{"taxonomy":"product_brand","embeddable":true,"href":"https:\/\/dibosch.com\/es\/wp-json\/wp\/v2\/product_brand?post=14612"},{"taxonomy":"product_cat","embeddable":true,"href":"https:\/\/dibosch.com\/es\/wp-json\/wp\/v2\/product_cat?post=14612"},{"taxonomy":"product_tag","embeddable":true,"href":"https:\/\/dibosch.com\/es\/wp-json\/wp\/v2\/product_tag?post=14612"},{"taxonomy":"marcas","embeddable":true,"href":"https:\/\/dibosch.com\/es\/wp-json\/wp\/v2\/marcas?post=14612"},{"taxonomy":"certificats","embeddable":true,"href":"https:\/\/dibosch.com\/es\/wp-json\/wp\/v2\/certificats?post=14612"},{"taxonomy":"caracteristiques","embeddable":true,"href":"https:\/\/dibosch.com\/es\/wp-json\/wp\/v2\/caracteristiques?post=14612"},{"taxonomy":"tipus-productes","embeddable":true,"href":"https:\/\/dibosch.com\/es\/wp-json\/wp\/v2\/tipus-productes?post=14612"},{"taxonomy":"zona-aplicacio","embeddable":true,"href":"https:\/\/dibosch.com\/es\/wp-json\/wp\/v2\/zona-aplicacio?post=14612"},{"taxonomy":"tipus-maquinaria","embeddable":true,"href":"https:\/\/dibosch.com\/es\/wp-json\/wp\/v2\/tipus-maquinaria?post=14612"}],"curies":[{"name":"wp","href":"https:\/\/api.w.org\/{rel}","templated":true}]}}