{"id":14613,"date":"2022-12-07T11:23:28","date_gmt":"2022-12-07T11:23:28","guid":{"rendered":"https:\/\/www.dibosch.com\/producto\/natursafe-xtra-quick-bp5\/"},"modified":"2023-06-22T10:44:57","modified_gmt":"2023-06-22T10:44:57","slug":"natursafe-xtra-quick-bp5","status":"publish","type":"product","link":"https:\/\/dibosch.com\/es\/producto\/natursafe-xtra-quick-bp5\/","title":{"rendered":"NATURSAFE XTRA QUICK BP5 &#8211; SUCITESA"},"content":{"rendered":"<p><strong>Caracter\u00edsticas del producto:<\/strong><\/p>\n<p>Elimina la suciedad general. Secado sin rastros. Sin enjuague. Limpia y abrillanta de forma f\u00e1cil y sin esfuerzo. Producto sostenible desarrollado bajo estrictos criterios medioambientales y de seguridad, con la garant\u00eda LIFE CARE. Producto VEGANO. F\u00f3rmula que no contiene ning\u00fan ingrediente de origen animal.<\/p>\n<p>&nbsp;<\/p>\n<p><strong>Modo de empleo:<\/strong><\/p>\n<p>Pulverizar el producto sobre la superficie. Frotar con una gamuza hasta conseguir un brillo homog\u00e9neo. Repetir la operaci\u00f3n, en caso necesario.<\/p>\n<p>&nbsp;<\/p>\n<p><strong>Indicado para:<\/strong><\/p>\n<p>Superficies lavables. Pl\u00e1stico. Cristal. F\u00f3rmica<\/p>\n","protected":false},"excerpt":{"rendered":"<p>Limpiador multiuso. Con Ecolabel.<\/p>\n","protected":false},"featured_media":9654,"comment_status":"closed","ping_status":"closed","template":"","meta":[],"product_brand":[],"product_cat":[689,694,740],"product_tag":[],"marcas":[922],"certificats":[],"caracteristiques":[940],"tipus-productes":[],"zona-aplicacio":[948,946],"tipus-maquinaria":[],"class_list":{"0":"post-14613","1":"product","2":"type-product","3":"status-publish","4":"has-post-thumbnail","6":"product_cat-productos-de-limpieza","7":"product_cat-quimicos","8":"product_cat-superficies-es","9":"marcas-sucitesa-es","10":"caracteristiques-ecologicos-es","11":"zona-aplicacio-zona-habitaciones","12":"zona-aplicacio-zonas-comunes","14":"first","15":"instock","16":"product-type-simple"},"_links":{"self":[{"href":"https:\/\/dibosch.com\/es\/wp-json\/wp\/v2\/product\/14613","targetHints":{"allow":["GET"]}}],"collection":[{"href":"https:\/\/dibosch.com\/es\/wp-json\/wp\/v2\/product"}],"about":[{"href":"https:\/\/dibosch.com\/es\/wp-json\/wp\/v2\/types\/product"}],"replies":[{"embeddable":true,"href":"https:\/\/dibosch.com\/es\/wp-json\/wp\/v2\/comments?post=14613"}],"wp:featuredmedia":[{"embeddable":true,"href":"https:\/\/dibosch.com\/es\/wp-json\/wp\/v2\/media\/9654"}],"wp:attachment":[{"href":"https:\/\/dibosch.com\/es\/wp-json\/wp\/v2\/media?parent=14613"}],"wp:term":[{"taxonomy":"product_brand","embeddable":true,"href":"https:\/\/dibosch.com\/es\/wp-json\/wp\/v2\/product_brand?post=14613"},{"taxonomy":"product_cat","embeddable":true,"href":"https:\/\/dibosch.com\/es\/wp-json\/wp\/v2\/product_cat?post=14613"},{"taxonomy":"product_tag","embeddable":true,"href":"https:\/\/dibosch.com\/es\/wp-json\/wp\/v2\/product_tag?post=14613"},{"taxonomy":"marcas","embeddable":true,"href":"https:\/\/dibosch.com\/es\/wp-json\/wp\/v2\/marcas?post=14613"},{"taxonomy":"certificats","embeddable":true,"href":"https:\/\/dibosch.com\/es\/wp-json\/wp\/v2\/certificats?post=14613"},{"taxonomy":"caracteristiques","embeddable":true,"href":"https:\/\/dibosch.com\/es\/wp-json\/wp\/v2\/caracteristiques?post=14613"},{"taxonomy":"tipus-productes","embeddable":true,"href":"https:\/\/dibosch.com\/es\/wp-json\/wp\/v2\/tipus-productes?post=14613"},{"taxonomy":"zona-aplicacio","embeddable":true,"href":"https:\/\/dibosch.com\/es\/wp-json\/wp\/v2\/zona-aplicacio?post=14613"},{"taxonomy":"tipus-maquinaria","embeddable":true,"href":"https:\/\/dibosch.com\/es\/wp-json\/wp\/v2\/tipus-maquinaria?post=14613"}],"curies":[{"name":"wp","href":"https:\/\/api.w.org\/{rel}","templated":true}]}}