{"id":14626,"date":"2022-12-07T11:26:26","date_gmt":"2022-12-07T11:26:26","guid":{"rendered":"https:\/\/www.dibosch.com\/producto\/m-blower\/"},"modified":"2025-02-07T14:02:20","modified_gmt":"2025-02-07T14:02:20","slug":"m-blower","status":"publish","type":"product","link":"https:\/\/dibosch.com\/es\/producto\/m-blower\/","title":{"rendered":"BLOWER &#8211; SANTOEMMA"},"content":{"rendered":"<p>Soplador de aire de tres velocidades, alto rendimiento, 230-240V 50-60Hz, para una r\u00e1pida Secado de la alfombra despu\u00e9s de la limpieza.<\/p>\n<p>El potente flujo de aire acelera la evaporaci\u00f3n de la humedad residual de alfombra, que se seca en muy poco tiempo.<\/p>\n<p>Equipado Con ruedas y asa extensible, f\u00e1cil de transportar.<\/p>\n","protected":false},"excerpt":{"rendered":"<p>Soplador de aire de tres velocidades, alto rendimiento, 230-240V 50-60Hz, para una r\u00e1pida Secado de la alfombra despu\u00e9s de la limpieza. El potente flujo de aire acelera la evaporaci\u00f3n de la humedad residual de alfombra, que se seca en muy poco tiempo. Equipado Con ruedas y asa extensible, f\u00e1cil de transportar.<\/p>\n","protected":false},"featured_media":25167,"comment_status":"closed","ping_status":"closed","template":"","meta":[],"product_brand":[],"product_cat":[577,722],"product_tag":[],"marcas":[],"certificats":[],"caracteristiques":[],"tipus-productes":[],"zona-aplicacio":[],"tipus-maquinaria":[],"class_list":{"0":"post-14626","1":"product","2":"type-product","3":"status-publish","4":"has-post-thumbnail","6":"product_cat-maquinas","7":"product_cat-maquinas-especificas-de-limpieza","9":"first","10":"instock","11":"product-type-simple"},"_links":{"self":[{"href":"https:\/\/dibosch.com\/es\/wp-json\/wp\/v2\/product\/14626","targetHints":{"allow":["GET"]}}],"collection":[{"href":"https:\/\/dibosch.com\/es\/wp-json\/wp\/v2\/product"}],"about":[{"href":"https:\/\/dibosch.com\/es\/wp-json\/wp\/v2\/types\/product"}],"replies":[{"embeddable":true,"href":"https:\/\/dibosch.com\/es\/wp-json\/wp\/v2\/comments?post=14626"}],"wp:featuredmedia":[{"embeddable":true,"href":"https:\/\/dibosch.com\/es\/wp-json\/wp\/v2\/media\/25167"}],"wp:attachment":[{"href":"https:\/\/dibosch.com\/es\/wp-json\/wp\/v2\/media?parent=14626"}],"wp:term":[{"taxonomy":"product_brand","embeddable":true,"href":"https:\/\/dibosch.com\/es\/wp-json\/wp\/v2\/product_brand?post=14626"},{"taxonomy":"product_cat","embeddable":true,"href":"https:\/\/dibosch.com\/es\/wp-json\/wp\/v2\/product_cat?post=14626"},{"taxonomy":"product_tag","embeddable":true,"href":"https:\/\/dibosch.com\/es\/wp-json\/wp\/v2\/product_tag?post=14626"},{"taxonomy":"marcas","embeddable":true,"href":"https:\/\/dibosch.com\/es\/wp-json\/wp\/v2\/marcas?post=14626"},{"taxonomy":"certificats","embeddable":true,"href":"https:\/\/dibosch.com\/es\/wp-json\/wp\/v2\/certificats?post=14626"},{"taxonomy":"caracteristiques","embeddable":true,"href":"https:\/\/dibosch.com\/es\/wp-json\/wp\/v2\/caracteristiques?post=14626"},{"taxonomy":"tipus-productes","embeddable":true,"href":"https:\/\/dibosch.com\/es\/wp-json\/wp\/v2\/tipus-productes?post=14626"},{"taxonomy":"zona-aplicacio","embeddable":true,"href":"https:\/\/dibosch.com\/es\/wp-json\/wp\/v2\/zona-aplicacio?post=14626"},{"taxonomy":"tipus-maquinaria","embeddable":true,"href":"https:\/\/dibosch.com\/es\/wp-json\/wp\/v2\/tipus-maquinaria?post=14626"}],"curies":[{"name":"wp","href":"https:\/\/api.w.org\/{rel}","templated":true}]}}