{"id":14628,"date":"2022-12-07T11:23:38","date_gmt":"2022-12-07T11:23:38","guid":{"rendered":"https:\/\/www.dibosch.com\/producto\/m-aspirador-proline-a58-3wd\/"},"modified":"2025-02-07T14:50:28","modified_gmt":"2025-02-07T14:50:28","slug":"m-aspirador-proline-a58-3wd","status":"publish","type":"product","link":"https:\/\/dibosch.com\/es\/producto\/m-aspirador-proline-a58-3wd\/","title":{"rendered":"ASPIRADOR PROLINE A58.3WD"},"content":{"rendered":"<p>Los aspiradores de l\u00edquido y polvo de la l\u00ednea proline, son m\u00e1quinas de alto rendimiento gracias a los 2 motores Ametek y al tanque de alta capacidad. Los dep\u00f3sitos est\u00e1n fabricados con polipropileno o acero con di\u00e1metros de 40 o 50 mm.<\/p>\n","protected":false},"excerpt":{"rendered":"<p>Potencia 2300 W | Capacidad 77 l |Nivel sonoro 72dB | Peso 20 kg | Agua &#8211; Pulso<\/p>\n","protected":false},"featured_media":24702,"comment_status":"closed","ping_status":"closed","template":"","meta":[],"product_brand":[],"product_cat":[1329,1330,578,577],"product_tag":[],"marcas":[],"certificats":[],"caracteristiques":[],"tipus-productes":[],"zona-aplicacio":[],"tipus-maquinaria":[],"class_list":{"0":"post-14628","1":"product","2":"type-product","3":"status-publish","4":"has-post-thumbnail","6":"product_cat-aspirador-liquidos-industriales","7":"product_cat-aspirador-industrial-sin-cable","8":"product_cat-aspiradores-industriales","9":"product_cat-maquinas","11":"first","12":"instock","13":"product-type-simple"},"_links":{"self":[{"href":"https:\/\/dibosch.com\/es\/wp-json\/wp\/v2\/product\/14628","targetHints":{"allow":["GET"]}}],"collection":[{"href":"https:\/\/dibosch.com\/es\/wp-json\/wp\/v2\/product"}],"about":[{"href":"https:\/\/dibosch.com\/es\/wp-json\/wp\/v2\/types\/product"}],"replies":[{"embeddable":true,"href":"https:\/\/dibosch.com\/es\/wp-json\/wp\/v2\/comments?post=14628"}],"wp:featuredmedia":[{"embeddable":true,"href":"https:\/\/dibosch.com\/es\/wp-json\/wp\/v2\/media\/24702"}],"wp:attachment":[{"href":"https:\/\/dibosch.com\/es\/wp-json\/wp\/v2\/media?parent=14628"}],"wp:term":[{"taxonomy":"product_brand","embeddable":true,"href":"https:\/\/dibosch.com\/es\/wp-json\/wp\/v2\/product_brand?post=14628"},{"taxonomy":"product_cat","embeddable":true,"href":"https:\/\/dibosch.com\/es\/wp-json\/wp\/v2\/product_cat?post=14628"},{"taxonomy":"product_tag","embeddable":true,"href":"https:\/\/dibosch.com\/es\/wp-json\/wp\/v2\/product_tag?post=14628"},{"taxonomy":"marcas","embeddable":true,"href":"https:\/\/dibosch.com\/es\/wp-json\/wp\/v2\/marcas?post=14628"},{"taxonomy":"certificats","embeddable":true,"href":"https:\/\/dibosch.com\/es\/wp-json\/wp\/v2\/certificats?post=14628"},{"taxonomy":"caracteristiques","embeddable":true,"href":"https:\/\/dibosch.com\/es\/wp-json\/wp\/v2\/caracteristiques?post=14628"},{"taxonomy":"tipus-productes","embeddable":true,"href":"https:\/\/dibosch.com\/es\/wp-json\/wp\/v2\/tipus-productes?post=14628"},{"taxonomy":"zona-aplicacio","embeddable":true,"href":"https:\/\/dibosch.com\/es\/wp-json\/wp\/v2\/zona-aplicacio?post=14628"},{"taxonomy":"tipus-maquinaria","embeddable":true,"href":"https:\/\/dibosch.com\/es\/wp-json\/wp\/v2\/tipus-maquinaria?post=14628"}],"curies":[{"name":"wp","href":"https:\/\/api.w.org\/{rel}","templated":true}]}}