{"id":14638,"date":"2022-12-07T11:26:20","date_gmt":"2022-12-07T11:26:20","guid":{"rendered":"https:\/\/www.dibosch.com\/producto\/m-junior-star-max-monofasica-8bar\/"},"modified":"2025-09-23T10:23:02","modified_gmt":"2025-09-23T10:23:02","slug":"m-junior-star-max-monofasica-8bar","status":"publish","type":"product","link":"https:\/\/dibosch.com\/es\/producto\/m-junior-star-max-monofasica-8bar\/","title":{"rendered":"JUNIOR STAR MAX MONOF\u00c1SICA 8Bar &#8211; TECNOVAP"},"content":{"rendered":"<p>Generador de vapor professional amb caldera d&#8217;acer inoxidable i cos de polietil\u00e8, autonomia de vapor il\u00b7limitada gr\u00e0cies al sistema de reompliment autom\u00e0tic amb un tanc d&#8217;aigua intern. Funcions disponibles: injecci\u00f3 de detergent, injecci\u00f3 d&#8217;aigua sobreescalfada i netejador d&#8217;aspirador humit.<\/p>\n<p>&nbsp;<\/p>\n<p>Caracter\u00edsticas<\/p>\n<p><strong>Caldera de acero inoxidable<\/strong> AISI 304 &#8211; con elemento calefactor intercambiable<br \/>\nCuerpo Acero barnizado \/ PE<br \/>\n<strong>Volumen caldera<\/strong> 5 l<br \/>\n<strong>Salida m\u00e1xima<\/strong> 3,65<br \/>\n<strong>Potencia caldera<\/strong> 3,6<br \/>\n<strong>Dep\u00f3sito de agua<\/strong> 4 l<br \/>\n<strong>Dep\u00f3sito de detergente<\/strong> 2 l<br \/>\n<strong>Presi\u00f3n de funcionamiento<\/strong> 8 bar<br \/>\n<strong>Temperatura del vapor<\/strong> 174 \u00b0C<br \/>\n<strong>Producci\u00f3n de vapor<\/strong> (g\/min) 97 g\/min 5,9 Kg\/h<br \/>\n<strong>Temperatura del detergente<\/strong> 90 &#8211; 160\u00b0C<br \/>\n<strong>Potencia de vac\u00edo<\/strong> 1,2 kW<br \/>\n<strong>Caudal de aire<\/strong> 200 m3\/h<br \/>\n<strong>Depresi\u00f3n<\/strong> 2200 mm<br \/>\n<strong>Capacidad del tambor de vac\u00edo<\/strong> 14 l<br \/>\n<strong>Alimentaci\u00f3n<\/strong> 230 V; 50\/60 Hz<br \/>\n<strong>Cable de alimentaci\u00f3n<\/strong> de 8 m<br \/>\n<strong>Peso<\/strong> 45 Kg<\/p>\n","protected":false},"excerpt":{"rendered":"<p>Generador de vapor professional amb caldera d&#8217;acer inoxidable i cos de polietil\u00e8, autonomia de vapor il\u00b7limitada gr\u00e0cies al sistema de reompliment autom\u00e0tic amb un tanc d&#8217;aigua intern. Funcions disponibles: injecci\u00f3 de detergent, injecci\u00f3 d&#8217;aigua sobreescalfada i netejador d&#8217;aspirador humit. &nbsp; Caracter\u00edsticas Caldera de acero inoxidable AISI 304 &#8211; con elemento calefactor intercambiable Cuerpo Acero barnizado [&hellip;]<\/p>\n","protected":false},"featured_media":24974,"comment_status":"closed","ping_status":"closed","template":"","meta":[],"product_brand":[],"product_cat":[761,577],"product_tag":[],"marcas":[913],"certificats":[],"caracteristiques":[],"tipus-productes":[],"zona-aplicacio":[],"tipus-maquinaria":[],"class_list":{"0":"post-14638","1":"product","2":"type-product","3":"status-publish","4":"has-post-thumbnail","6":"product_cat-vapor-industrial-es","7":"product_cat-maquinas","8":"marcas-tecnovap-es","10":"first","11":"instock","12":"product-type-simple"},"_links":{"self":[{"href":"https:\/\/dibosch.com\/es\/wp-json\/wp\/v2\/product\/14638","targetHints":{"allow":["GET"]}}],"collection":[{"href":"https:\/\/dibosch.com\/es\/wp-json\/wp\/v2\/product"}],"about":[{"href":"https:\/\/dibosch.com\/es\/wp-json\/wp\/v2\/types\/product"}],"replies":[{"embeddable":true,"href":"https:\/\/dibosch.com\/es\/wp-json\/wp\/v2\/comments?post=14638"}],"wp:featuredmedia":[{"embeddable":true,"href":"https:\/\/dibosch.com\/es\/wp-json\/wp\/v2\/media\/24974"}],"wp:attachment":[{"href":"https:\/\/dibosch.com\/es\/wp-json\/wp\/v2\/media?parent=14638"}],"wp:term":[{"taxonomy":"product_brand","embeddable":true,"href":"https:\/\/dibosch.com\/es\/wp-json\/wp\/v2\/product_brand?post=14638"},{"taxonomy":"product_cat","embeddable":true,"href":"https:\/\/dibosch.com\/es\/wp-json\/wp\/v2\/product_cat?post=14638"},{"taxonomy":"product_tag","embeddable":true,"href":"https:\/\/dibosch.com\/es\/wp-json\/wp\/v2\/product_tag?post=14638"},{"taxonomy":"marcas","embeddable":true,"href":"https:\/\/dibosch.com\/es\/wp-json\/wp\/v2\/marcas?post=14638"},{"taxonomy":"certificats","embeddable":true,"href":"https:\/\/dibosch.com\/es\/wp-json\/wp\/v2\/certificats?post=14638"},{"taxonomy":"caracteristiques","embeddable":true,"href":"https:\/\/dibosch.com\/es\/wp-json\/wp\/v2\/caracteristiques?post=14638"},{"taxonomy":"tipus-productes","embeddable":true,"href":"https:\/\/dibosch.com\/es\/wp-json\/wp\/v2\/tipus-productes?post=14638"},{"taxonomy":"zona-aplicacio","embeddable":true,"href":"https:\/\/dibosch.com\/es\/wp-json\/wp\/v2\/zona-aplicacio?post=14638"},{"taxonomy":"tipus-maquinaria","embeddable":true,"href":"https:\/\/dibosch.com\/es\/wp-json\/wp\/v2\/tipus-maquinaria?post=14638"}],"curies":[{"name":"wp","href":"https:\/\/api.w.org\/{rel}","templated":true}]}}