{"id":14639,"date":"2022-12-07T11:25:51","date_gmt":"2022-12-07T11:25:51","guid":{"rendered":"https:\/\/www.dibosch.com\/producto\/carro-nick-plus-80-0p066519\/"},"modified":"2023-08-23T07:59:50","modified_gmt":"2023-08-23T07:59:50","slug":"carro-nick-plus-80-0p066519","status":"publish","type":"product","link":"https:\/\/dibosch.com\/es\/producto\/carro-nick-plus-80-0p066519\/","title":{"rendered":"CARRO NICK PLUS 80 -0P066519- &#8211; TTS"},"content":{"rendered":"<p><strong>Caracter\u00edsticas del producto:<\/strong><\/p>\n<p>Carro con cubo 28 L para el fregado con separador y cubos 4 L<\/p>\n<p>Carro multiuso para el fregado con prensa ergon\u00f3mica de rodillo y compartimentos de almacenamiento<\/p>\n<p>Ideal para limpiar entornos medianos y peque\u00f1os que necesitan aclarar la mopa<\/p>\n<p>Ergon\u00f3mico: el escurrido con rodillo permite una reducci\u00f3n del 30% del esfuerzo en comparaci\u00f3n con las prensas tradicionales<\/p>\n<p>Eficaz: el mecanismo de escurrido mantiene constante la humedad de la mopa, eliminando la subjetividad del operario<\/p>\n","protected":false},"excerpt":{"rendered":"<p>Caracter\u00edsticas del producto: Carro con cubo 28 L para el fregado con separador y cubos 4 L Carro multiuso para el fregado con prensa ergon\u00f3mica de rodillo y compartimentos de almacenamiento Ideal para limpiar entornos medianos y peque\u00f1os que necesitan aclarar la mopa Ergon\u00f3mico: el escurrido con rodillo permite una reducci\u00f3n del 30% del esfuerzo [&hellip;]<\/p>\n","protected":false},"featured_media":23414,"comment_status":"closed","ping_status":"closed","template":"","meta":[],"product_brand":[],"product_cat":[685,705,684],"product_tag":[],"marcas":[917],"certificats":[],"caracteristiques":[],"tipus-productes":[],"zona-aplicacio":[],"tipus-maquinaria":[],"class_list":{"0":"post-14639","1":"product","2":"type-product","3":"status-publish","4":"has-post-thumbnail","6":"product_cat-carros-es","7":"product_cat-carros-de-limpieza","8":"product_cat-utiles-de-limpieza","9":"marcas-tts-es","11":"first","12":"instock","13":"product-type-simple"},"_links":{"self":[{"href":"https:\/\/dibosch.com\/es\/wp-json\/wp\/v2\/product\/14639","targetHints":{"allow":["GET"]}}],"collection":[{"href":"https:\/\/dibosch.com\/es\/wp-json\/wp\/v2\/product"}],"about":[{"href":"https:\/\/dibosch.com\/es\/wp-json\/wp\/v2\/types\/product"}],"replies":[{"embeddable":true,"href":"https:\/\/dibosch.com\/es\/wp-json\/wp\/v2\/comments?post=14639"}],"wp:featuredmedia":[{"embeddable":true,"href":"https:\/\/dibosch.com\/es\/wp-json\/wp\/v2\/media\/23414"}],"wp:attachment":[{"href":"https:\/\/dibosch.com\/es\/wp-json\/wp\/v2\/media?parent=14639"}],"wp:term":[{"taxonomy":"product_brand","embeddable":true,"href":"https:\/\/dibosch.com\/es\/wp-json\/wp\/v2\/product_brand?post=14639"},{"taxonomy":"product_cat","embeddable":true,"href":"https:\/\/dibosch.com\/es\/wp-json\/wp\/v2\/product_cat?post=14639"},{"taxonomy":"product_tag","embeddable":true,"href":"https:\/\/dibosch.com\/es\/wp-json\/wp\/v2\/product_tag?post=14639"},{"taxonomy":"marcas","embeddable":true,"href":"https:\/\/dibosch.com\/es\/wp-json\/wp\/v2\/marcas?post=14639"},{"taxonomy":"certificats","embeddable":true,"href":"https:\/\/dibosch.com\/es\/wp-json\/wp\/v2\/certificats?post=14639"},{"taxonomy":"caracteristiques","embeddable":true,"href":"https:\/\/dibosch.com\/es\/wp-json\/wp\/v2\/caracteristiques?post=14639"},{"taxonomy":"tipus-productes","embeddable":true,"href":"https:\/\/dibosch.com\/es\/wp-json\/wp\/v2\/tipus-productes?post=14639"},{"taxonomy":"zona-aplicacio","embeddable":true,"href":"https:\/\/dibosch.com\/es\/wp-json\/wp\/v2\/zona-aplicacio?post=14639"},{"taxonomy":"tipus-maquinaria","embeddable":true,"href":"https:\/\/dibosch.com\/es\/wp-json\/wp\/v2\/tipus-maquinaria?post=14639"}],"curies":[{"name":"wp","href":"https:\/\/api.w.org\/{rel}","templated":true}]}}