{"id":14647,"date":"2022-12-07T11:23:38","date_gmt":"2022-12-07T11:23:38","guid":{"rendered":"https:\/\/www.dibosch.com\/producto\/rull-baieta-azul\/"},"modified":"2023-07-10T11:08:47","modified_gmt":"2023-07-10T11:08:47","slug":"rull-bayeta-azul","status":"publish","type":"product","link":"https:\/\/dibosch.com\/es\/producto\/rull-bayeta-azul\/","title":{"rendered":"ROLLO BAIETA AZUL"},"content":{"rendered":"<p><strong>Descripci\u00f3n de producto:<\/strong><\/p>\n<p>Bayeta de punto en rollo, compuesta por tejido doble (80% algod\u00f3n y 20% fibra), consiguiendo as\u00ed un gran poder de absorci\u00f3n, delicada con las superficies, gran resistencia en el arrastre de suciedades y, m\u00e1xima duraci\u00f3n.<\/p>\n<p>Peso: 3kg. Medidas: 320mmx18\/20m. Bayeta punto en rollo 20m<\/p>\n<p>&nbsp;<\/p>\n<p><strong>\u00c1rea de aplicaci\u00f3n:<\/strong><\/p>\n<p>Dispuesta en rollo y de color azul, recomendada tanto para limpieza en seco o en h\u00famedo de las diferentes zonas de trabajo<\/p>\n<p>Es preferible su uso sin ning\u00fan producto qu\u00edmico, aunque si fuese necesario, la bayeta es capaz de soportarlos sin alterarse<\/p>\n","protected":false},"excerpt":{"rendered":"<p>Rollo bayeta azul de algod\u00f3n, 3kg<\/p>\n","protected":false},"featured_media":21668,"comment_status":"closed","ping_status":"closed","template":"","meta":[],"product_brand":[],"product_cat":[753,713,684],"product_tag":[],"marcas":[],"certificats":[],"caracteristiques":[],"tipus-productes":[],"zona-aplicacio":[],"tipus-maquinaria":[],"class_list":{"0":"post-14647","1":"product","2":"type-product","3":"status-publish","4":"has-post-thumbnail","6":"product_cat-bayetas-y-panos","7":"product_cat-utensilios","8":"product_cat-utiles-de-limpieza","10":"first","11":"instock","12":"product-type-simple"},"_links":{"self":[{"href":"https:\/\/dibosch.com\/es\/wp-json\/wp\/v2\/product\/14647","targetHints":{"allow":["GET"]}}],"collection":[{"href":"https:\/\/dibosch.com\/es\/wp-json\/wp\/v2\/product"}],"about":[{"href":"https:\/\/dibosch.com\/es\/wp-json\/wp\/v2\/types\/product"}],"replies":[{"embeddable":true,"href":"https:\/\/dibosch.com\/es\/wp-json\/wp\/v2\/comments?post=14647"}],"wp:featuredmedia":[{"embeddable":true,"href":"https:\/\/dibosch.com\/es\/wp-json\/wp\/v2\/media\/21668"}],"wp:attachment":[{"href":"https:\/\/dibosch.com\/es\/wp-json\/wp\/v2\/media?parent=14647"}],"wp:term":[{"taxonomy":"product_brand","embeddable":true,"href":"https:\/\/dibosch.com\/es\/wp-json\/wp\/v2\/product_brand?post=14647"},{"taxonomy":"product_cat","embeddable":true,"href":"https:\/\/dibosch.com\/es\/wp-json\/wp\/v2\/product_cat?post=14647"},{"taxonomy":"product_tag","embeddable":true,"href":"https:\/\/dibosch.com\/es\/wp-json\/wp\/v2\/product_tag?post=14647"},{"taxonomy":"marcas","embeddable":true,"href":"https:\/\/dibosch.com\/es\/wp-json\/wp\/v2\/marcas?post=14647"},{"taxonomy":"certificats","embeddable":true,"href":"https:\/\/dibosch.com\/es\/wp-json\/wp\/v2\/certificats?post=14647"},{"taxonomy":"caracteristiques","embeddable":true,"href":"https:\/\/dibosch.com\/es\/wp-json\/wp\/v2\/caracteristiques?post=14647"},{"taxonomy":"tipus-productes","embeddable":true,"href":"https:\/\/dibosch.com\/es\/wp-json\/wp\/v2\/tipus-productes?post=14647"},{"taxonomy":"zona-aplicacio","embeddable":true,"href":"https:\/\/dibosch.com\/es\/wp-json\/wp\/v2\/zona-aplicacio?post=14647"},{"taxonomy":"tipus-maquinaria","embeddable":true,"href":"https:\/\/dibosch.com\/es\/wp-json\/wp\/v2\/tipus-maquinaria?post=14647"}],"curies":[{"name":"wp","href":"https:\/\/api.w.org\/{rel}","templated":true}]}}