{"id":14650,"date":"2022-12-07T11:26:31","date_gmt":"2022-12-07T11:26:31","guid":{"rendered":"https:\/\/www.dibosch.com\/producto\/m-comac-carpet-limpia-moquetas-espuma-seca\/"},"modified":"2022-12-20T12:29:57","modified_gmt":"2022-12-20T12:29:57","slug":"m-comac-carpet-limpieza-moquetas-espuma-seca","status":"publish","type":"product","link":"https:\/\/dibosch.com\/es\/producto\/m-comac-carpet-limpieza-moquetas-espuma-seca\/","title":{"rendered":"M- COMAC CARPET limpia moquetas espuma seca"},"content":{"rendered":"<p>La barredora COMAC CS60 B moqueta es un modelo de hombre a bordo con ancho de trabajo de 60 cm con el cepillo central y de 100 con los laterales.<\/p>\n<p>El nuevo dise\u00f1o de Comac se ha realizado desde una perspectiva de ofrecer comodidad tanto en el uso como en la visibilidad de toda el \u00e1rea de maniobra y de trabajo. Es una barredora para espacios interiores como exteriores ofreciendo excelentes resultados de limpieza, tambi\u00e9n sobre moqueta.<\/p>\n<p>La CS60 moqueta est\u00e1 disponible con bater\u00edas el modelo B con cepillos y filtrajes espec\u00edficos por la limpieza de la moqueta.<\/p>\n","protected":false},"excerpt":{"rendered":"<p>Equipo el\u00e9ctrico de espuma seca. Dep\u00f3sito de soluci\u00f3n de 2 l. Incluye compresor para generar la espuma y aspiradora para la aspiraci\u00f3n.<\/p>\n","protected":false},"featured_media":30092,"comment_status":"closed","ping_status":"closed","template":"","meta":[],"product_brand":[],"product_cat":[577,1329,1330,722],"product_tag":[],"marcas":[916],"certificats":[],"caracteristiques":[],"tipus-productes":[],"zona-aplicacio":[952],"tipus-maquinaria":[],"class_list":{"0":"post-14650","1":"product","2":"type-product","3":"status-publish","4":"has-post-thumbnail","6":"product_cat-maquinas","7":"product_cat-aspirador-liquidos-industriales","8":"product_cat-aspirador-industrial-sin-cable","9":"product_cat-maquinas-especificas-de-limpieza","10":"marcas-comac-es","11":"zona-aplicacio-moqueta-y-tejidos","13":"first","14":"instock","15":"product-type-simple"},"_links":{"self":[{"href":"https:\/\/dibosch.com\/es\/wp-json\/wp\/v2\/product\/14650","targetHints":{"allow":["GET"]}}],"collection":[{"href":"https:\/\/dibosch.com\/es\/wp-json\/wp\/v2\/product"}],"about":[{"href":"https:\/\/dibosch.com\/es\/wp-json\/wp\/v2\/types\/product"}],"replies":[{"embeddable":true,"href":"https:\/\/dibosch.com\/es\/wp-json\/wp\/v2\/comments?post=14650"}],"wp:featuredmedia":[{"embeddable":true,"href":"https:\/\/dibosch.com\/es\/wp-json\/wp\/v2\/media\/30092"}],"wp:attachment":[{"href":"https:\/\/dibosch.com\/es\/wp-json\/wp\/v2\/media?parent=14650"}],"wp:term":[{"taxonomy":"product_brand","embeddable":true,"href":"https:\/\/dibosch.com\/es\/wp-json\/wp\/v2\/product_brand?post=14650"},{"taxonomy":"product_cat","embeddable":true,"href":"https:\/\/dibosch.com\/es\/wp-json\/wp\/v2\/product_cat?post=14650"},{"taxonomy":"product_tag","embeddable":true,"href":"https:\/\/dibosch.com\/es\/wp-json\/wp\/v2\/product_tag?post=14650"},{"taxonomy":"marcas","embeddable":true,"href":"https:\/\/dibosch.com\/es\/wp-json\/wp\/v2\/marcas?post=14650"},{"taxonomy":"certificats","embeddable":true,"href":"https:\/\/dibosch.com\/es\/wp-json\/wp\/v2\/certificats?post=14650"},{"taxonomy":"caracteristiques","embeddable":true,"href":"https:\/\/dibosch.com\/es\/wp-json\/wp\/v2\/caracteristiques?post=14650"},{"taxonomy":"tipus-productes","embeddable":true,"href":"https:\/\/dibosch.com\/es\/wp-json\/wp\/v2\/tipus-productes?post=14650"},{"taxonomy":"zona-aplicacio","embeddable":true,"href":"https:\/\/dibosch.com\/es\/wp-json\/wp\/v2\/zona-aplicacio?post=14650"},{"taxonomy":"tipus-maquinaria","embeddable":true,"href":"https:\/\/dibosch.com\/es\/wp-json\/wp\/v2\/tipus-maquinaria?post=14650"}],"curies":[{"name":"wp","href":"https:\/\/api.w.org\/{rel}","templated":true}]}}