{"id":14672,"date":"2022-12-07T11:27:41","date_gmt":"2022-12-07T11:27:41","guid":{"rendered":"https:\/\/www.dibosch.com\/producto\/m-aspirador-mtl-202ds-nomex-oven-kit\/"},"modified":"2024-07-04T08:07:17","modified_gmt":"2024-07-04T08:07:17","slug":"m-aspirador-mtl-202dsnomex-oven-kit","status":"publish","type":"product","link":"https:\/\/dibosch.com\/es\/producto\/m-aspirador-mtl-202dsnomex-oven-kit\/","title":{"rendered":"ASPIRADOR MTL 202DS \u00abNOMEX\u00bb + OVEN KIT"},"content":{"rendered":"<p>El aspirador industrial 202 DS DUSTOP es el best seller de la l\u00ednea Delfin. 2 motores monof\u00e1sicos, filtros clase M con un \u00e1rea de superficie muy grande y una maniobrabilidad extrema hacen del aspirador 202 DS la soluci\u00f3n de aspiraci\u00f3n ideal para aspirar polvos en cualquier tipo de laboratorio o planta de producci\u00f3n.<br \/>\nGracias al sistema DUSTOP para limpiar el filtro por presi\u00f3n diferencial, el aspirador garantiza siempre el m\u00e1ximo rendimiento.<br \/>\nLa posibilidad de utilizar bolsas desechables y kit de accesorios incluido, lo convierten en algo simple de usar para el operador.<\/p>\n","protected":false},"excerpt":{"rendered":"<p>El aspirador industrial 202 DS DUSTOP es el best seller de la l\u00ednea Delfin. 2 motores monof\u00e1sicos, filtros clase M con un \u00e1rea de superficie muy grande y una maniobrabilidad extrema hacen del aspirador 202 DS la soluci\u00f3n de aspiraci\u00f3n ideal para aspirar polvos en cualquier tipo de laboratorio o planta de producci\u00f3n. Gracias al [&hellip;]<\/p>\n","protected":false},"featured_media":24670,"comment_status":"closed","ping_status":"closed","template":"","meta":[],"product_brand":[],"product_cat":[1355,1192,1165,1184,1188,578,577],"product_tag":[],"marcas":[],"certificats":[],"caracteristiques":[],"tipus-productes":[],"zona-aplicacio":[],"tipus-maquinaria":[],"class_list":{"0":"post-14672","1":"product","2":"type-product","3":"status-publish","4":"has-post-thumbnail","6":"product_cat-aspirador-industrial-neumatico","7":"product_cat-aspirador-industrial-obras","8":"product_cat-aspirador-de-polvo-liquido-industrial","9":"product_cat-aspirador-hornos-panaderia","10":"product_cat-aspiradores-delfin","11":"product_cat-aspiradores-industriales","12":"product_cat-maquinas","14":"first","15":"instock","16":"product-type-simple"},"_links":{"self":[{"href":"https:\/\/dibosch.com\/es\/wp-json\/wp\/v2\/product\/14672","targetHints":{"allow":["GET"]}}],"collection":[{"href":"https:\/\/dibosch.com\/es\/wp-json\/wp\/v2\/product"}],"about":[{"href":"https:\/\/dibosch.com\/es\/wp-json\/wp\/v2\/types\/product"}],"replies":[{"embeddable":true,"href":"https:\/\/dibosch.com\/es\/wp-json\/wp\/v2\/comments?post=14672"}],"wp:featuredmedia":[{"embeddable":true,"href":"https:\/\/dibosch.com\/es\/wp-json\/wp\/v2\/media\/24670"}],"wp:attachment":[{"href":"https:\/\/dibosch.com\/es\/wp-json\/wp\/v2\/media?parent=14672"}],"wp:term":[{"taxonomy":"product_brand","embeddable":true,"href":"https:\/\/dibosch.com\/es\/wp-json\/wp\/v2\/product_brand?post=14672"},{"taxonomy":"product_cat","embeddable":true,"href":"https:\/\/dibosch.com\/es\/wp-json\/wp\/v2\/product_cat?post=14672"},{"taxonomy":"product_tag","embeddable":true,"href":"https:\/\/dibosch.com\/es\/wp-json\/wp\/v2\/product_tag?post=14672"},{"taxonomy":"marcas","embeddable":true,"href":"https:\/\/dibosch.com\/es\/wp-json\/wp\/v2\/marcas?post=14672"},{"taxonomy":"certificats","embeddable":true,"href":"https:\/\/dibosch.com\/es\/wp-json\/wp\/v2\/certificats?post=14672"},{"taxonomy":"caracteristiques","embeddable":true,"href":"https:\/\/dibosch.com\/es\/wp-json\/wp\/v2\/caracteristiques?post=14672"},{"taxonomy":"tipus-productes","embeddable":true,"href":"https:\/\/dibosch.com\/es\/wp-json\/wp\/v2\/tipus-productes?post=14672"},{"taxonomy":"zona-aplicacio","embeddable":true,"href":"https:\/\/dibosch.com\/es\/wp-json\/wp\/v2\/zona-aplicacio?post=14672"},{"taxonomy":"tipus-maquinaria","embeddable":true,"href":"https:\/\/dibosch.com\/es\/wp-json\/wp\/v2\/tipus-maquinaria?post=14672"}],"curies":[{"name":"wp","href":"https:\/\/api.w.org\/{rel}","templated":true}]}}