{"id":14676,"date":"2022-12-07T11:27:35","date_gmt":"2022-12-07T11:27:35","guid":{"rendered":"https:\/\/www.dibosch.com\/producto\/m-barra-comac-cs60b-2sl\/"},"modified":"2024-10-07T15:07:01","modified_gmt":"2024-10-07T15:07:01","slug":"m-barredora-comac-cs60b-2sl","status":"publish","type":"product","link":"https:\/\/dibosch.com\/es\/producto\/m-barredora-comac-cs60b-2sl\/","title":{"rendered":"BARREDORA COMAC CS60B 2SL &#8211; COMAC"},"content":{"rendered":"<p>La CS60 es una <a href=\"https:\/\/dibosch.com\/es\/maquinas\/barredora\/\">maquinas barredoras industrial<\/a> hombre a bordo extremadamente compacta y vers\u00e1til, dise\u00f1ada para ofrecer respuesta a las m\u00e1s variadas necesidades de limpieza. Se trata de una barredora que ofrece una gran productividad, adem\u00e1s de ser ecol\u00f3gica y reducir el consumo, gracias a la versi\u00f3n Hybrid.<\/p>\n<p>La CS60 est\u00e1 disponible en dos versiones: La CS60 B alimentada con bater\u00eda, ideal para la limpieza de superficies de hasta 8000 m2, y la CS60 Hybrid que utiliza una alimentaci\u00f3n combinada de motor de gasolina y bater\u00edas para duplicar la autonom\u00eda de trabajo y cubrir hasta 15000 m2.<\/p>\n<p>Caracterizada por sus dimensiones reducidas y su gran manejabilidad, la CS60 de Comac es especialmente adecuada para superficies exteriores y el interior de ambientes industriales, almacenes, aparcamientos, as\u00ed como para los sectores HoReCa, p\u00fablico, log\u00edstico y de la artesan\u00eda.<\/p>\n","protected":false},"excerpt":{"rendered":"<p>La CS60 es una maquinas barredoras industrial hombre a bordo extremadamente compacta y vers\u00e1til, dise\u00f1ada para ofrecer respuesta a las m\u00e1s variadas necesidades de limpieza. Se trata de una barredora que ofrece una gran productividad, adem\u00e1s de ser ecol\u00f3gica y reducir el consumo, gracias a la versi\u00f3n Hybrid. La CS60 est\u00e1 disponible en dos versiones: [&hellip;]<\/p>\n","protected":false},"featured_media":24610,"comment_status":"closed","ping_status":"closed","template":"","meta":[],"product_brand":[],"product_cat":[1162,747,1078,731,577],"product_tag":[],"marcas":[],"certificats":[],"caracteristiques":[],"tipus-productes":[],"zona-aplicacio":[],"tipus-maquinaria":[],"class_list":{"0":"post-14676","1":"product","2":"type-product","3":"status-publish","4":"has-post-thumbnail","6":"product_cat-barredoras-industriales-electricas","7":"product_cat-barredoras-a-bordo","8":"product_cat-barredoras-industriales-de-segunda-mano","9":"product_cat-baterias","10":"product_cat-maquinas","12":"first","13":"instock","14":"product-type-simple"},"_links":{"self":[{"href":"https:\/\/dibosch.com\/es\/wp-json\/wp\/v2\/product\/14676","targetHints":{"allow":["GET"]}}],"collection":[{"href":"https:\/\/dibosch.com\/es\/wp-json\/wp\/v2\/product"}],"about":[{"href":"https:\/\/dibosch.com\/es\/wp-json\/wp\/v2\/types\/product"}],"replies":[{"embeddable":true,"href":"https:\/\/dibosch.com\/es\/wp-json\/wp\/v2\/comments?post=14676"}],"wp:featuredmedia":[{"embeddable":true,"href":"https:\/\/dibosch.com\/es\/wp-json\/wp\/v2\/media\/24610"}],"wp:attachment":[{"href":"https:\/\/dibosch.com\/es\/wp-json\/wp\/v2\/media?parent=14676"}],"wp:term":[{"taxonomy":"product_brand","embeddable":true,"href":"https:\/\/dibosch.com\/es\/wp-json\/wp\/v2\/product_brand?post=14676"},{"taxonomy":"product_cat","embeddable":true,"href":"https:\/\/dibosch.com\/es\/wp-json\/wp\/v2\/product_cat?post=14676"},{"taxonomy":"product_tag","embeddable":true,"href":"https:\/\/dibosch.com\/es\/wp-json\/wp\/v2\/product_tag?post=14676"},{"taxonomy":"marcas","embeddable":true,"href":"https:\/\/dibosch.com\/es\/wp-json\/wp\/v2\/marcas?post=14676"},{"taxonomy":"certificats","embeddable":true,"href":"https:\/\/dibosch.com\/es\/wp-json\/wp\/v2\/certificats?post=14676"},{"taxonomy":"caracteristiques","embeddable":true,"href":"https:\/\/dibosch.com\/es\/wp-json\/wp\/v2\/caracteristiques?post=14676"},{"taxonomy":"tipus-productes","embeddable":true,"href":"https:\/\/dibosch.com\/es\/wp-json\/wp\/v2\/tipus-productes?post=14676"},{"taxonomy":"zona-aplicacio","embeddable":true,"href":"https:\/\/dibosch.com\/es\/wp-json\/wp\/v2\/zona-aplicacio?post=14676"},{"taxonomy":"tipus-maquinaria","embeddable":true,"href":"https:\/\/dibosch.com\/es\/wp-json\/wp\/v2\/tipus-maquinaria?post=14676"}],"curies":[{"name":"wp","href":"https:\/\/api.w.org\/{rel}","templated":true}]}}