{"id":14678,"date":"2022-12-07T11:28:32","date_gmt":"2022-12-07T11:28:32","guid":{"rendered":"https:\/\/www.dibosch.com\/producto\/wall-bracket-hh2v-purple\/"},"modified":"2023-08-10T11:32:19","modified_gmt":"2023-08-10T11:32:19","slug":"wall-bracket-hh2v-purple","status":"publish","type":"product","link":"https:\/\/dibosch.com\/es\/producto\/wall-bracket-hh2v-purple\/","title":{"rendered":"WALL BRACKET HH2V PURPLE &#8211; HILLBRUSH"},"content":{"rendered":"<p><strong>Caracter\u00edsticas del producto:<\/strong><\/p>\n<p>Soporte de pared de pl\u00e1stico para colgar el HH1 a 90\u00b0 de la pared para usarlo si se desea, o plano contra la pared para guardarlo o para guardar el cubo MBK15.<\/p>\n<p>Dimensiones aproximadas, 83mm ancho x 108mm fondo x 121mm exterior.<\/p>\n<p>Las ranuras tipo ojo de cerradura permiten una f\u00e1cil instalaci\u00f3n y extracci\u00f3n.<\/p>\n<p>Los tornillos de fijaci\u00f3n no est\u00e1n incluidos.<\/p>\n","protected":false},"excerpt":{"rendered":"<p>Caracter\u00edsticas del producto: Soporte de pared de pl\u00e1stico para colgar el HH1 a 90\u00b0 de la pared para usarlo si se desea, o plano contra la pared para guardarlo o para guardar el cubo MBK15. Dimensiones aproximadas, 83mm ancho x 108mm fondo x 121mm exterior. Las ranuras tipo ojo de cerradura permiten una f\u00e1cil instalaci\u00f3n [&hellip;]<\/p>\n","protected":false},"featured_media":22903,"comment_status":"closed","ping_status":"closed","template":"","meta":[],"product_brand":[],"product_cat":[713,764],"product_tag":[],"marcas":[],"certificats":[],"caracteristiques":[],"tipus-productes":[],"zona-aplicacio":[],"tipus-maquinaria":[],"class_list":{"0":"post-14678","1":"product","2":"type-product","3":"status-publish","4":"has-post-thumbnail","6":"product_cat-utensilios","7":"product_cat-utiles-especificos","9":"first","10":"instock","11":"product-type-simple"},"_links":{"self":[{"href":"https:\/\/dibosch.com\/es\/wp-json\/wp\/v2\/product\/14678","targetHints":{"allow":["GET"]}}],"collection":[{"href":"https:\/\/dibosch.com\/es\/wp-json\/wp\/v2\/product"}],"about":[{"href":"https:\/\/dibosch.com\/es\/wp-json\/wp\/v2\/types\/product"}],"replies":[{"embeddable":true,"href":"https:\/\/dibosch.com\/es\/wp-json\/wp\/v2\/comments?post=14678"}],"wp:featuredmedia":[{"embeddable":true,"href":"https:\/\/dibosch.com\/es\/wp-json\/wp\/v2\/media\/22903"}],"wp:attachment":[{"href":"https:\/\/dibosch.com\/es\/wp-json\/wp\/v2\/media?parent=14678"}],"wp:term":[{"taxonomy":"product_brand","embeddable":true,"href":"https:\/\/dibosch.com\/es\/wp-json\/wp\/v2\/product_brand?post=14678"},{"taxonomy":"product_cat","embeddable":true,"href":"https:\/\/dibosch.com\/es\/wp-json\/wp\/v2\/product_cat?post=14678"},{"taxonomy":"product_tag","embeddable":true,"href":"https:\/\/dibosch.com\/es\/wp-json\/wp\/v2\/product_tag?post=14678"},{"taxonomy":"marcas","embeddable":true,"href":"https:\/\/dibosch.com\/es\/wp-json\/wp\/v2\/marcas?post=14678"},{"taxonomy":"certificats","embeddable":true,"href":"https:\/\/dibosch.com\/es\/wp-json\/wp\/v2\/certificats?post=14678"},{"taxonomy":"caracteristiques","embeddable":true,"href":"https:\/\/dibosch.com\/es\/wp-json\/wp\/v2\/caracteristiques?post=14678"},{"taxonomy":"tipus-productes","embeddable":true,"href":"https:\/\/dibosch.com\/es\/wp-json\/wp\/v2\/tipus-productes?post=14678"},{"taxonomy":"zona-aplicacio","embeddable":true,"href":"https:\/\/dibosch.com\/es\/wp-json\/wp\/v2\/zona-aplicacio?post=14678"},{"taxonomy":"tipus-maquinaria","embeddable":true,"href":"https:\/\/dibosch.com\/es\/wp-json\/wp\/v2\/tipus-maquinaria?post=14678"}],"curies":[{"name":"wp","href":"https:\/\/api.w.org\/{rel}","templated":true}]}}