{"id":14683,"date":"2022-12-07T11:27:35","date_gmt":"2022-12-07T11:27:35","guid":{"rendered":"https:\/\/www.dibosch.com\/producto\/carro-green-150-dry-0b063150\/"},"modified":"2023-08-23T07:47:28","modified_gmt":"2023-08-23T07:47:28","slug":"carro-green-150-dry-0b063150","status":"publish","type":"product","link":"https:\/\/dibosch.com\/es\/producto\/carro-green-150-dry-0b063150\/","title":{"rendered":"CARRO GREEN 150 DRY -0B063150- &#8211; TTS"},"content":{"rendered":"<p><strong>Caracter\u00edsticas del producto:<\/strong><\/p>\n<p>Carro Janitorial con base peque\u00f1a, ruedas de \u00f8 100 mm y montantes de metal barnizado Rilsan<\/p>\n<p>Carro multiuso en polipropileno y metal, modular y con accesorios para responder a todas las necesidades de limpieza<\/p>\n<p>Ideal para limpiar entornos medianos y grandes donde se necesita aclarar el recambio y con problemas de espacio, gracias al soporte de bolsa plegable<\/p>\n<p>Larga duraci\u00f3n: prensa dise\u00f1ada para un largo ciclo de vida, el mejor vendido de TTS por m\u00e1s de 20 a\u00f1os<\/p>\n<p>Eficaz: prensa dise\u00f1ada con un mecanismo que lleva los labios al fondo asegurando el rendimiento sin la necesidad de reductores<\/p>\n<p>Robusto: el polipropileno, naturalmente inoxidable y el\u00e1stico, garantiza el rendimiento a prueba de golpes<\/p>\n","protected":false},"excerpt":{"rendered":"<p>Caracter\u00edsticas del producto: Carro Janitorial con base peque\u00f1a, ruedas de \u00f8 100 mm y montantes de metal barnizado Rilsan Carro multiuso en polipropileno y metal, modular y con accesorios para responder a todas las necesidades de limpieza Ideal para limpiar entornos medianos y grandes donde se necesita aclarar el recambio y con problemas de espacio, [&hellip;]<\/p>\n","protected":false},"featured_media":23405,"comment_status":"closed","ping_status":"closed","template":"","meta":[],"product_brand":[],"product_cat":[685,705,684],"product_tag":[],"marcas":[917],"certificats":[],"caracteristiques":[],"tipus-productes":[],"zona-aplicacio":[],"tipus-maquinaria":[],"class_list":{"0":"post-14683","1":"product","2":"type-product","3":"status-publish","4":"has-post-thumbnail","6":"product_cat-carros-es","7":"product_cat-carros-de-limpieza","8":"product_cat-utiles-de-limpieza","9":"marcas-tts-es","11":"first","12":"instock","13":"product-type-simple"},"_links":{"self":[{"href":"https:\/\/dibosch.com\/es\/wp-json\/wp\/v2\/product\/14683","targetHints":{"allow":["GET"]}}],"collection":[{"href":"https:\/\/dibosch.com\/es\/wp-json\/wp\/v2\/product"}],"about":[{"href":"https:\/\/dibosch.com\/es\/wp-json\/wp\/v2\/types\/product"}],"replies":[{"embeddable":true,"href":"https:\/\/dibosch.com\/es\/wp-json\/wp\/v2\/comments?post=14683"}],"wp:featuredmedia":[{"embeddable":true,"href":"https:\/\/dibosch.com\/es\/wp-json\/wp\/v2\/media\/23405"}],"wp:attachment":[{"href":"https:\/\/dibosch.com\/es\/wp-json\/wp\/v2\/media?parent=14683"}],"wp:term":[{"taxonomy":"product_brand","embeddable":true,"href":"https:\/\/dibosch.com\/es\/wp-json\/wp\/v2\/product_brand?post=14683"},{"taxonomy":"product_cat","embeddable":true,"href":"https:\/\/dibosch.com\/es\/wp-json\/wp\/v2\/product_cat?post=14683"},{"taxonomy":"product_tag","embeddable":true,"href":"https:\/\/dibosch.com\/es\/wp-json\/wp\/v2\/product_tag?post=14683"},{"taxonomy":"marcas","embeddable":true,"href":"https:\/\/dibosch.com\/es\/wp-json\/wp\/v2\/marcas?post=14683"},{"taxonomy":"certificats","embeddable":true,"href":"https:\/\/dibosch.com\/es\/wp-json\/wp\/v2\/certificats?post=14683"},{"taxonomy":"caracteristiques","embeddable":true,"href":"https:\/\/dibosch.com\/es\/wp-json\/wp\/v2\/caracteristiques?post=14683"},{"taxonomy":"tipus-productes","embeddable":true,"href":"https:\/\/dibosch.com\/es\/wp-json\/wp\/v2\/tipus-productes?post=14683"},{"taxonomy":"zona-aplicacio","embeddable":true,"href":"https:\/\/dibosch.com\/es\/wp-json\/wp\/v2\/zona-aplicacio?post=14683"},{"taxonomy":"tipus-maquinaria","embeddable":true,"href":"https:\/\/dibosch.com\/es\/wp-json\/wp\/v2\/tipus-maquinaria?post=14683"}],"curies":[{"name":"wp","href":"https:\/\/api.w.org\/{rel}","templated":true}]}}