{"id":14712,"date":"2022-12-07T11:29:05","date_gmt":"2022-12-07T11:29:05","guid":{"rendered":"https:\/\/www.dibosch.com\/producto\/m-aspirador-atom-backpack-fv9\/"},"modified":"2024-07-04T08:01:25","modified_gmt":"2024-07-04T08:01:25","slug":"m-aspirador-atom-backpack-fv9","status":"publish","type":"product","link":"https:\/\/dibosch.com\/es\/producto\/m-aspirador-atom-backpack-fv9\/","title":{"rendered":"ASPIRADOR ATOM BACKPACK FV9"},"content":{"rendered":"<p>El aspirador TMB ATOM backpack es un aspirador de mochila muy c\u00f3modo y pr\u00e1ctico de utilizar. Producto especialmente recomendado para trabajar en espacios peque\u00f1os donde no se pueden usar los aspiradores comunes como por ejemplo en trenes, aviones, cines, teatros, etc. ATOM backpack es muy confortable de llevar, ergon\u00f3mico y dotado de hombros almohadillados. Lleva un cintur\u00f3n para llevar accesorios para facilitar las tareas de limpieza.<\/p>\n","protected":false},"excerpt":{"rendered":"<p>Potencia 700 W | Capacidad 4 l |Nivel sonoro 76dB| Peso 6,8 kg | Pulso<\/p>\n","protected":false},"featured_media":11512,"comment_status":"closed","ping_status":"closed","template":"","meta":[],"product_brand":[],"product_cat":[1329,1194,1354,1330,769,577],"product_tag":[],"marcas":[],"certificats":[],"caracteristiques":[],"tipus-productes":[],"zona-aplicacio":[],"tipus-maquinaria":[],"class_list":{"0":"post-14712","1":"product","2":"type-product","3":"status-publish","4":"has-post-thumbnail","6":"product_cat-aspirador-liquidos-industriales","7":"product_cat-aspirador-industrial-bateria","8":"product_cat-aspirador-industrial-moquetas","9":"product_cat-aspirador-industrial-sin-cable","10":"product_cat-aspiradores-profesionales","11":"product_cat-maquinas","13":"first","14":"instock","15":"product-type-simple"},"_links":{"self":[{"href":"https:\/\/dibosch.com\/es\/wp-json\/wp\/v2\/product\/14712","targetHints":{"allow":["GET"]}}],"collection":[{"href":"https:\/\/dibosch.com\/es\/wp-json\/wp\/v2\/product"}],"about":[{"href":"https:\/\/dibosch.com\/es\/wp-json\/wp\/v2\/types\/product"}],"replies":[{"embeddable":true,"href":"https:\/\/dibosch.com\/es\/wp-json\/wp\/v2\/comments?post=14712"}],"wp:featuredmedia":[{"embeddable":true,"href":"https:\/\/dibosch.com\/es\/wp-json\/wp\/v2\/media\/11512"}],"wp:attachment":[{"href":"https:\/\/dibosch.com\/es\/wp-json\/wp\/v2\/media?parent=14712"}],"wp:term":[{"taxonomy":"product_brand","embeddable":true,"href":"https:\/\/dibosch.com\/es\/wp-json\/wp\/v2\/product_brand?post=14712"},{"taxonomy":"product_cat","embeddable":true,"href":"https:\/\/dibosch.com\/es\/wp-json\/wp\/v2\/product_cat?post=14712"},{"taxonomy":"product_tag","embeddable":true,"href":"https:\/\/dibosch.com\/es\/wp-json\/wp\/v2\/product_tag?post=14712"},{"taxonomy":"marcas","embeddable":true,"href":"https:\/\/dibosch.com\/es\/wp-json\/wp\/v2\/marcas?post=14712"},{"taxonomy":"certificats","embeddable":true,"href":"https:\/\/dibosch.com\/es\/wp-json\/wp\/v2\/certificats?post=14712"},{"taxonomy":"caracteristiques","embeddable":true,"href":"https:\/\/dibosch.com\/es\/wp-json\/wp\/v2\/caracteristiques?post=14712"},{"taxonomy":"tipus-productes","embeddable":true,"href":"https:\/\/dibosch.com\/es\/wp-json\/wp\/v2\/tipus-productes?post=14712"},{"taxonomy":"zona-aplicacio","embeddable":true,"href":"https:\/\/dibosch.com\/es\/wp-json\/wp\/v2\/zona-aplicacio?post=14712"},{"taxonomy":"tipus-maquinaria","embeddable":true,"href":"https:\/\/dibosch.com\/es\/wp-json\/wp\/v2\/tipus-maquinaria?post=14712"}],"curies":[{"name":"wp","href":"https:\/\/api.w.org\/{rel}","templated":true}]}}