{"id":14716,"date":"2022-12-07T11:29:10","date_gmt":"2022-12-07T11:29:10","guid":{"rendered":"https:\/\/www.dibosch.com\/producto\/nickita-wiz-gris-1515l-00086162ee\/"},"modified":"2023-08-23T07:41:19","modified_gmt":"2023-08-23T07:41:19","slug":"nickita-wiz-gris-1515l-00086162ee","status":"publish","type":"product","link":"https:\/\/dibosch.com\/es\/producto\/nickita-wiz-gris-1515l-00086162ee\/","title":{"rendered":"NICKITA WIZ GRIS 15+15L &#8211; 00086162EE- &#8211; TTS"},"content":{"rendered":"<p><strong>Caracter\u00edsticas del producto:<\/strong><\/p>\n<p>Carro con asa de pl\u00e1stico, bastidor y prensa de colores Wiz, 2 cubos con asa azul\/rojo y ruedas \u00f8 80 mm con paragolpes<\/p>\n<p>Carro doble para el fregado con prensa profesional de plato<\/p>\n<p>Ideal para limpiar entornos medianos y grandes que necesitan aclarar el recambio<\/p>\n<p>Ideal para eliminar la suciedad h\u00fameda, grasienta o incrustada en entornos donde se requiere aclarar el recambio, permite separar la soluci\u00f3n detergente del agua de enjuague y est\u00e1 equipado con cubos codificados por colores y fabricados con un 50% de pl\u00e1stico reciclado<\/p>\n","protected":false},"excerpt":{"rendered":"<p>Caracter\u00edsticas del producto: Carro con asa de pl\u00e1stico, bastidor y prensa de colores Wiz, 2 cubos con asa azul\/rojo y ruedas \u00f8 80 mm con paragolpes Carro doble para el fregado con prensa profesional de plato Ideal para limpiar entornos medianos y grandes que necesitan aclarar el recambio Ideal para eliminar la suciedad h\u00fameda, grasienta [&hellip;]<\/p>\n","protected":false},"featured_media":23401,"comment_status":"closed","ping_status":"closed","template":"","meta":[],"product_brand":[],"product_cat":[685,705,684],"product_tag":[],"marcas":[917],"certificats":[],"caracteristiques":[],"tipus-productes":[],"zona-aplicacio":[],"tipus-maquinaria":[],"class_list":{"0":"post-14716","1":"product","2":"type-product","3":"status-publish","4":"has-post-thumbnail","6":"product_cat-carros-es","7":"product_cat-carros-de-limpieza","8":"product_cat-utiles-de-limpieza","9":"marcas-tts-es","11":"first","12":"instock","13":"product-type-simple"},"_links":{"self":[{"href":"https:\/\/dibosch.com\/es\/wp-json\/wp\/v2\/product\/14716","targetHints":{"allow":["GET"]}}],"collection":[{"href":"https:\/\/dibosch.com\/es\/wp-json\/wp\/v2\/product"}],"about":[{"href":"https:\/\/dibosch.com\/es\/wp-json\/wp\/v2\/types\/product"}],"replies":[{"embeddable":true,"href":"https:\/\/dibosch.com\/es\/wp-json\/wp\/v2\/comments?post=14716"}],"wp:featuredmedia":[{"embeddable":true,"href":"https:\/\/dibosch.com\/es\/wp-json\/wp\/v2\/media\/23401"}],"wp:attachment":[{"href":"https:\/\/dibosch.com\/es\/wp-json\/wp\/v2\/media?parent=14716"}],"wp:term":[{"taxonomy":"product_brand","embeddable":true,"href":"https:\/\/dibosch.com\/es\/wp-json\/wp\/v2\/product_brand?post=14716"},{"taxonomy":"product_cat","embeddable":true,"href":"https:\/\/dibosch.com\/es\/wp-json\/wp\/v2\/product_cat?post=14716"},{"taxonomy":"product_tag","embeddable":true,"href":"https:\/\/dibosch.com\/es\/wp-json\/wp\/v2\/product_tag?post=14716"},{"taxonomy":"marcas","embeddable":true,"href":"https:\/\/dibosch.com\/es\/wp-json\/wp\/v2\/marcas?post=14716"},{"taxonomy":"certificats","embeddable":true,"href":"https:\/\/dibosch.com\/es\/wp-json\/wp\/v2\/certificats?post=14716"},{"taxonomy":"caracteristiques","embeddable":true,"href":"https:\/\/dibosch.com\/es\/wp-json\/wp\/v2\/caracteristiques?post=14716"},{"taxonomy":"tipus-productes","embeddable":true,"href":"https:\/\/dibosch.com\/es\/wp-json\/wp\/v2\/tipus-productes?post=14716"},{"taxonomy":"zona-aplicacio","embeddable":true,"href":"https:\/\/dibosch.com\/es\/wp-json\/wp\/v2\/zona-aplicacio?post=14716"},{"taxonomy":"tipus-maquinaria","embeddable":true,"href":"https:\/\/dibosch.com\/es\/wp-json\/wp\/v2\/tipus-maquinaria?post=14716"}],"curies":[{"name":"wp","href":"https:\/\/api.w.org\/{rel}","templated":true}]}}