{"id":14723,"date":"2022-12-07T11:31:16","date_gmt":"2022-12-07T11:31:16","guid":{"rendered":"https:\/\/www.dibosch.com\/producto\/m-aspirador-baby-eco-1200w\/"},"modified":"2024-07-31T12:16:27","modified_gmt":"2024-07-31T12:16:27","slug":"m-aspirador-baby-eco-1200w","status":"publish","type":"product","link":"https:\/\/dibosch.com\/es\/producto\/m-aspirador-baby-eco-1200w\/","title":{"rendered":"ASPIRADOR BABY ECO 1200W &#8211; TECNOVAP"},"content":{"rendered":"<p>Generador de vapor monof\u00e1sico con cuerpo de acero barnizado, caldera a presi\u00f3n con autonom\u00eda de vapor de 2 litros.<br \/>\nEquipado con aspiradora en seco y h\u00famedo con sistema de filtraci\u00f3n de agua.<\/p>\n<p>&nbsp;<\/p>\n<p><strong>DATOS T\u00c9CNICOS<\/strong><\/p>\n<p>Caldera Acero inoxidable AISI 304 &#8211; con resistencia intercambiable<br \/>\nCuerpo PP \/ Acero barnizado<br \/>\nVolumen de la caldera 3 l<br \/>\nCapacidad de agua de la caldera 2 l<br \/>\nSalida m\u00e1xima 3,2 kW<br \/>\nPotencia caldera 2 kW<br \/>\nPresi\u00f3n de funcionamiento 5 bares<br \/>\nTemperatura del vapor 158\u00b0C<br \/>\nProducci\u00f3n de vapor (g\/min) 55 &#8211; 3,3 Kg\/h<br \/>\nSalida de vac\u00edo 1200 W<br \/>\nCaudal de aire 170 m3\/h<br \/>\nDepresi\u00f3n 1700 mm<br \/>\nTambor de vac\u00edo capacidad 4 l<br \/>\nFuente de alimentaci\u00f3n 230 V; 50\/60 Hz<br \/>\nPeso 17 kg<\/p>\n","protected":false},"excerpt":{"rendered":"<p>Generador de vapor monof\u00e1sico con cuerpo de acero barnizado, caldera a presi\u00f3n con autonom\u00eda de vapor de 2 litros. Equipado con aspiradora en seco y h\u00famedo con sistema de filtraci\u00f3n de agua. &nbsp; DATOS T\u00c9CNICOS Caldera Acero inoxidable AISI 304 &#8211; con resistencia intercambiable Cuerpo PP \/ Acero barnizado Volumen de la caldera 3 l [&hellip;]<\/p>\n","protected":false},"featured_media":24892,"comment_status":"closed","ping_status":"closed","template":"","meta":[],"product_brand":[],"product_cat":[1215,761,577],"product_tag":[],"marcas":[913],"certificats":[],"caracteristiques":[],"tipus-productes":[],"zona-aplicacio":[953,951,952,954,945,944,947],"tipus-maquinaria":[],"class_list":{"0":"post-14723","1":"product","2":"type-product","3":"status-publish","4":"has-post-thumbnail","6":"product_cat-aspiradoras-de-vapor-profesionales","7":"product_cat-vapor-industrial-es","8":"product_cat-maquinas","9":"marcas-tecnovap-es","10":"zona-aplicacio-cristales-y-espejos","11":"zona-aplicacio-exteriores-y-fachadas","12":"zona-aplicacio-moqueta-y-tejidos","13":"zona-aplicacio-superficies-verticales","14":"zona-aplicacio-zona-bano","15":"zona-aplicacio-zona-cocina","16":"zona-aplicacio-zona-lavanderia","18":"first","19":"instock","20":"product-type-simple"},"_links":{"self":[{"href":"https:\/\/dibosch.com\/es\/wp-json\/wp\/v2\/product\/14723","targetHints":{"allow":["GET"]}}],"collection":[{"href":"https:\/\/dibosch.com\/es\/wp-json\/wp\/v2\/product"}],"about":[{"href":"https:\/\/dibosch.com\/es\/wp-json\/wp\/v2\/types\/product"}],"replies":[{"embeddable":true,"href":"https:\/\/dibosch.com\/es\/wp-json\/wp\/v2\/comments?post=14723"}],"wp:featuredmedia":[{"embeddable":true,"href":"https:\/\/dibosch.com\/es\/wp-json\/wp\/v2\/media\/24892"}],"wp:attachment":[{"href":"https:\/\/dibosch.com\/es\/wp-json\/wp\/v2\/media?parent=14723"}],"wp:term":[{"taxonomy":"product_brand","embeddable":true,"href":"https:\/\/dibosch.com\/es\/wp-json\/wp\/v2\/product_brand?post=14723"},{"taxonomy":"product_cat","embeddable":true,"href":"https:\/\/dibosch.com\/es\/wp-json\/wp\/v2\/product_cat?post=14723"},{"taxonomy":"product_tag","embeddable":true,"href":"https:\/\/dibosch.com\/es\/wp-json\/wp\/v2\/product_tag?post=14723"},{"taxonomy":"marcas","embeddable":true,"href":"https:\/\/dibosch.com\/es\/wp-json\/wp\/v2\/marcas?post=14723"},{"taxonomy":"certificats","embeddable":true,"href":"https:\/\/dibosch.com\/es\/wp-json\/wp\/v2\/certificats?post=14723"},{"taxonomy":"caracteristiques","embeddable":true,"href":"https:\/\/dibosch.com\/es\/wp-json\/wp\/v2\/caracteristiques?post=14723"},{"taxonomy":"tipus-productes","embeddable":true,"href":"https:\/\/dibosch.com\/es\/wp-json\/wp\/v2\/tipus-productes?post=14723"},{"taxonomy":"zona-aplicacio","embeddable":true,"href":"https:\/\/dibosch.com\/es\/wp-json\/wp\/v2\/zona-aplicacio?post=14723"},{"taxonomy":"tipus-maquinaria","embeddable":true,"href":"https:\/\/dibosch.com\/es\/wp-json\/wp\/v2\/tipus-maquinaria?post=14723"}],"curies":[{"name":"wp","href":"https:\/\/api.w.org\/{rel}","templated":true}]}}