{"id":14731,"date":"2022-12-07T11:29:22","date_gmt":"2022-12-07T11:29:22","guid":{"rendered":"https:\/\/www.dibosch.com\/producto\/bio-basic-blik-40cm-0000976\/"},"modified":"2023-07-14T10:52:21","modified_gmt":"2023-07-14T10:52:21","slug":"bio-basic-blik-40cm-0000976","status":"publish","type":"product","link":"https:\/\/dibosch.com\/es\/producto\/bio-basic-blik-40cm-0000976\/","title":{"rendered":"BIO BASIC BLIK 40cm &#8211; 0000976 &#8211; TTS"},"content":{"rendered":"<p><strong>Caracter\u00edsticas del producto:<\/strong><\/p>\n<p>Soporte BIO Basic con bastidor Blik, dep\u00f3sito de 0,65 L<\/p>\n<p>Mango con dep\u00f3sito para la limpieza sin cubos con bastidor reversible<\/p>\n<p>Ideal para entornos dif\u00edciles de alcanzar, como escaleras, y para la limpieza de emergencia de suciedad o combinada con la limpieza a m\u00e1quina<\/p>\n<p>Larga duraci\u00f3n: las mopas con bolsillos son resistentes el doble en comparaci\u00f3n con las mopas con sistema adherente<\/p>\n<p>Sin contacto : el sistema de desenganche del recambio elimina el contacto con la suciedad<\/p>\n<p>Listo para usar: la soluci\u00f3n de detergente se almacena herm\u00e9ticamente en el dep\u00f3sito<\/p>\n","protected":false},"excerpt":{"rendered":"<p>Herramienta para la desinfecci\u00f3n de suelos<\/p>\n","protected":false},"featured_media":21979,"comment_status":"closed","ping_status":"closed","template":"","meta":[],"product_brand":[],"product_cat":[714,713,684],"product_tag":[],"marcas":[917],"certificats":[],"caracteristiques":[],"tipus-productes":[],"zona-aplicacio":[],"tipus-maquinaria":[],"class_list":{"0":"post-14731","1":"product","2":"type-product","3":"status-publish","4":"has-post-thumbnail","6":"product_cat-mopas","7":"product_cat-utensilios","8":"product_cat-utiles-de-limpieza","9":"marcas-tts-es","11":"first","12":"instock","13":"product-type-simple"},"_links":{"self":[{"href":"https:\/\/dibosch.com\/es\/wp-json\/wp\/v2\/product\/14731","targetHints":{"allow":["GET"]}}],"collection":[{"href":"https:\/\/dibosch.com\/es\/wp-json\/wp\/v2\/product"}],"about":[{"href":"https:\/\/dibosch.com\/es\/wp-json\/wp\/v2\/types\/product"}],"replies":[{"embeddable":true,"href":"https:\/\/dibosch.com\/es\/wp-json\/wp\/v2\/comments?post=14731"}],"wp:featuredmedia":[{"embeddable":true,"href":"https:\/\/dibosch.com\/es\/wp-json\/wp\/v2\/media\/21979"}],"wp:attachment":[{"href":"https:\/\/dibosch.com\/es\/wp-json\/wp\/v2\/media?parent=14731"}],"wp:term":[{"taxonomy":"product_brand","embeddable":true,"href":"https:\/\/dibosch.com\/es\/wp-json\/wp\/v2\/product_brand?post=14731"},{"taxonomy":"product_cat","embeddable":true,"href":"https:\/\/dibosch.com\/es\/wp-json\/wp\/v2\/product_cat?post=14731"},{"taxonomy":"product_tag","embeddable":true,"href":"https:\/\/dibosch.com\/es\/wp-json\/wp\/v2\/product_tag?post=14731"},{"taxonomy":"marcas","embeddable":true,"href":"https:\/\/dibosch.com\/es\/wp-json\/wp\/v2\/marcas?post=14731"},{"taxonomy":"certificats","embeddable":true,"href":"https:\/\/dibosch.com\/es\/wp-json\/wp\/v2\/certificats?post=14731"},{"taxonomy":"caracteristiques","embeddable":true,"href":"https:\/\/dibosch.com\/es\/wp-json\/wp\/v2\/caracteristiques?post=14731"},{"taxonomy":"tipus-productes","embeddable":true,"href":"https:\/\/dibosch.com\/es\/wp-json\/wp\/v2\/tipus-productes?post=14731"},{"taxonomy":"zona-aplicacio","embeddable":true,"href":"https:\/\/dibosch.com\/es\/wp-json\/wp\/v2\/zona-aplicacio?post=14731"},{"taxonomy":"tipus-maquinaria","embeddable":true,"href":"https:\/\/dibosch.com\/es\/wp-json\/wp\/v2\/tipus-maquinaria?post=14731"}],"curies":[{"name":"wp","href":"https:\/\/api.w.org\/{rel}","templated":true}]}}