{"id":14749,"date":"2022-12-07T11:29:26","date_gmt":"2022-12-07T11:29:26","guid":{"rendered":"https:\/\/www.dibosch.com\/producto\/m-vaporetto-system-pro\/"},"modified":"2023-01-10T09:47:29","modified_gmt":"2023-01-10T09:47:29","slug":"m-vaporetto-system-pro","status":"publish","type":"product","link":"https:\/\/dibosch.com\/es\/producto\/m-vaporetto-system-pro\/","title":{"rendered":"M- VAPORETTO SYSTEM PRO"},"content":{"rendered":"<p>Posee un potente aspirador con filtro de agua y funci\u00f3n de limpiador a vapor con autonom\u00eda de trabajo ilimitada, que alcanza 140\u00baC lo cual permite desinfectar e higienizar a la vez que aspira, ideal para tratamiento ecol\u00f3gico anti-chinches y otros insectos similares.<\/p>\n<p>Aspira l\u00edquidos y s\u00f3lidos, higieniza, desinfecta y seca cualquier superficie.<\/p>\n","protected":false},"excerpt":{"rendered":"<p>Posee un potente aspirador con filtro de agua y funci\u00f3n de limpiador a vapor con autonom\u00eda de trabajo ilimitada, que alcanza 140\u00baC lo cual permite desinfectar e higienizar a la vez que aspira, ideal para tratamiento ecol\u00f3gico anti-chinches y otros insectos similares. Aspira l\u00edquidos y s\u00f3lidos, higieniza, desinfecta y seca cualquier superficie.<\/p>\n","protected":false},"featured_media":24966,"comment_status":"closed","ping_status":"closed","template":"","meta":[],"product_brand":[],"product_cat":[1356,577],"product_tag":[],"marcas":[913],"certificats":[],"caracteristiques":[],"tipus-productes":[],"zona-aplicacio":[],"tipus-maquinaria":[],"class_list":{"0":"post-14749","1":"product","2":"type-product","3":"status-publish","4":"has-post-thumbnail","6":"product_cat-aspirador-pequeno-industrial","7":"product_cat-maquinas","8":"marcas-tecnovap-es","10":"first","11":"instock","12":"product-type-simple"},"_links":{"self":[{"href":"https:\/\/dibosch.com\/es\/wp-json\/wp\/v2\/product\/14749","targetHints":{"allow":["GET"]}}],"collection":[{"href":"https:\/\/dibosch.com\/es\/wp-json\/wp\/v2\/product"}],"about":[{"href":"https:\/\/dibosch.com\/es\/wp-json\/wp\/v2\/types\/product"}],"replies":[{"embeddable":true,"href":"https:\/\/dibosch.com\/es\/wp-json\/wp\/v2\/comments?post=14749"}],"wp:featuredmedia":[{"embeddable":true,"href":"https:\/\/dibosch.com\/es\/wp-json\/wp\/v2\/media\/24966"}],"wp:attachment":[{"href":"https:\/\/dibosch.com\/es\/wp-json\/wp\/v2\/media?parent=14749"}],"wp:term":[{"taxonomy":"product_brand","embeddable":true,"href":"https:\/\/dibosch.com\/es\/wp-json\/wp\/v2\/product_brand?post=14749"},{"taxonomy":"product_cat","embeddable":true,"href":"https:\/\/dibosch.com\/es\/wp-json\/wp\/v2\/product_cat?post=14749"},{"taxonomy":"product_tag","embeddable":true,"href":"https:\/\/dibosch.com\/es\/wp-json\/wp\/v2\/product_tag?post=14749"},{"taxonomy":"marcas","embeddable":true,"href":"https:\/\/dibosch.com\/es\/wp-json\/wp\/v2\/marcas?post=14749"},{"taxonomy":"certificats","embeddable":true,"href":"https:\/\/dibosch.com\/es\/wp-json\/wp\/v2\/certificats?post=14749"},{"taxonomy":"caracteristiques","embeddable":true,"href":"https:\/\/dibosch.com\/es\/wp-json\/wp\/v2\/caracteristiques?post=14749"},{"taxonomy":"tipus-productes","embeddable":true,"href":"https:\/\/dibosch.com\/es\/wp-json\/wp\/v2\/tipus-productes?post=14749"},{"taxonomy":"zona-aplicacio","embeddable":true,"href":"https:\/\/dibosch.com\/es\/wp-json\/wp\/v2\/zona-aplicacio?post=14749"},{"taxonomy":"tipus-maquinaria","embeddable":true,"href":"https:\/\/dibosch.com\/es\/wp-json\/wp\/v2\/tipus-maquinaria?post=14749"}],"curies":[{"name":"wp","href":"https:\/\/api.w.org\/{rel}","templated":true}]}}