{"id":14753,"date":"2022-12-07T11:30:22","date_gmt":"2022-12-07T11:30:22","guid":{"rendered":"https:\/\/www.dibosch.com\/producto\/fd-aciplusfoam-vf59-bp20\/"},"modified":"2023-06-30T14:16:41","modified_gmt":"2023-06-30T14:16:41","slug":"fd-aciplusfoam-vf59-bp20","status":"publish","type":"product","link":"https:\/\/dibosch.com\/es\/producto\/fd-aciplusfoam-vf59-bp20\/","title":{"rendered":"FD- ACIPLUSFOAM VF59 BP20 &#8211; DIVERSEY"},"content":{"rendered":"<p><strong>Caracter\u00edsticas del producto:<\/strong><\/p>\n<p>Aciplusfoam es un detergente \u00e1cido espumante, dise\u00f1ado para las limpiezas diarias y peri\u00f3dicas en la Industria Alimentaria.<\/p>\n<p>Es un detergente \u00e1cido espumante basado en \u00e1cidos inorg\u00e1nicos y una mezcla de agentes humectantes\/emulsificadores altamente espumantes. Especialmente formulado para la eliminaci\u00f3n de la incrustaci\u00f3n por aguas duras y otros dep\u00f3sitos minerales en equipos y procesos de planta.<\/p>\n<p>&nbsp;<\/p>\n<p><strong>Modo de uso:<\/strong><\/p>\n<p>Aciplusfoam se usa a concentraciones entre 3-10% dependiendo del tipo y el grado de la suciedad. Para detalles espec\u00edficos consultar el Plan de Higiene.<\/p>\n<p>&nbsp;<\/p>\n<p><strong>Indicado para:<\/strong><\/p>\n<p>Aciplusfoam esta recomendado para la limpieza y desincrustaci\u00f3n peri\u00f3dica de equipos de proceso, como dep\u00f3sitos de cocci\u00f3n, exteriores de equipos de llenado, tanques de almacenamiento, cintas de transportadoras, etc.<\/p>\n<p>Aciplusfoam es adecuado para su uso en un amplio rango de equipos<\/p>\n","protected":false},"excerpt":{"rendered":"<p>Detergente \u00e1cido espumante basado en \u00e1cidos inorg\u00e1nicos<\/p>\n","protected":false},"featured_media":21254,"comment_status":"closed","ping_status":"closed","template":"","meta":[],"product_brand":[],"product_cat":[812,715,689],"product_tag":[],"marcas":[],"certificats":[],"caracteristiques":[],"tipus-productes":[],"zona-aplicacio":[],"tipus-maquinaria":[],"class_list":{"0":"post-14753","1":"product","2":"type-product","3":"status-publish","4":"has-post-thumbnail","6":"product_cat-acidos-espumante","7":"product_cat-especificos-para-industria-alimentaria","8":"product_cat-productos-de-limpieza","10":"first","11":"instock","12":"product-type-simple"},"_links":{"self":[{"href":"https:\/\/dibosch.com\/es\/wp-json\/wp\/v2\/product\/14753","targetHints":{"allow":["GET"]}}],"collection":[{"href":"https:\/\/dibosch.com\/es\/wp-json\/wp\/v2\/product"}],"about":[{"href":"https:\/\/dibosch.com\/es\/wp-json\/wp\/v2\/types\/product"}],"replies":[{"embeddable":true,"href":"https:\/\/dibosch.com\/es\/wp-json\/wp\/v2\/comments?post=14753"}],"wp:featuredmedia":[{"embeddable":true,"href":"https:\/\/dibosch.com\/es\/wp-json\/wp\/v2\/media\/21254"}],"wp:attachment":[{"href":"https:\/\/dibosch.com\/es\/wp-json\/wp\/v2\/media?parent=14753"}],"wp:term":[{"taxonomy":"product_brand","embeddable":true,"href":"https:\/\/dibosch.com\/es\/wp-json\/wp\/v2\/product_brand?post=14753"},{"taxonomy":"product_cat","embeddable":true,"href":"https:\/\/dibosch.com\/es\/wp-json\/wp\/v2\/product_cat?post=14753"},{"taxonomy":"product_tag","embeddable":true,"href":"https:\/\/dibosch.com\/es\/wp-json\/wp\/v2\/product_tag?post=14753"},{"taxonomy":"marcas","embeddable":true,"href":"https:\/\/dibosch.com\/es\/wp-json\/wp\/v2\/marcas?post=14753"},{"taxonomy":"certificats","embeddable":true,"href":"https:\/\/dibosch.com\/es\/wp-json\/wp\/v2\/certificats?post=14753"},{"taxonomy":"caracteristiques","embeddable":true,"href":"https:\/\/dibosch.com\/es\/wp-json\/wp\/v2\/caracteristiques?post=14753"},{"taxonomy":"tipus-productes","embeddable":true,"href":"https:\/\/dibosch.com\/es\/wp-json\/wp\/v2\/tipus-productes?post=14753"},{"taxonomy":"zona-aplicacio","embeddable":true,"href":"https:\/\/dibosch.com\/es\/wp-json\/wp\/v2\/zona-aplicacio?post=14753"},{"taxonomy":"tipus-maquinaria","embeddable":true,"href":"https:\/\/dibosch.com\/es\/wp-json\/wp\/v2\/tipus-maquinaria?post=14753"}],"curies":[{"name":"wp","href":"https:\/\/api.w.org\/{rel}","templated":true}]}}