{"id":14769,"date":"2022-12-07T11:31:44","date_gmt":"2022-12-07T11:31:44","guid":{"rendered":"https:\/\/www.dibosch.com\/producto\/fd-divosan-bg-vs35-900lit\/"},"modified":"2025-09-24T07:43:32","modified_gmt":"2025-09-24T07:43:32","slug":"fd-divosan-bg-vs35-900lit","status":"publish","type":"product","link":"https:\/\/dibosch.com\/es\/producto\/fd-divosan-bg-vs35-900lit\/","title":{"rendered":"FD- DIVOSAN BG VS35 (900lit) &#8211; DIVERSEY"},"content":{"rendered":"<p><strong>Caracter\u00edsticas del producto:<\/strong><\/p>\n<p>Divosan BG es un desincrustante desinfectante \u00e1cido para aplicaciones CIP y por spray en la Industria L\u00e1ctea, Bebidas y Procesado de Alimentos<\/p>\n<p>Reduce el n\u00famero de etapas requerido en el proceso de limpieza combinando desincrustaci\u00f3n y desinfecci\u00f3n.<\/p>\n<p>Es f\u00e1cil de enjuagar reduciendo el tiempo de enjuague y volumen de agua.<\/p>\n<p>Est\u00e1 libre de oxidantes hal\u00f3genos o haluros relacionados con potenciales problemas de corrosi\u00f3n.<\/p>\n<p>&nbsp;<\/p>\n<p><strong>Manual de uso:<\/strong><\/p>\n<p>Divosan BG es aplicado a concentraciones entre 0,5-3% (p\/p) a temperatura ambiente -75\u00b0C dependiendo de la suciedad y aplicaci\u00f3n. Sus soluciones deben ser enjuagadas despu\u00e9s de su uso.<\/p>\n","protected":false},"excerpt":{"rendered":"<p>Desinfectante de desincrustaci\u00f3n ac\u00eddica<\/p>\n","protected":false},"featured_media":21230,"comment_status":"closed","ping_status":"closed","template":"","meta":[],"product_brand":[],"product_cat":[768,715,689],"product_tag":[],"marcas":[],"certificats":[933,934,932],"caracteristiques":[],"tipus-productes":[],"zona-aplicacio":[],"tipus-maquinaria":[],"class_list":{"0":"post-14769","1":"product","2":"type-product","3":"status-publish","4":"has-post-thumbnail","6":"product_cat-desinfectantes","7":"product_cat-especificos-para-industria-alimentaria","8":"product_cat-productos-de-limpieza","9":"certificats-bactericida-es","10":"certificats-fungicida-es","11":"certificats-ha-es","13":"first","14":"instock","15":"product-type-simple"},"_links":{"self":[{"href":"https:\/\/dibosch.com\/es\/wp-json\/wp\/v2\/product\/14769","targetHints":{"allow":["GET"]}}],"collection":[{"href":"https:\/\/dibosch.com\/es\/wp-json\/wp\/v2\/product"}],"about":[{"href":"https:\/\/dibosch.com\/es\/wp-json\/wp\/v2\/types\/product"}],"replies":[{"embeddable":true,"href":"https:\/\/dibosch.com\/es\/wp-json\/wp\/v2\/comments?post=14769"}],"wp:featuredmedia":[{"embeddable":true,"href":"https:\/\/dibosch.com\/es\/wp-json\/wp\/v2\/media\/21230"}],"wp:attachment":[{"href":"https:\/\/dibosch.com\/es\/wp-json\/wp\/v2\/media?parent=14769"}],"wp:term":[{"taxonomy":"product_brand","embeddable":true,"href":"https:\/\/dibosch.com\/es\/wp-json\/wp\/v2\/product_brand?post=14769"},{"taxonomy":"product_cat","embeddable":true,"href":"https:\/\/dibosch.com\/es\/wp-json\/wp\/v2\/product_cat?post=14769"},{"taxonomy":"product_tag","embeddable":true,"href":"https:\/\/dibosch.com\/es\/wp-json\/wp\/v2\/product_tag?post=14769"},{"taxonomy":"marcas","embeddable":true,"href":"https:\/\/dibosch.com\/es\/wp-json\/wp\/v2\/marcas?post=14769"},{"taxonomy":"certificats","embeddable":true,"href":"https:\/\/dibosch.com\/es\/wp-json\/wp\/v2\/certificats?post=14769"},{"taxonomy":"caracteristiques","embeddable":true,"href":"https:\/\/dibosch.com\/es\/wp-json\/wp\/v2\/caracteristiques?post=14769"},{"taxonomy":"tipus-productes","embeddable":true,"href":"https:\/\/dibosch.com\/es\/wp-json\/wp\/v2\/tipus-productes?post=14769"},{"taxonomy":"zona-aplicacio","embeddable":true,"href":"https:\/\/dibosch.com\/es\/wp-json\/wp\/v2\/zona-aplicacio?post=14769"},{"taxonomy":"tipus-maquinaria","embeddable":true,"href":"https:\/\/dibosch.com\/es\/wp-json\/wp\/v2\/tipus-maquinaria?post=14769"}],"curies":[{"name":"wp","href":"https:\/\/api.w.org\/{rel}","templated":true}]}}