{"id":14782,"date":"2022-12-09T14:41:39","date_gmt":"2022-12-09T14:41:39","guid":{"rendered":"https:\/\/www.dibosch.com\/producto\/alquiler-aspirador-delfin-802-wdx\/"},"modified":"2024-05-03T15:33:04","modified_gmt":"2024-05-03T15:33:04","slug":"alquiler-aspirador-delfin-802-wdx","status":"publish","type":"product","link":"https:\/\/dibosch.com\/es\/producto\/alquiler-aspirador-delfin-802-wdx\/","title":{"rendered":"ALQUILER- Aspirador Delfin 802 WDX"},"content":{"rendered":"<p>&nbsp;<\/p>\n<p>Ideal para aspiraci\u00f3n de LIQUIDOS<br \/>\n100% construcci\u00f3n de acero<br \/>\nDispositivo flotante y filtro mojado anti-espuma<br \/>\nCompacto y ligero, ideal para el campo de limpieza profesional<br \/>\nBomba de inmersi\u00f3n por descarga r\u00e1pida de l\u00edquidos<br \/>\nPosibilidad de aspirar y descargar simult\u00e1neamente los desechos<\/p>\n<p>&nbsp;<\/p>\n<p>&nbsp;<\/p>\n","protected":false},"excerpt":{"rendered":"<p>&nbsp; Ideal para aspiraci\u00f3n de LIQUIDOS 100% construcci\u00f3n de acero Dispositivo flotante y filtro mojado anti-espuma Compacto y ligero, ideal para el campo de limpieza profesional Bomba de inmersi\u00f3n por descarga r\u00e1pida de l\u00edquidos Posibilidad de aspirar y descargar simult\u00e1neamente los desechos &nbsp; &nbsp;<\/p>\n","protected":false},"featured_media":11318,"comment_status":"closed","ping_status":"closed","template":"","meta":[],"product_brand":[],"product_cat":[1246,1262,1264,1188],"product_tag":[],"marcas":[],"certificats":[],"caracteristiques":[],"tipus-productes":[],"zona-aplicacio":[],"tipus-maquinaria":[958,1051,1217,1219],"class_list":{"0":"post-14782","1":"product","2":"type-product","3":"status-publish","4":"has-post-thumbnail","6":"product_cat-alquiler-de-aspiradores-industriales","7":"product_cat-alquiler-maquinaria-limpieza-barcelona","8":"product_cat-alquiler-maquinaria-limpieza-girona","9":"product_cat-aspiradores-delfin","10":"tipus-maquinaria-maquina-alquiler","11":"tipus-maquinaria-aspiradora-industrial-de-alquiler","12":"tipus-maquinaria-alquiler-maquinaria-limpieza-barcelona","13":"tipus-maquinaria-alquiler-maquinaria-limpieza-girona","15":"first","16":"instock","17":"shipping-taxable","18":"product-type-simple"},"_links":{"self":[{"href":"https:\/\/dibosch.com\/es\/wp-json\/wp\/v2\/product\/14782","targetHints":{"allow":["GET"]}}],"collection":[{"href":"https:\/\/dibosch.com\/es\/wp-json\/wp\/v2\/product"}],"about":[{"href":"https:\/\/dibosch.com\/es\/wp-json\/wp\/v2\/types\/product"}],"replies":[{"embeddable":true,"href":"https:\/\/dibosch.com\/es\/wp-json\/wp\/v2\/comments?post=14782"}],"wp:featuredmedia":[{"embeddable":true,"href":"https:\/\/dibosch.com\/es\/wp-json\/wp\/v2\/media\/11318"}],"wp:attachment":[{"href":"https:\/\/dibosch.com\/es\/wp-json\/wp\/v2\/media?parent=14782"}],"wp:term":[{"taxonomy":"product_brand","embeddable":true,"href":"https:\/\/dibosch.com\/es\/wp-json\/wp\/v2\/product_brand?post=14782"},{"taxonomy":"product_cat","embeddable":true,"href":"https:\/\/dibosch.com\/es\/wp-json\/wp\/v2\/product_cat?post=14782"},{"taxonomy":"product_tag","embeddable":true,"href":"https:\/\/dibosch.com\/es\/wp-json\/wp\/v2\/product_tag?post=14782"},{"taxonomy":"marcas","embeddable":true,"href":"https:\/\/dibosch.com\/es\/wp-json\/wp\/v2\/marcas?post=14782"},{"taxonomy":"certificats","embeddable":true,"href":"https:\/\/dibosch.com\/es\/wp-json\/wp\/v2\/certificats?post=14782"},{"taxonomy":"caracteristiques","embeddable":true,"href":"https:\/\/dibosch.com\/es\/wp-json\/wp\/v2\/caracteristiques?post=14782"},{"taxonomy":"tipus-productes","embeddable":true,"href":"https:\/\/dibosch.com\/es\/wp-json\/wp\/v2\/tipus-productes?post=14782"},{"taxonomy":"zona-aplicacio","embeddable":true,"href":"https:\/\/dibosch.com\/es\/wp-json\/wp\/v2\/zona-aplicacio?post=14782"},{"taxonomy":"tipus-maquinaria","embeddable":true,"href":"https:\/\/dibosch.com\/es\/wp-json\/wp\/v2\/tipus-maquinaria?post=14782"}],"curies":[{"name":"wp","href":"https:\/\/api.w.org\/{rel}","templated":true}]}}