{"id":14786,"date":"2022-12-09T14:45:35","date_gmt":"2022-12-09T14:45:35","guid":{"rendered":"https:\/\/www.dibosch.com\/producto\/alquiler-tecnovap-steam-box-vac-mini-10-bar\/"},"modified":"2024-05-03T15:31:32","modified_gmt":"2024-05-03T15:31:32","slug":"alquiler-tecnovap-steam-box-vac-mini-10-bar","status":"publish","type":"product","link":"https:\/\/dibosch.com\/es\/producto\/alquiler-tecnovap-steam-box-vac-mini-10-bar\/","title":{"rendered":"ALQUILER- Tecnovap Steam Box Vac mini 10 bar"},"content":{"rendered":"<p>&nbsp;<\/p>\n<p>Con estructura de acero inoxidable y potencia de 3,75KW<br \/>\nConsola el\u00e9ctrica: term\u00f3metro, man\u00f3metro, cuenta-horas, aviso cal<br \/>\nSistema autom\u00e1tico de recarga de agua<br \/>\nConexi\u00f3n directa a la red de agua<br \/>\nInyecci\u00f3n de detergente<br \/>\nCon aspiraci\u00f3n incorporada<\/p>\n<p>&nbsp;<\/p>\n","protected":false},"excerpt":{"rendered":"<p>&nbsp; Con estructura de acero inoxidable y potencia de 3,75KW Consola el\u00e9ctrica: term\u00f3metro, man\u00f3metro, cuenta-horas, aviso cal Sistema autom\u00e1tico de recarga de agua Conexi\u00f3n directa a la red de agua Inyecci\u00f3n de detergente Con aspiraci\u00f3n incorporada &nbsp;<\/p>\n","protected":false},"featured_media":11319,"comment_status":"closed","ping_status":"closed","template":"","meta":[],"product_brand":[],"product_cat":[663,1262,1264,1258],"product_tag":[],"marcas":[],"certificats":[],"caracteristiques":[],"tipus-productes":[],"zona-aplicacio":[],"tipus-maquinaria":[1217,1219,958,1055],"class_list":{"0":"post-14786","1":"product","2":"type-product","3":"status-publish","4":"has-post-thumbnail","6":"product_cat-accesorios-aspirador-profesional","7":"product_cat-alquiler-maquinaria-limpieza-barcelona","8":"product_cat-alquiler-maquinaria-limpieza-girona","9":"product_cat-maquina-de-vapor-de-alquiler","10":"tipus-maquinaria-alquiler-maquinaria-limpieza-barcelona","11":"tipus-maquinaria-alquiler-maquinaria-limpieza-girona","12":"tipus-maquinaria-maquina-alquiler","13":"tipus-maquinaria-maquina-de-vapor-de-alquiler","15":"first","16":"instock","17":"shipping-taxable","18":"product-type-simple"},"_links":{"self":[{"href":"https:\/\/dibosch.com\/es\/wp-json\/wp\/v2\/product\/14786","targetHints":{"allow":["GET"]}}],"collection":[{"href":"https:\/\/dibosch.com\/es\/wp-json\/wp\/v2\/product"}],"about":[{"href":"https:\/\/dibosch.com\/es\/wp-json\/wp\/v2\/types\/product"}],"replies":[{"embeddable":true,"href":"https:\/\/dibosch.com\/es\/wp-json\/wp\/v2\/comments?post=14786"}],"wp:featuredmedia":[{"embeddable":true,"href":"https:\/\/dibosch.com\/es\/wp-json\/wp\/v2\/media\/11319"}],"wp:attachment":[{"href":"https:\/\/dibosch.com\/es\/wp-json\/wp\/v2\/media?parent=14786"}],"wp:term":[{"taxonomy":"product_brand","embeddable":true,"href":"https:\/\/dibosch.com\/es\/wp-json\/wp\/v2\/product_brand?post=14786"},{"taxonomy":"product_cat","embeddable":true,"href":"https:\/\/dibosch.com\/es\/wp-json\/wp\/v2\/product_cat?post=14786"},{"taxonomy":"product_tag","embeddable":true,"href":"https:\/\/dibosch.com\/es\/wp-json\/wp\/v2\/product_tag?post=14786"},{"taxonomy":"marcas","embeddable":true,"href":"https:\/\/dibosch.com\/es\/wp-json\/wp\/v2\/marcas?post=14786"},{"taxonomy":"certificats","embeddable":true,"href":"https:\/\/dibosch.com\/es\/wp-json\/wp\/v2\/certificats?post=14786"},{"taxonomy":"caracteristiques","embeddable":true,"href":"https:\/\/dibosch.com\/es\/wp-json\/wp\/v2\/caracteristiques?post=14786"},{"taxonomy":"tipus-productes","embeddable":true,"href":"https:\/\/dibosch.com\/es\/wp-json\/wp\/v2\/tipus-productes?post=14786"},{"taxonomy":"zona-aplicacio","embeddable":true,"href":"https:\/\/dibosch.com\/es\/wp-json\/wp\/v2\/zona-aplicacio?post=14786"},{"taxonomy":"tipus-maquinaria","embeddable":true,"href":"https:\/\/dibosch.com\/es\/wp-json\/wp\/v2\/tipus-maquinaria?post=14786"}],"curies":[{"name":"wp","href":"https:\/\/api.w.org\/{rel}","templated":true}]}}