{"id":14792,"date":"2022-12-09T14:50:51","date_gmt":"2022-12-09T14:50:51","guid":{"rendered":"https:\/\/www.dibosch.com\/producto\/alquiler-tecnovap-steam-box-pro-375-1455kw\/"},"modified":"2024-05-03T15:30:20","modified_gmt":"2024-05-03T15:30:20","slug":"alquiler-tecnovap-steam-box-pro-375-1455kw","status":"publish","type":"product","link":"https:\/\/dibosch.com\/es\/producto\/alquiler-tecnovap-steam-box-pro-375-1455kw\/","title":{"rendered":"ALQUILER- Tecnovap Steam Box Pro 3,75-14,55KW"},"content":{"rendered":"<p>&nbsp;<\/p>\n<p>Selector multipotencia: 7,35-10,95-14,55 KW<br \/>\nRecarga autom\u00e1tica con control electromec\u00e1nico<br \/>\nConexi\u00f3n directa con el suministro de agua<br \/>\nConsola el\u00e9ctrica: term\u00f3metro, man\u00f3metro, cuenta-horas, aviso cal<br \/>\nInyecci\u00f3n de detergente<\/p>\n<p>&nbsp;<\/p>\n","protected":false},"excerpt":{"rendered":"<p>&nbsp; Selector multipotencia: 7,35-10,95-14,55 KW Recarga autom\u00e1tica con control electromec\u00e1nico Conexi\u00f3n directa con el suministro de agua Consola el\u00e9ctrica: term\u00f3metro, man\u00f3metro, cuenta-horas, aviso cal Inyecci\u00f3n de detergente &nbsp;<\/p>\n","protected":false},"featured_media":11322,"comment_status":"closed","ping_status":"closed","template":"","meta":[],"product_brand":[],"product_cat":[663,1262,1264,1258],"product_tag":[],"marcas":[913],"certificats":[],"caracteristiques":[],"tipus-productes":[],"zona-aplicacio":[951,952,945,944,948,950,949,955,946],"tipus-maquinaria":[1217,1219,958,1055],"class_list":{"0":"post-14792","1":"product","2":"type-product","3":"status-publish","4":"has-post-thumbnail","6":"product_cat-accesorios-aspirador-profesional","7":"product_cat-alquiler-maquinaria-limpieza-barcelona","8":"product_cat-alquiler-maquinaria-limpieza-girona","9":"product_cat-maquina-de-vapor-de-alquiler","10":"marcas-tecnovap-es","11":"zona-aplicacio-exteriores-y-fachadas","12":"zona-aplicacio-moqueta-y-tejidos","13":"zona-aplicacio-zona-bano","14":"zona-aplicacio-zona-cocina","15":"zona-aplicacio-zona-habitaciones","16":"zona-aplicacio-zona-manipulacion-de-alimentos-industria","17":"zona-aplicacio-zona-produccion-y-talleres","18":"zona-aplicacio-zona-sanitaria","19":"zona-aplicacio-zonas-comunes","20":"tipus-maquinaria-alquiler-maquinaria-limpieza-barcelona","21":"tipus-maquinaria-alquiler-maquinaria-limpieza-girona","22":"tipus-maquinaria-maquina-alquiler","23":"tipus-maquinaria-maquina-de-vapor-de-alquiler","25":"first","26":"instock","27":"shipping-taxable","28":"product-type-simple"},"_links":{"self":[{"href":"https:\/\/dibosch.com\/es\/wp-json\/wp\/v2\/product\/14792","targetHints":{"allow":["GET"]}}],"collection":[{"href":"https:\/\/dibosch.com\/es\/wp-json\/wp\/v2\/product"}],"about":[{"href":"https:\/\/dibosch.com\/es\/wp-json\/wp\/v2\/types\/product"}],"replies":[{"embeddable":true,"href":"https:\/\/dibosch.com\/es\/wp-json\/wp\/v2\/comments?post=14792"}],"wp:featuredmedia":[{"embeddable":true,"href":"https:\/\/dibosch.com\/es\/wp-json\/wp\/v2\/media\/11322"}],"wp:attachment":[{"href":"https:\/\/dibosch.com\/es\/wp-json\/wp\/v2\/media?parent=14792"}],"wp:term":[{"taxonomy":"product_brand","embeddable":true,"href":"https:\/\/dibosch.com\/es\/wp-json\/wp\/v2\/product_brand?post=14792"},{"taxonomy":"product_cat","embeddable":true,"href":"https:\/\/dibosch.com\/es\/wp-json\/wp\/v2\/product_cat?post=14792"},{"taxonomy":"product_tag","embeddable":true,"href":"https:\/\/dibosch.com\/es\/wp-json\/wp\/v2\/product_tag?post=14792"},{"taxonomy":"marcas","embeddable":true,"href":"https:\/\/dibosch.com\/es\/wp-json\/wp\/v2\/marcas?post=14792"},{"taxonomy":"certificats","embeddable":true,"href":"https:\/\/dibosch.com\/es\/wp-json\/wp\/v2\/certificats?post=14792"},{"taxonomy":"caracteristiques","embeddable":true,"href":"https:\/\/dibosch.com\/es\/wp-json\/wp\/v2\/caracteristiques?post=14792"},{"taxonomy":"tipus-productes","embeddable":true,"href":"https:\/\/dibosch.com\/es\/wp-json\/wp\/v2\/tipus-productes?post=14792"},{"taxonomy":"zona-aplicacio","embeddable":true,"href":"https:\/\/dibosch.com\/es\/wp-json\/wp\/v2\/zona-aplicacio?post=14792"},{"taxonomy":"tipus-maquinaria","embeddable":true,"href":"https:\/\/dibosch.com\/es\/wp-json\/wp\/v2\/tipus-maquinaria?post=14792"}],"curies":[{"name":"wp","href":"https:\/\/api.w.org\/{rel}","templated":true}]}}