{"id":14794,"date":"2022-12-07T11:31:36","date_gmt":"2022-12-07T11:31:36","guid":{"rendered":"https:\/\/www.dibosch.com\/producto\/fastclean-28x32-x90-00007500\/"},"modified":"2023-07-10T10:45:46","modified_gmt":"2023-07-10T10:45:46","slug":"fastclean-28x32-x90-00007500","status":"publish","type":"product","link":"https:\/\/dibosch.com\/es\/producto\/fastclean-28x32-x90-00007500\/","title":{"rendered":"FASTCLEAN 28&#215;32 (x90) 00007500 &#8211; TTS"},"content":{"rendered":"<p><strong>Descripci\u00f3n de producto:<\/strong><\/p>\n<p>Bayeta desechable manual de TNT, en rollo, extracci\u00f3n central &#8211; 90 bayetas pre-cortadas, 32 x 28 cm<\/p>\n<p>Bayeta para la limpieza manual de las superficies, se puede usar en seco o impregnada con detergente o soluci\u00f3n desinfectante<\/p>\n<p>Ideal para una limpieza r\u00e1pida y precisa de superficies<\/p>\n<p>&nbsp;<\/p>\n<p><strong>\u00c1rea de aplicaci\u00f3n:<\/strong><\/p>\n<p>La bayeta es compatible con soluciones desinfectantes y no altera los ingredientes activos.<\/p>\n<p>La bayeta se puede utilizar en la industria alimentaria para la limpieza de las superficies, pero no para el contacto directo con los alimentos<\/p>\n","protected":false},"excerpt":{"rendered":"<p>Descripci\u00f3n de producto: Bayeta desechable manual de TNT, en rollo, extracci\u00f3n central &#8211; 90 bayetas pre-cortadas, 32 x 28 cm Bayeta para la limpieza manual de las superficies, se puede usar en seco o impregnada con detergente o soluci\u00f3n desinfectante Ideal para una limpieza r\u00e1pida y precisa de superficies &nbsp; \u00c1rea de aplicaci\u00f3n: La bayeta [&hellip;]<\/p>\n","protected":false},"featured_media":21658,"comment_status":"closed","ping_status":"closed","template":"","meta":[],"product_brand":[],"product_cat":[753,713,684],"product_tag":[],"marcas":[917],"certificats":[],"caracteristiques":[],"tipus-productes":[],"zona-aplicacio":[],"tipus-maquinaria":[],"class_list":{"0":"post-14794","1":"product","2":"type-product","3":"status-publish","4":"has-post-thumbnail","6":"product_cat-bayetas-y-panos","7":"product_cat-utensilios","8":"product_cat-utiles-de-limpieza","9":"marcas-tts-es","11":"first","12":"instock","13":"product-type-simple"},"_links":{"self":[{"href":"https:\/\/dibosch.com\/es\/wp-json\/wp\/v2\/product\/14794","targetHints":{"allow":["GET"]}}],"collection":[{"href":"https:\/\/dibosch.com\/es\/wp-json\/wp\/v2\/product"}],"about":[{"href":"https:\/\/dibosch.com\/es\/wp-json\/wp\/v2\/types\/product"}],"replies":[{"embeddable":true,"href":"https:\/\/dibosch.com\/es\/wp-json\/wp\/v2\/comments?post=14794"}],"wp:featuredmedia":[{"embeddable":true,"href":"https:\/\/dibosch.com\/es\/wp-json\/wp\/v2\/media\/21658"}],"wp:attachment":[{"href":"https:\/\/dibosch.com\/es\/wp-json\/wp\/v2\/media?parent=14794"}],"wp:term":[{"taxonomy":"product_brand","embeddable":true,"href":"https:\/\/dibosch.com\/es\/wp-json\/wp\/v2\/product_brand?post=14794"},{"taxonomy":"product_cat","embeddable":true,"href":"https:\/\/dibosch.com\/es\/wp-json\/wp\/v2\/product_cat?post=14794"},{"taxonomy":"product_tag","embeddable":true,"href":"https:\/\/dibosch.com\/es\/wp-json\/wp\/v2\/product_tag?post=14794"},{"taxonomy":"marcas","embeddable":true,"href":"https:\/\/dibosch.com\/es\/wp-json\/wp\/v2\/marcas?post=14794"},{"taxonomy":"certificats","embeddable":true,"href":"https:\/\/dibosch.com\/es\/wp-json\/wp\/v2\/certificats?post=14794"},{"taxonomy":"caracteristiques","embeddable":true,"href":"https:\/\/dibosch.com\/es\/wp-json\/wp\/v2\/caracteristiques?post=14794"},{"taxonomy":"tipus-productes","embeddable":true,"href":"https:\/\/dibosch.com\/es\/wp-json\/wp\/v2\/tipus-productes?post=14794"},{"taxonomy":"zona-aplicacio","embeddable":true,"href":"https:\/\/dibosch.com\/es\/wp-json\/wp\/v2\/zona-aplicacio?post=14794"},{"taxonomy":"tipus-maquinaria","embeddable":true,"href":"https:\/\/dibosch.com\/es\/wp-json\/wp\/v2\/tipus-maquinaria?post=14794"}],"curies":[{"name":"wp","href":"https:\/\/api.w.org\/{rel}","templated":true}]}}