{"id":14808,"date":"2022-12-07T11:27:17","date_gmt":"2022-12-07T11:27:17","guid":{"rendered":"https:\/\/www.dibosch.com\/producto\/fd-roomcare-r-3-6x0-75\/"},"modified":"2023-06-22T10:11:19","modified_gmt":"2023-06-22T10:11:19","slug":"fd-roomcare-r-3-6x0-75","status":"publish","type":"product","link":"https:\/\/dibosch.com\/es\/producto\/fd-roomcare-r-3-6x0-75\/","title":{"rendered":"FD-ROOMCARE R-3 (6&#215;0.75) &#8211; DIVERSEY"},"content":{"rendered":"<p><strong>Caracter\u00edsticas del producto:<\/strong><\/p>\n<p>Room Care R3 es un limpiador en aerosol listo para usar para la limpieza de cristales, espejos y otras superficies duras resistentes al agua. Altamente eficaz, pH neutro. Se seca r\u00e1pidamente sin dejar marcas. Fragancia ligera, delicada y fresca. Posee la tecnolog\u00eda patentada O.N.T. que neutraliza<\/p>\n<p>&nbsp;<\/p>\n<p><strong>Modo de empleo:<\/strong><\/p>\n<p>Dosificaci\u00f3n: Producto listo para usar. No requiere ser diluido.<\/p>\n<p>Pulverice una peque\u00f1a cantidad de Room Care R3 en un pa\u00f1o \/ bayeta suave y sin pelusas y limpie la superficie. Ideal para ser utilizado con un pa\u00f1o de microfibra TASKI\u00ae. Pulir con un pa\u00f1o seco \/ toalla de papel para lograr un brillo adicional. Para una aplicaci\u00f3n m\u00e1s detallada, consulte la Mini Gu\u00eda de Room Care R3.<\/p>\n<p>&nbsp;<\/p>\n<p><strong>No indicado para:<\/strong><\/p>\n<p>No usar en superficies sensibles al agua. Pruebe la compatibilidad con el material en un lugar peque\u00f1o y discreto antes de su uso<\/p>\n","protected":false},"excerpt":{"rendered":"<p>Detergente concentrado para la limpieza de cristales<\/p>\n","protected":false},"featured_media":19239,"comment_status":"closed","ping_status":"closed","template":"","meta":[],"product_brand":[],"product_cat":[689,694,740],"product_tag":[],"marcas":[],"certificats":[],"caracteristiques":[],"tipus-productes":[],"zona-aplicacio":[953,948,946],"tipus-maquinaria":[],"class_list":{"0":"post-14808","1":"product","2":"type-product","3":"status-publish","4":"has-post-thumbnail","6":"product_cat-productos-de-limpieza","7":"product_cat-quimicos","8":"product_cat-superficies-es","9":"zona-aplicacio-cristales-y-espejos","10":"zona-aplicacio-zona-habitaciones","11":"zona-aplicacio-zonas-comunes","13":"first","14":"instock","15":"product-type-simple"},"_links":{"self":[{"href":"https:\/\/dibosch.com\/es\/wp-json\/wp\/v2\/product\/14808","targetHints":{"allow":["GET"]}}],"collection":[{"href":"https:\/\/dibosch.com\/es\/wp-json\/wp\/v2\/product"}],"about":[{"href":"https:\/\/dibosch.com\/es\/wp-json\/wp\/v2\/types\/product"}],"replies":[{"embeddable":true,"href":"https:\/\/dibosch.com\/es\/wp-json\/wp\/v2\/comments?post=14808"}],"wp:featuredmedia":[{"embeddable":true,"href":"https:\/\/dibosch.com\/es\/wp-json\/wp\/v2\/media\/19239"}],"wp:attachment":[{"href":"https:\/\/dibosch.com\/es\/wp-json\/wp\/v2\/media?parent=14808"}],"wp:term":[{"taxonomy":"product_brand","embeddable":true,"href":"https:\/\/dibosch.com\/es\/wp-json\/wp\/v2\/product_brand?post=14808"},{"taxonomy":"product_cat","embeddable":true,"href":"https:\/\/dibosch.com\/es\/wp-json\/wp\/v2\/product_cat?post=14808"},{"taxonomy":"product_tag","embeddable":true,"href":"https:\/\/dibosch.com\/es\/wp-json\/wp\/v2\/product_tag?post=14808"},{"taxonomy":"marcas","embeddable":true,"href":"https:\/\/dibosch.com\/es\/wp-json\/wp\/v2\/marcas?post=14808"},{"taxonomy":"certificats","embeddable":true,"href":"https:\/\/dibosch.com\/es\/wp-json\/wp\/v2\/certificats?post=14808"},{"taxonomy":"caracteristiques","embeddable":true,"href":"https:\/\/dibosch.com\/es\/wp-json\/wp\/v2\/caracteristiques?post=14808"},{"taxonomy":"tipus-productes","embeddable":true,"href":"https:\/\/dibosch.com\/es\/wp-json\/wp\/v2\/tipus-productes?post=14808"},{"taxonomy":"zona-aplicacio","embeddable":true,"href":"https:\/\/dibosch.com\/es\/wp-json\/wp\/v2\/zona-aplicacio?post=14808"},{"taxonomy":"tipus-maquinaria","embeddable":true,"href":"https:\/\/dibosch.com\/es\/wp-json\/wp\/v2\/tipus-maquinaria?post=14808"}],"curies":[{"name":"wp","href":"https:\/\/api.w.org\/{rel}","templated":true}]}}