{"id":14818,"date":"2022-12-07T11:26:00","date_gmt":"2022-12-07T11:26:00","guid":{"rendered":"https:\/\/www.dibosch.com\/producto\/m-hidrolimpiadora-cuadro-1000-tst\/"},"modified":"2024-04-29T11:45:18","modified_gmt":"2024-04-29T11:45:18","slug":"m-hidrolimpiadora-cuadro-1000-tst","status":"publish","type":"product","link":"https:\/\/dibosch.com\/es\/producto\/m-hidrolimpiadora-cuadro-1000-tst\/","title":{"rendered":"HIDROLIMPIADORA CUADRO 1000 TST- KRANZLE"},"content":{"rendered":"<p>Kr\u00e4nzle quadro 1000\u00a0 TST (con tambor de manguera) oder TS (sin tambor de manguera)<\/p>\n<p>Caracter\u00edsticas de producto:<\/p>\n<p>Caja de cambios y c\u00e1rter de aceite sobredimensionados<br \/>\nChasis Roto-Mold &#8211; pr\u00e1cticamente indestructible<br \/>\nRegulaci\u00f3n de la presi\u00f3n: presi\u00f3n de trabajo infinitamente variable<br \/>\nSistema de parada total con parada retardada del motor para aliviar la bomba de alta presi\u00f3n<br \/>\ncarrete de manguera integrado con manivela plegable (versi\u00f3n TST)<br \/>\nManguera de alta presi\u00f3n de 20 m (con carrete)<br \/>\nManguera de alta presi\u00f3n de 10 m (sin carrete)<br \/>\nCable de conexi\u00f3n de 7,5 m con carrete de cable<br \/>\nMango ergon\u00f3mico y desmontable, opcionalmente tambi\u00e9n en versi\u00f3n de acero inoxidable<br \/>\nLanza Turbokiller con tubo de acero inoxidable<br \/>\nLanza de acero inoxidable con boquilla plana<br \/>\nSistema de pedidos<br \/>\nDep\u00f3sito de agua integrado: evita que se da\u00f1e la bomba de alta presi\u00f3n en caso de escasez de agua<br \/>\nAspiraci\u00f3n de productos de limpieza<br \/>\nProtecci\u00f3n de carnero, opcionalmente tambi\u00e9n en dise\u00f1o de acero inoxidable<br \/>\nFreno de estacionamiento<\/p>\n","protected":false},"excerpt":{"rendered":"<p>Presi\u00f3n: 30-220 bar |Cabal: 960 l\/h | Peso 89 kg |agua fr\u00eda | Tensi\u00f3n: 400V |Potencia 7,5 kW | predip\u00f3sito agua incorporado<\/p>\n","protected":false},"featured_media":26907,"comment_status":"closed","ping_status":"closed","template":"","meta":[],"product_brand":[],"product_cat":[739,1202,577],"product_tag":[],"marcas":[931],"certificats":[],"caracteristiques":[],"tipus-productes":[],"zona-aplicacio":[951,950,949],"tipus-maquinaria":[],"class_list":{"0":"post-14818","1":"product","2":"type-product","3":"status-publish","4":"has-post-thumbnail","6":"product_cat-hidrolimpiadoras","7":"product_cat-hidrolimpiadoras-profesionales-para-limpieza-industrial","8":"product_cat-maquinas","9":"marcas-kranzle-es","10":"zona-aplicacio-exteriores-y-fachadas","11":"zona-aplicacio-zona-manipulacion-de-alimentos-industria","12":"zona-aplicacio-zona-produccion-y-talleres","14":"first","15":"instock","16":"product-type-simple"},"_links":{"self":[{"href":"https:\/\/dibosch.com\/es\/wp-json\/wp\/v2\/product\/14818","targetHints":{"allow":["GET"]}}],"collection":[{"href":"https:\/\/dibosch.com\/es\/wp-json\/wp\/v2\/product"}],"about":[{"href":"https:\/\/dibosch.com\/es\/wp-json\/wp\/v2\/types\/product"}],"replies":[{"embeddable":true,"href":"https:\/\/dibosch.com\/es\/wp-json\/wp\/v2\/comments?post=14818"}],"wp:featuredmedia":[{"embeddable":true,"href":"https:\/\/dibosch.com\/es\/wp-json\/wp\/v2\/media\/26907"}],"wp:attachment":[{"href":"https:\/\/dibosch.com\/es\/wp-json\/wp\/v2\/media?parent=14818"}],"wp:term":[{"taxonomy":"product_brand","embeddable":true,"href":"https:\/\/dibosch.com\/es\/wp-json\/wp\/v2\/product_brand?post=14818"},{"taxonomy":"product_cat","embeddable":true,"href":"https:\/\/dibosch.com\/es\/wp-json\/wp\/v2\/product_cat?post=14818"},{"taxonomy":"product_tag","embeddable":true,"href":"https:\/\/dibosch.com\/es\/wp-json\/wp\/v2\/product_tag?post=14818"},{"taxonomy":"marcas","embeddable":true,"href":"https:\/\/dibosch.com\/es\/wp-json\/wp\/v2\/marcas?post=14818"},{"taxonomy":"certificats","embeddable":true,"href":"https:\/\/dibosch.com\/es\/wp-json\/wp\/v2\/certificats?post=14818"},{"taxonomy":"caracteristiques","embeddable":true,"href":"https:\/\/dibosch.com\/es\/wp-json\/wp\/v2\/caracteristiques?post=14818"},{"taxonomy":"tipus-productes","embeddable":true,"href":"https:\/\/dibosch.com\/es\/wp-json\/wp\/v2\/tipus-productes?post=14818"},{"taxonomy":"zona-aplicacio","embeddable":true,"href":"https:\/\/dibosch.com\/es\/wp-json\/wp\/v2\/zona-aplicacio?post=14818"},{"taxonomy":"tipus-maquinaria","embeddable":true,"href":"https:\/\/dibosch.com\/es\/wp-json\/wp\/v2\/tipus-maquinaria?post=14818"}],"curies":[{"name":"wp","href":"https:\/\/api.w.org\/{rel}","templated":true}]}}