{"id":14828,"date":"2022-12-07T11:27:06","date_gmt":"2022-12-07T11:27:06","guid":{"rendered":"https:\/\/www.dibosch.com\/producto\/fd-suredis-bp20\/"},"modified":"2025-09-24T09:09:08","modified_gmt":"2025-09-24T09:09:08","slug":"fd-suredis-bp20","status":"publish","type":"product","link":"https:\/\/dibosch.com\/es\/producto\/fd-suredis-bp20\/","title":{"rendered":"FD- SUREDIS BP20 &#8211; DIVERSEY"},"content":{"rendered":"<p><strong>Caracter\u00edsticas del producto:<\/strong><\/p>\n<p>Divosan Suredis es un desinfectante terminal altamente efectivo para aplicar sobre superficies externas en industrias de alimentaci\u00f3n, bebida y l\u00e1cteas. Los componentes utilizados en Divosan Suredis han sido cuidadosamente seleccionados para reducir el impacto ambiental.<\/p>\n<p>Est\u00e1 basado en una mezcla de biocidas con actividad de superficie, tensioactivos, sinergizadores alcalinos y agentes secuestrantes. Esta formulaci\u00f3n \u00fanica proporciona una excelente actividad desinfectante contra la mayor\u00eda de las formas vegetativas de microorganismos de incluyendo bacterias Gram-positivo y Gram-negativo y levaduras.<\/p>\n<p>Adem\u00e1s, contiene ingredientes especialmente seleccionados para reducir el impacto ambiental en sistemas de tratamiento de agua y tiene una Demanda Qu\u00edmica de Ox\u00edgeno m\u00e1s baja que la mayor\u00eda de otros desinfectantes en su clase.<\/p>\n<p>&nbsp;<\/p>\n<p><strong>Manual de uso:<\/strong><\/p>\n<p>Usar Divosan Suredis a concentraciones entre 1-2.5% v\/v dependiendo de la aplicaci\u00f3n. Enjuagar abundantemente siempre despu\u00e9s de su uso.<\/p>\n<p>Evitar inhalar los aerosoles en las aplicaciones por pulverizaci\u00f3n.<\/p>\n<p>Para desinfecci\u00f3n a\u00e9rea, no aplicar en presencia de personas y guardar los plazos de seguridad indicados. Usar mascarilla adecuada.<\/p>\n<p>Para m\u00e1s detalles, por favor consultar el Plan de Higiene individual.<\/p>\n","protected":false},"excerpt":{"rendered":"<p>Desinfectante anfot\u00e9rico bajo impacto medio ambital.<\/p>\n","protected":false},"featured_media":21359,"comment_status":"closed","ping_status":"closed","template":"","meta":[],"product_brand":[],"product_cat":[768,715,689],"product_tag":[],"marcas":[],"certificats":[933,934,932,935],"caracteristiques":[],"tipus-productes":[],"zona-aplicacio":[],"tipus-maquinaria":[],"class_list":{"0":"post-14828","1":"product","2":"type-product","3":"status-publish","4":"has-post-thumbnail","6":"product_cat-desinfectantes","7":"product_cat-especificos-para-industria-alimentaria","8":"product_cat-productos-de-limpieza","9":"certificats-bactericida-es","10":"certificats-fungicida-es","11":"certificats-ha-es","12":"certificats-viricida-es","14":"first","15":"instock","16":"product-type-simple"},"_links":{"self":[{"href":"https:\/\/dibosch.com\/es\/wp-json\/wp\/v2\/product\/14828","targetHints":{"allow":["GET"]}}],"collection":[{"href":"https:\/\/dibosch.com\/es\/wp-json\/wp\/v2\/product"}],"about":[{"href":"https:\/\/dibosch.com\/es\/wp-json\/wp\/v2\/types\/product"}],"replies":[{"embeddable":true,"href":"https:\/\/dibosch.com\/es\/wp-json\/wp\/v2\/comments?post=14828"}],"wp:featuredmedia":[{"embeddable":true,"href":"https:\/\/dibosch.com\/es\/wp-json\/wp\/v2\/media\/21359"}],"wp:attachment":[{"href":"https:\/\/dibosch.com\/es\/wp-json\/wp\/v2\/media?parent=14828"}],"wp:term":[{"taxonomy":"product_brand","embeddable":true,"href":"https:\/\/dibosch.com\/es\/wp-json\/wp\/v2\/product_brand?post=14828"},{"taxonomy":"product_cat","embeddable":true,"href":"https:\/\/dibosch.com\/es\/wp-json\/wp\/v2\/product_cat?post=14828"},{"taxonomy":"product_tag","embeddable":true,"href":"https:\/\/dibosch.com\/es\/wp-json\/wp\/v2\/product_tag?post=14828"},{"taxonomy":"marcas","embeddable":true,"href":"https:\/\/dibosch.com\/es\/wp-json\/wp\/v2\/marcas?post=14828"},{"taxonomy":"certificats","embeddable":true,"href":"https:\/\/dibosch.com\/es\/wp-json\/wp\/v2\/certificats?post=14828"},{"taxonomy":"caracteristiques","embeddable":true,"href":"https:\/\/dibosch.com\/es\/wp-json\/wp\/v2\/caracteristiques?post=14828"},{"taxonomy":"tipus-productes","embeddable":true,"href":"https:\/\/dibosch.com\/es\/wp-json\/wp\/v2\/tipus-productes?post=14828"},{"taxonomy":"zona-aplicacio","embeddable":true,"href":"https:\/\/dibosch.com\/es\/wp-json\/wp\/v2\/zona-aplicacio?post=14828"},{"taxonomy":"tipus-maquinaria","embeddable":true,"href":"https:\/\/dibosch.com\/es\/wp-json\/wp\/v2\/tipus-maquinaria?post=14828"}],"curies":[{"name":"wp","href":"https:\/\/api.w.org\/{rel}","templated":true}]}}