{"id":14849,"date":"2022-12-07T11:29:31","date_gmt":"2022-12-07T11:29:31","guid":{"rendered":"https:\/\/www.dibosch.com\/producto\/bayeta-breazy-azul-vileda-x25\/"},"modified":"2023-07-10T08:04:47","modified_gmt":"2023-07-10T08:04:47","slug":"bayeta-breazy-azul-vileda-x25","status":"publish","type":"product","link":"https:\/\/dibosch.com\/es\/producto\/bayeta-breazy-azul-vileda-x25\/","title":{"rendered":"BAYETA BREAZY AZUL VILEDA (x25) &#8211; VILEDA"},"content":{"rendered":"<p><strong>Descripci\u00f3n de producto:<\/strong><\/p>\n<p>Su estructura en \u201condas\u201d es una tecnolog\u00eda patentada por Freudenberg, donde las ondas crean cavidades en la superficie de la bayeta, las cuales capturan m\u00e1s de un 40% de suciedad, en comparaci\u00f3n con una bayeta tradicional lisa.<\/p>\n<p>La especial mezcla de fibras de la bayeta Breazy, incluyendo microfibras, se traduce en una limpieza m\u00e1s efectiva.<br \/>\nBreazy es una herramienta de limpieza semi-desechable, se puede usar un solo d\u00eda o bien lavarla hasta 15 veces<\/p>\n<p>&nbsp;<\/p>\n<p><strong>C\u00f3mo utilizar:<\/strong><\/p>\n<p>\u2022 Preparar un cubo de 6-8 litros con la disoluci\u00f3n para limpiar, o bien en una botella con espray.<br \/>\n\u2022 Aclare la bayeta en el cubo.<br \/>\n\u2022 Esc\u00farrala en funci\u00f3n del nivel de humedad necesario.<br \/>\n\u2022 D\u00f3blela dos veces.<br \/>\n\u2022 Vaya cambiando las caras de la bayeta a medida que est\u00e9n sucias, aplicando la t\u00e9cnica de los 8 lados.<br \/>\n\u2022 Cuando la bayeta est\u00e9 completamente sucia, l\u00edmpiela y acl\u00e1rela en el cubo o bajo un grifo.<br \/>\n\u2022 Reempl\u00e1cela cuando ya no sea \u00fatil.<\/p>\n<p>&nbsp;<\/p>\n<p><strong>\u00c1rea de aplicaci\u00f3n:<\/strong><\/p>\n<p>Bayeta dise\u00f1ada para su empleo en tareas de limpieza profesional de todo tipo de superficies, con una muy alta capacidad de captura de suciedad gracias al Efecto 3D y<br \/>\nsu tecnolog\u00eda Novolon.<\/p>\n","protected":false},"excerpt":{"rendered":"<p>Bayeta semi-solo uso con estructura en ondas.<\/p>\n","protected":false},"featured_media":21585,"comment_status":"closed","ping_status":"closed","template":"","meta":[],"product_brand":[],"product_cat":[753,713,684],"product_tag":[],"marcas":[928],"certificats":[],"caracteristiques":[],"tipus-productes":[],"zona-aplicacio":[],"tipus-maquinaria":[],"class_list":{"0":"post-14849","1":"product","2":"type-product","3":"status-publish","4":"has-post-thumbnail","6":"product_cat-bayetas-y-panos","7":"product_cat-utensilios","8":"product_cat-utiles-de-limpieza","9":"marcas-vileda-es","11":"first","12":"instock","13":"product-type-simple"},"_links":{"self":[{"href":"https:\/\/dibosch.com\/es\/wp-json\/wp\/v2\/product\/14849","targetHints":{"allow":["GET"]}}],"collection":[{"href":"https:\/\/dibosch.com\/es\/wp-json\/wp\/v2\/product"}],"about":[{"href":"https:\/\/dibosch.com\/es\/wp-json\/wp\/v2\/types\/product"}],"replies":[{"embeddable":true,"href":"https:\/\/dibosch.com\/es\/wp-json\/wp\/v2\/comments?post=14849"}],"wp:featuredmedia":[{"embeddable":true,"href":"https:\/\/dibosch.com\/es\/wp-json\/wp\/v2\/media\/21585"}],"wp:attachment":[{"href":"https:\/\/dibosch.com\/es\/wp-json\/wp\/v2\/media?parent=14849"}],"wp:term":[{"taxonomy":"product_brand","embeddable":true,"href":"https:\/\/dibosch.com\/es\/wp-json\/wp\/v2\/product_brand?post=14849"},{"taxonomy":"product_cat","embeddable":true,"href":"https:\/\/dibosch.com\/es\/wp-json\/wp\/v2\/product_cat?post=14849"},{"taxonomy":"product_tag","embeddable":true,"href":"https:\/\/dibosch.com\/es\/wp-json\/wp\/v2\/product_tag?post=14849"},{"taxonomy":"marcas","embeddable":true,"href":"https:\/\/dibosch.com\/es\/wp-json\/wp\/v2\/marcas?post=14849"},{"taxonomy":"certificats","embeddable":true,"href":"https:\/\/dibosch.com\/es\/wp-json\/wp\/v2\/certificats?post=14849"},{"taxonomy":"caracteristiques","embeddable":true,"href":"https:\/\/dibosch.com\/es\/wp-json\/wp\/v2\/caracteristiques?post=14849"},{"taxonomy":"tipus-productes","embeddable":true,"href":"https:\/\/dibosch.com\/es\/wp-json\/wp\/v2\/tipus-productes?post=14849"},{"taxonomy":"zona-aplicacio","embeddable":true,"href":"https:\/\/dibosch.com\/es\/wp-json\/wp\/v2\/zona-aplicacio?post=14849"},{"taxonomy":"tipus-maquinaria","embeddable":true,"href":"https:\/\/dibosch.com\/es\/wp-json\/wp\/v2\/tipus-maquinaria?post=14849"}],"curies":[{"name":"wp","href":"https:\/\/api.w.org\/{rel}","templated":true}]}}