{"id":14853,"date":"2022-12-07T11:28:22","date_gmt":"2022-12-07T11:28:22","guid":{"rendered":"https:\/\/www.dibosch.com\/producto\/m-saco-de-resina-25kg\/"},"modified":"2024-07-04T07:59:20","modified_gmt":"2024-07-04T07:59:20","slug":"m-saco-de-resina-25kg","status":"publish","type":"product","link":"https:\/\/dibosch.com\/es\/producto\/m-saco-de-resina-25kg\/","title":{"rendered":"SACO DE RESINA 25kg"},"content":{"rendered":"<p>Es una mezcla equilibrada y homog\u00e9nea de un cati\u00f3n de \u00e1cido fuerte oscuro y una base clara de resinas de intercambio ani\u00f3nico.<\/p>\n<p>Es resina completamente pre mezclada regenerada, lista para usar, desarrollada para la producci\u00f3n de alta pureza en aplicaciones de pulido de lecho mixto y de trabajo<\/p>\n","protected":false},"excerpt":{"rendered":"<p>Es una mezcla equilibrada y homog\u00e9nea de un cati\u00f3n de \u00e1cido fuerte oscuro y una base clara de resinas de intercambio ani\u00f3nico. Es resina completamente pre mezclada regenerada, lista para usar, desarrollada para la producci\u00f3n de alta pureza en aplicaciones de pulido de lecho mixto y de trabajo<\/p>\n","protected":false},"featured_media":25153,"comment_status":"closed","ping_status":"closed","template":"","meta":[],"product_brand":[],"product_cat":[804],"product_tag":[],"marcas":[],"certificats":[],"caracteristiques":[],"tipus-productes":[],"zona-aplicacio":[],"tipus-maquinaria":[],"class_list":{"0":"post-14853","1":"product","2":"type-product","3":"status-publish","4":"has-post-thumbnail","6":"product_cat-accesorios-maquinas-limpia-cristales","8":"first","9":"instock","10":"product-type-simple"},"_links":{"self":[{"href":"https:\/\/dibosch.com\/es\/wp-json\/wp\/v2\/product\/14853","targetHints":{"allow":["GET"]}}],"collection":[{"href":"https:\/\/dibosch.com\/es\/wp-json\/wp\/v2\/product"}],"about":[{"href":"https:\/\/dibosch.com\/es\/wp-json\/wp\/v2\/types\/product"}],"replies":[{"embeddable":true,"href":"https:\/\/dibosch.com\/es\/wp-json\/wp\/v2\/comments?post=14853"}],"wp:featuredmedia":[{"embeddable":true,"href":"https:\/\/dibosch.com\/es\/wp-json\/wp\/v2\/media\/25153"}],"wp:attachment":[{"href":"https:\/\/dibosch.com\/es\/wp-json\/wp\/v2\/media?parent=14853"}],"wp:term":[{"taxonomy":"product_brand","embeddable":true,"href":"https:\/\/dibosch.com\/es\/wp-json\/wp\/v2\/product_brand?post=14853"},{"taxonomy":"product_cat","embeddable":true,"href":"https:\/\/dibosch.com\/es\/wp-json\/wp\/v2\/product_cat?post=14853"},{"taxonomy":"product_tag","embeddable":true,"href":"https:\/\/dibosch.com\/es\/wp-json\/wp\/v2\/product_tag?post=14853"},{"taxonomy":"marcas","embeddable":true,"href":"https:\/\/dibosch.com\/es\/wp-json\/wp\/v2\/marcas?post=14853"},{"taxonomy":"certificats","embeddable":true,"href":"https:\/\/dibosch.com\/es\/wp-json\/wp\/v2\/certificats?post=14853"},{"taxonomy":"caracteristiques","embeddable":true,"href":"https:\/\/dibosch.com\/es\/wp-json\/wp\/v2\/caracteristiques?post=14853"},{"taxonomy":"tipus-productes","embeddable":true,"href":"https:\/\/dibosch.com\/es\/wp-json\/wp\/v2\/tipus-productes?post=14853"},{"taxonomy":"zona-aplicacio","embeddable":true,"href":"https:\/\/dibosch.com\/es\/wp-json\/wp\/v2\/zona-aplicacio?post=14853"},{"taxonomy":"tipus-maquinaria","embeddable":true,"href":"https:\/\/dibosch.com\/es\/wp-json\/wp\/v2\/tipus-maquinaria?post=14853"}],"curies":[{"name":"wp","href":"https:\/\/api.w.org\/{rel}","templated":true}]}}