{"id":14866,"date":"2022-12-07T11:31:06","date_gmt":"2022-12-07T11:31:06","guid":{"rendered":"https:\/\/www.dibosch.com\/producto\/papel-higienico-domestico-2c-pp-50m-x48\/"},"modified":"2023-07-06T08:23:13","modified_gmt":"2023-07-06T08:23:13","slug":"papel-higienico-domestico-2c-pp-50m-x48","status":"publish","type":"product","link":"https:\/\/dibosch.com\/es\/producto\/papel-higienico-domestico-2c-pp-50m-x48\/","title":{"rendered":"PAPEL HIGI\u00c9NICO DOM\u00c9STICO 2C PP 50m (x48) &#8211; LC PAPER"},"content":{"rendered":"<p>Papel higi\u00e9nico, blanco, 2 capas. Rollo tama\u00f1o dom\u00e9stico<\/p>\n<ul>\n<li>48 rollos x 50 m<\/li>\n<li>Celulosa ecol\u00f3gica<\/li>\n<li>Certificaci\u00f3n FSC<\/li>\n<li>Producto Sostenible, certificaci\u00f3n EU-Ecolabel<\/li>\n<li>Fabricado con energ\u00edas 100% renovables y con huella de carbono auditada<\/li>\n<li>M\u00e1xima suavidad<\/li>\n<li>Elegante acabado<\/li>\n<\/ul>\n","protected":false},"excerpt":{"rendered":"<p>Papel higi\u00e9nico dom\u00e9stico 2C. 50m\/rull. 48 rollos\/paquete.<\/p>\n","protected":false},"featured_media":21478,"comment_status":"closed","ping_status":"closed","template":"","meta":[],"product_brand":[],"product_cat":[737,738],"product_tag":[],"marcas":[],"certificats":[936,974,975],"caracteristiques":[940],"tipus-productes":[],"zona-aplicacio":[945],"tipus-maquinaria":[],"class_list":{"0":"post-14866","1":"product","2":"type-product","3":"status-publish","4":"has-post-thumbnail","6":"product_cat-celulosa","7":"product_cat-papel-higienico","8":"certificats-eu-ecolabel-es","9":"certificats-fsc-es","10":"certificats-pefc-es","11":"caracteristiques-ecologicos-es","12":"zona-aplicacio-zona-bano","14":"first","15":"instock","16":"product-type-simple"},"_links":{"self":[{"href":"https:\/\/dibosch.com\/es\/wp-json\/wp\/v2\/product\/14866","targetHints":{"allow":["GET"]}}],"collection":[{"href":"https:\/\/dibosch.com\/es\/wp-json\/wp\/v2\/product"}],"about":[{"href":"https:\/\/dibosch.com\/es\/wp-json\/wp\/v2\/types\/product"}],"replies":[{"embeddable":true,"href":"https:\/\/dibosch.com\/es\/wp-json\/wp\/v2\/comments?post=14866"}],"wp:featuredmedia":[{"embeddable":true,"href":"https:\/\/dibosch.com\/es\/wp-json\/wp\/v2\/media\/21478"}],"wp:attachment":[{"href":"https:\/\/dibosch.com\/es\/wp-json\/wp\/v2\/media?parent=14866"}],"wp:term":[{"taxonomy":"product_brand","embeddable":true,"href":"https:\/\/dibosch.com\/es\/wp-json\/wp\/v2\/product_brand?post=14866"},{"taxonomy":"product_cat","embeddable":true,"href":"https:\/\/dibosch.com\/es\/wp-json\/wp\/v2\/product_cat?post=14866"},{"taxonomy":"product_tag","embeddable":true,"href":"https:\/\/dibosch.com\/es\/wp-json\/wp\/v2\/product_tag?post=14866"},{"taxonomy":"marcas","embeddable":true,"href":"https:\/\/dibosch.com\/es\/wp-json\/wp\/v2\/marcas?post=14866"},{"taxonomy":"certificats","embeddable":true,"href":"https:\/\/dibosch.com\/es\/wp-json\/wp\/v2\/certificats?post=14866"},{"taxonomy":"caracteristiques","embeddable":true,"href":"https:\/\/dibosch.com\/es\/wp-json\/wp\/v2\/caracteristiques?post=14866"},{"taxonomy":"tipus-productes","embeddable":true,"href":"https:\/\/dibosch.com\/es\/wp-json\/wp\/v2\/tipus-productes?post=14866"},{"taxonomy":"zona-aplicacio","embeddable":true,"href":"https:\/\/dibosch.com\/es\/wp-json\/wp\/v2\/zona-aplicacio?post=14866"},{"taxonomy":"tipus-maquinaria","embeddable":true,"href":"https:\/\/dibosch.com\/es\/wp-json\/wp\/v2\/tipus-maquinaria?post=14866"}],"curies":[{"name":"wp","href":"https:\/\/api.w.org\/{rel}","templated":true}]}}