{"id":14900,"date":"2022-12-07T11:31:44","date_gmt":"2022-12-07T11:31:44","guid":{"rendered":"https:\/\/www.dibosch.com\/producto\/suavigen-captive-bp5\/"},"modified":"2023-06-30T07:29:12","modified_gmt":"2023-06-30T07:29:12","slug":"suavigen-captive-bp5","status":"publish","type":"product","link":"https:\/\/dibosch.com\/es\/producto\/suavigen-captive-bp5\/","title":{"rendered":"SUAVIGEN CAPTIVE BP5 &#8211; SUCITESA"},"content":{"rendered":"<p><strong>Caracter\u00edsticas del producto:<\/strong><\/p>\n<p>Con tecnolog\u00eda de micro-encapsulado que libera el perfume al utilizar las prendas de ropa. Agradable sensaci\u00f3n de acabado de lavar.<\/p>\n<p>Proporciona sensaci\u00f3n de suavidad y frescura a los tejidos. Facilita el planchado y evita que las piezas se vuelvan \u00e1speras. Efecto antiest\u00e1tico.<\/p>\n<p>Aroma Floral velve<\/p>\n<p>&nbsp;<\/p>\n<p><strong>Manual de uso:<\/strong><\/p>\n<p>Dosificar en el \u00faltimo enjuagado de forma manual o uso autom\u00e1tico en sistemas LAVAMATIC de dosificaci\u00f3n. Tacto suave (g\/ Kg roba): 5-7. Tacto extra suave (g\/ Kg roba): 8-10.<\/p>\n<p>&nbsp;<\/p>\n<p><strong>Indicado para:<\/strong><\/p>\n<p>Indicado para todo tipo de tejido (toallas, s\u00e1banas, lana, piezas delicadas) lava-centr\u00edfugas y procesos en continuo.<\/p>\n","protected":false},"excerpt":{"rendered":"<p>Suavizante que facilita el planchado. Aroma Flora<\/p>\n","protected":false},"featured_media":26761,"comment_status":"closed","ping_status":"closed","template":"","meta":[],"product_brand":[],"product_cat":[690,689,712],"product_tag":[],"marcas":[922],"certificats":[],"caracteristiques":[],"tipus-productes":[],"zona-aplicacio":[],"tipus-maquinaria":[],"class_list":{"0":"post-14900","1":"product","2":"type-product","3":"status-publish","4":"has-post-thumbnail","6":"product_cat-especificos-para-lavanderia","7":"product_cat-productos-de-limpieza","8":"product_cat-suavizantes","9":"marcas-sucitesa-es","11":"first","12":"instock","13":"product-type-simple"},"_links":{"self":[{"href":"https:\/\/dibosch.com\/es\/wp-json\/wp\/v2\/product\/14900","targetHints":{"allow":["GET"]}}],"collection":[{"href":"https:\/\/dibosch.com\/es\/wp-json\/wp\/v2\/product"}],"about":[{"href":"https:\/\/dibosch.com\/es\/wp-json\/wp\/v2\/types\/product"}],"replies":[{"embeddable":true,"href":"https:\/\/dibosch.com\/es\/wp-json\/wp\/v2\/comments?post=14900"}],"wp:featuredmedia":[{"embeddable":true,"href":"https:\/\/dibosch.com\/es\/wp-json\/wp\/v2\/media\/26761"}],"wp:attachment":[{"href":"https:\/\/dibosch.com\/es\/wp-json\/wp\/v2\/media?parent=14900"}],"wp:term":[{"taxonomy":"product_brand","embeddable":true,"href":"https:\/\/dibosch.com\/es\/wp-json\/wp\/v2\/product_brand?post=14900"},{"taxonomy":"product_cat","embeddable":true,"href":"https:\/\/dibosch.com\/es\/wp-json\/wp\/v2\/product_cat?post=14900"},{"taxonomy":"product_tag","embeddable":true,"href":"https:\/\/dibosch.com\/es\/wp-json\/wp\/v2\/product_tag?post=14900"},{"taxonomy":"marcas","embeddable":true,"href":"https:\/\/dibosch.com\/es\/wp-json\/wp\/v2\/marcas?post=14900"},{"taxonomy":"certificats","embeddable":true,"href":"https:\/\/dibosch.com\/es\/wp-json\/wp\/v2\/certificats?post=14900"},{"taxonomy":"caracteristiques","embeddable":true,"href":"https:\/\/dibosch.com\/es\/wp-json\/wp\/v2\/caracteristiques?post=14900"},{"taxonomy":"tipus-productes","embeddable":true,"href":"https:\/\/dibosch.com\/es\/wp-json\/wp\/v2\/tipus-productes?post=14900"},{"taxonomy":"zona-aplicacio","embeddable":true,"href":"https:\/\/dibosch.com\/es\/wp-json\/wp\/v2\/zona-aplicacio?post=14900"},{"taxonomy":"tipus-maquinaria","embeddable":true,"href":"https:\/\/dibosch.com\/es\/wp-json\/wp\/v2\/tipus-maquinaria?post=14900"}],"curies":[{"name":"wp","href":"https:\/\/api.w.org\/{rel}","templated":true}]}}