{"id":14901,"date":"2022-12-07T11:32:12","date_gmt":"2022-12-07T11:32:12","guid":{"rendered":"https:\/\/www.dibosch.com\/producto\/m-atomizador-0-5l-tecnovap\/"},"modified":"2023-08-08T07:54:08","modified_gmt":"2023-08-08T07:54:08","slug":"m-atomizador-0-5l-tecnovap","status":"publish","type":"product","link":"https:\/\/dibosch.com\/es\/producto\/m-atomizador-0-5l-tecnovap\/","title":{"rendered":"ATOMIZADOR 0.5L TECNOVAP"},"content":{"rendered":"<p>Boquilla nebulizadora con botella para la desinfecci\u00f3n con limpiador de vapor y manga 6 de julio bar.<\/p>\n<p>Nebulizador con botella de 0,5 litros<br \/>\nDisponible tambi\u00e9n en botella 1 litro<\/p>\n<p>&nbsp;<\/p>\n<p><strong>Importante<\/strong><br \/>\nNo utilice desinfectantes a base de alcohol (puede ser explosivo en el aire); utilizar desinfectantes con baja concentraci\u00f3n de per\u00f3xido de hidr\u00f3geno, adecuadamente diluidos con agua.<\/p>\n","protected":false},"excerpt":{"rendered":"<p>Boquilla nebulizadora con botella para la desinfecci\u00f3n con limpiador de vapor y manga 6 de julio bar. Nebulizador con botella de 0,5 litros Disponible tambi\u00e9n en botella 1 litro &nbsp; Importante No utilice desinfectantes a base de alcohol (puede ser explosivo en el aire); utilizar desinfectantes con baja concentraci\u00f3n de per\u00f3xido de hidr\u00f3geno, adecuadamente diluidos [&hellip;]<\/p>\n","protected":false},"featured_media":24896,"comment_status":"closed","ping_status":"closed","template":"","meta":[],"product_brand":[],"product_cat":[662],"product_tag":[],"marcas":[913],"certificats":[],"caracteristiques":[],"tipus-productes":[],"zona-aplicacio":[],"tipus-maquinaria":[],"class_list":{"0":"post-14901","1":"product","2":"type-product","3":"status-publish","4":"has-post-thumbnail","6":"product_cat-accesorios-vapor-profesional","7":"marcas-tecnovap-es","9":"first","10":"instock","11":"product-type-simple"},"_links":{"self":[{"href":"https:\/\/dibosch.com\/es\/wp-json\/wp\/v2\/product\/14901","targetHints":{"allow":["GET"]}}],"collection":[{"href":"https:\/\/dibosch.com\/es\/wp-json\/wp\/v2\/product"}],"about":[{"href":"https:\/\/dibosch.com\/es\/wp-json\/wp\/v2\/types\/product"}],"replies":[{"embeddable":true,"href":"https:\/\/dibosch.com\/es\/wp-json\/wp\/v2\/comments?post=14901"}],"wp:featuredmedia":[{"embeddable":true,"href":"https:\/\/dibosch.com\/es\/wp-json\/wp\/v2\/media\/24896"}],"wp:attachment":[{"href":"https:\/\/dibosch.com\/es\/wp-json\/wp\/v2\/media?parent=14901"}],"wp:term":[{"taxonomy":"product_brand","embeddable":true,"href":"https:\/\/dibosch.com\/es\/wp-json\/wp\/v2\/product_brand?post=14901"},{"taxonomy":"product_cat","embeddable":true,"href":"https:\/\/dibosch.com\/es\/wp-json\/wp\/v2\/product_cat?post=14901"},{"taxonomy":"product_tag","embeddable":true,"href":"https:\/\/dibosch.com\/es\/wp-json\/wp\/v2\/product_tag?post=14901"},{"taxonomy":"marcas","embeddable":true,"href":"https:\/\/dibosch.com\/es\/wp-json\/wp\/v2\/marcas?post=14901"},{"taxonomy":"certificats","embeddable":true,"href":"https:\/\/dibosch.com\/es\/wp-json\/wp\/v2\/certificats?post=14901"},{"taxonomy":"caracteristiques","embeddable":true,"href":"https:\/\/dibosch.com\/es\/wp-json\/wp\/v2\/caracteristiques?post=14901"},{"taxonomy":"tipus-productes","embeddable":true,"href":"https:\/\/dibosch.com\/es\/wp-json\/wp\/v2\/tipus-productes?post=14901"},{"taxonomy":"zona-aplicacio","embeddable":true,"href":"https:\/\/dibosch.com\/es\/wp-json\/wp\/v2\/zona-aplicacio?post=14901"},{"taxonomy":"tipus-maquinaria","embeddable":true,"href":"https:\/\/dibosch.com\/es\/wp-json\/wp\/v2\/tipus-maquinaria?post=14901"}],"curies":[{"name":"wp","href":"https:\/\/api.w.org\/{rel}","templated":true}]}}