{"id":14936,"date":"2022-12-07T11:29:37","date_gmt":"2022-12-07T11:29:37","guid":{"rendered":"https:\/\/www.dibosch.com\/producto\/m-barra-cs-700-h\/"},"modified":"2025-12-31T08:57:34","modified_gmt":"2025-12-31T08:57:34","slug":"m-barredora-cs-700-h","status":"publish","type":"product","link":"https:\/\/dibosch.com\/es\/producto\/m-barredora-cs-700-h\/","title":{"rendered":"BARREDORA CS 700 H &#8211; COMAC"},"content":{"rendered":"<p>La CS700 y CS800 de <a href=\"https:\/\/dibosch.com\/es\/marcas\/comac-es\/\">Comac<\/a> forman parte de una gama de <a href=\"https:\/\/dibosch.com\/es\/maquinas\/barredora\/barredoras-a-bordo\/\">barredoras hombre a bordo industriales<\/a> creada para ofrecer la mayor sencillez de uso y un gran confort para el operador. Extremadamente robustas y fiables, las barredoras de pavimentos CS700 y CS800 han sido dise\u00f1adas para ofrecer una gran productividad y una limpieza eficaz y econ\u00f3mica.<\/p>\n<p>Las <a href=\"https:\/\/dibosch.com\/es\/maquinas\/barredora\/\">barredoras de pavimentos<\/a> CS700 y CS800 est\u00e1n disponibles con alimentaci\u00f3n con bater\u00edas o con motor de gasolina, y con dos pistas de trabajo diferentes para satisfacer cualquier necesidad de limpieza.<\/p>\n<p>Extremadamente eficaces incluso en presencia de suciedad gruesa, estas barredoras son ideales para la limpieza de superficies y pavimentos de interior o exterior de ambientes industriales, almacenes, zonas comerciales, aparcamientos y en el sector entes p\u00fablicos, de la automoci\u00f3n, del transporte y para entornos de hasta 15.000 m2.<\/p>\n<p>&nbsp;<\/p>\n<p>&nbsp;<\/p>\n<div data-olk-copy-source=\"MailCompose\">PRECIO CS700 H<\/div>\n<div data-olk-copy-source=\"MailCompose\">Consultar accesorios incluidos en el precio.<\/div>\n","protected":false},"excerpt":{"rendered":"<p>Ancho barrido 87,5 cm | Dep\u00f3sito recuperaci\u00f3n 60 l | autonom\u00eda ilimitada | Gasolina Honda<\/p>\n","protected":false},"featured_media":31375,"comment_status":"closed","ping_status":"closed","template":"","meta":[],"product_brand":[],"product_cat":[1162,747,1078,731,811,577],"product_tag":[],"marcas":[916],"certificats":[],"caracteristiques":[],"tipus-productes":[],"zona-aplicacio":[951,949],"tipus-maquinaria":[],"class_list":{"0":"post-14936","1":"product","2":"type-product","3":"status-publish","4":"has-post-thumbnail","6":"product_cat-barredoras-industriales-electricas","7":"product_cat-barredoras-a-bordo","8":"product_cat-barredoras-industriales-de-segunda-mano","9":"product_cat-baterias","10":"product_cat-barredora","11":"product_cat-maquinas","12":"marcas-comac-es","13":"zona-aplicacio-exteriores-y-fachadas","14":"zona-aplicacio-zona-produccion-y-talleres","16":"first","17":"instock","18":"purchasable","19":"product-type-simple"},"_links":{"self":[{"href":"https:\/\/dibosch.com\/es\/wp-json\/wp\/v2\/product\/14936","targetHints":{"allow":["GET"]}}],"collection":[{"href":"https:\/\/dibosch.com\/es\/wp-json\/wp\/v2\/product"}],"about":[{"href":"https:\/\/dibosch.com\/es\/wp-json\/wp\/v2\/types\/product"}],"replies":[{"embeddable":true,"href":"https:\/\/dibosch.com\/es\/wp-json\/wp\/v2\/comments?post=14936"}],"wp:featuredmedia":[{"embeddable":true,"href":"https:\/\/dibosch.com\/es\/wp-json\/wp\/v2\/media\/31375"}],"wp:attachment":[{"href":"https:\/\/dibosch.com\/es\/wp-json\/wp\/v2\/media?parent=14936"}],"wp:term":[{"taxonomy":"product_brand","embeddable":true,"href":"https:\/\/dibosch.com\/es\/wp-json\/wp\/v2\/product_brand?post=14936"},{"taxonomy":"product_cat","embeddable":true,"href":"https:\/\/dibosch.com\/es\/wp-json\/wp\/v2\/product_cat?post=14936"},{"taxonomy":"product_tag","embeddable":true,"href":"https:\/\/dibosch.com\/es\/wp-json\/wp\/v2\/product_tag?post=14936"},{"taxonomy":"marcas","embeddable":true,"href":"https:\/\/dibosch.com\/es\/wp-json\/wp\/v2\/marcas?post=14936"},{"taxonomy":"certificats","embeddable":true,"href":"https:\/\/dibosch.com\/es\/wp-json\/wp\/v2\/certificats?post=14936"},{"taxonomy":"caracteristiques","embeddable":true,"href":"https:\/\/dibosch.com\/es\/wp-json\/wp\/v2\/caracteristiques?post=14936"},{"taxonomy":"tipus-productes","embeddable":true,"href":"https:\/\/dibosch.com\/es\/wp-json\/wp\/v2\/tipus-productes?post=14936"},{"taxonomy":"zona-aplicacio","embeddable":true,"href":"https:\/\/dibosch.com\/es\/wp-json\/wp\/v2\/zona-aplicacio?post=14936"},{"taxonomy":"tipus-maquinaria","embeddable":true,"href":"https:\/\/dibosch.com\/es\/wp-json\/wp\/v2\/tipus-maquinaria?post=14936"}],"curies":[{"name":"wp","href":"https:\/\/api.w.org\/{rel}","templated":true}]}}