{"id":14955,"date":"2022-12-07T11:29:43","date_gmt":"2022-12-07T11:29:43","guid":{"rendered":"https:\/\/www.dibosch.com\/producto\/aquagen-plus-en-bp10\/"},"modified":"2023-06-23T12:38:35","modified_gmt":"2023-06-23T12:38:35","slug":"aquagen-plus-a-bp10","status":"publish","type":"product","link":"https:\/\/dibosch.com\/es\/producto\/aquagen-plus-a-bp10\/","title":{"rendered":"AQUAGEN PLUS A BP10 &#8211; SUCITESA"},"content":{"rendered":"<p><strong>Caracter\u00edsticas del producto:<\/strong><\/p>\n<p>Gran eficacia y acci\u00f3n desengrasante. No altera las superficies de aluminio. Protege el material. Reduce el desgaste. Excelentes resultados en recipientes y utensilios de aluminio y dem\u00e1s metales blandos. Dureza del agua: hasta 45\u00ba HF. Adecuado tambi\u00e9n como detergente para hornos de convecci\u00f3n autolimpiables.<\/p>\n<p>&nbsp;<\/p>\n<p><strong>Modo de empleo<\/strong><\/p>\n<p>USO AUTOM\u00c1TICO. Equipos de dosificaci\u00f3n conectados a la maniobra de la m\u00e1quina.<br \/>\nDosis: 2-5 ml \/ litro en el ba\u00f1o de lavado.<br \/>\nTemperatura \u00f3ptima de lavado: 55-60 \u00baC.<br \/>\nPara limpieza de hornos de convecci\u00f3n autolimpiables, siga las instrucciones del fabricante del horno.<\/p>\n<p>&nbsp;<\/p>\n<p><strong>Indicado para:<\/strong><\/p>\n<p>Lavavajillas industriales. Hornos de convecci\u00f3n autolimpiables.<\/p>\n","protected":false},"excerpt":{"rendered":"<p>Detergente m\u00e1quina lavavajillas, especial aluminio.<\/p>\n","protected":false},"featured_media":26793,"comment_status":"closed","ping_status":"closed","template":"","meta":[],"product_brand":[],"product_cat":[726,689,694],"product_tag":[],"marcas":[922],"certificats":[],"caracteristiques":[],"tipus-productes":[],"zona-aplicacio":[944],"tipus-maquinaria":[],"class_list":{"0":"post-14955","1":"product","2":"type-product","3":"status-publish","4":"has-post-thumbnail","6":"product_cat-lavavajillas-automatico","7":"product_cat-productos-de-limpieza","8":"product_cat-quimicos","9":"marcas-sucitesa-es","10":"zona-aplicacio-zona-cocina","12":"first","13":"instock","14":"product-type-simple"},"_links":{"self":[{"href":"https:\/\/dibosch.com\/es\/wp-json\/wp\/v2\/product\/14955","targetHints":{"allow":["GET"]}}],"collection":[{"href":"https:\/\/dibosch.com\/es\/wp-json\/wp\/v2\/product"}],"about":[{"href":"https:\/\/dibosch.com\/es\/wp-json\/wp\/v2\/types\/product"}],"replies":[{"embeddable":true,"href":"https:\/\/dibosch.com\/es\/wp-json\/wp\/v2\/comments?post=14955"}],"wp:featuredmedia":[{"embeddable":true,"href":"https:\/\/dibosch.com\/es\/wp-json\/wp\/v2\/media\/26793"}],"wp:attachment":[{"href":"https:\/\/dibosch.com\/es\/wp-json\/wp\/v2\/media?parent=14955"}],"wp:term":[{"taxonomy":"product_brand","embeddable":true,"href":"https:\/\/dibosch.com\/es\/wp-json\/wp\/v2\/product_brand?post=14955"},{"taxonomy":"product_cat","embeddable":true,"href":"https:\/\/dibosch.com\/es\/wp-json\/wp\/v2\/product_cat?post=14955"},{"taxonomy":"product_tag","embeddable":true,"href":"https:\/\/dibosch.com\/es\/wp-json\/wp\/v2\/product_tag?post=14955"},{"taxonomy":"marcas","embeddable":true,"href":"https:\/\/dibosch.com\/es\/wp-json\/wp\/v2\/marcas?post=14955"},{"taxonomy":"certificats","embeddable":true,"href":"https:\/\/dibosch.com\/es\/wp-json\/wp\/v2\/certificats?post=14955"},{"taxonomy":"caracteristiques","embeddable":true,"href":"https:\/\/dibosch.com\/es\/wp-json\/wp\/v2\/caracteristiques?post=14955"},{"taxonomy":"tipus-productes","embeddable":true,"href":"https:\/\/dibosch.com\/es\/wp-json\/wp\/v2\/tipus-productes?post=14955"},{"taxonomy":"zona-aplicacio","embeddable":true,"href":"https:\/\/dibosch.com\/es\/wp-json\/wp\/v2\/zona-aplicacio?post=14955"},{"taxonomy":"tipus-maquinaria","embeddable":true,"href":"https:\/\/dibosch.com\/es\/wp-json\/wp\/v2\/tipus-maquinaria?post=14955"}],"curies":[{"name":"wp","href":"https:\/\/api.w.org\/{rel}","templated":true}]}}