{"id":14959,"date":"2022-12-07T11:29:54","date_gmt":"2022-12-07T11:29:54","guid":{"rendered":"https:\/\/www.dibosch.com\/producto\/m-aspirador-tc200if\/"},"modified":"2024-07-04T07:50:56","modified_gmt":"2024-07-04T07:50:56","slug":"m-aspirador-tc200if","status":"publish","type":"product","link":"https:\/\/dibosch.com\/es\/producto\/m-aspirador-tc200if\/","title":{"rendered":"ASPIRADOR TC200IF"},"content":{"rendered":"<p>El TC200 IF es un aspirador para aceite y virutas dise\u00f1ado para aspirar y filtrar grandes cantidades de l\u00edquidos, como el aceite de corte y las emulsiones mixtas de virutas de metal.<\/p>\n<p>El aspirador es ideal para el mantenimiento de m\u00e1quinas herramienta medianas y grandes, gracias al gran volumen de recolecci\u00f3n de l\u00edquidos (hasta 200 litros de aceite lubricante o refrigerando), al sistema de separaci\u00f3n de virutas f\u00e1cilmente separable y al sistema de descarga r\u00e1pida l\u00edquidos aspirados.<\/p>\n","protected":false},"excerpt":{"rendered":"<p>El TC200 IF es un aspirador para aceite y virutas dise\u00f1ado para aspirar y filtrar grandes cantidades de l\u00edquidos, como el aceite de corte y las emulsiones mixtas de virutas de metal. El aspirador es ideal para el mantenimiento de m\u00e1quinas herramienta medianas y grandes, gracias al gran volumen de recolecci\u00f3n de l\u00edquidos (hasta 200 [&hellip;]<\/p>\n","protected":false},"featured_media":24704,"comment_status":"closed","ping_status":"closed","template":"","meta":[],"product_brand":[],"product_cat":[1355,578,577],"product_tag":[],"marcas":[],"certificats":[],"caracteristiques":[],"tipus-productes":[],"zona-aplicacio":[],"tipus-maquinaria":[],"class_list":{"0":"post-14959","1":"product","2":"type-product","3":"status-publish","4":"has-post-thumbnail","6":"product_cat-aspirador-industrial-neumatico","7":"product_cat-aspiradores-industriales","8":"product_cat-maquinas","10":"first","11":"instock","12":"product-type-simple"},"_links":{"self":[{"href":"https:\/\/dibosch.com\/es\/wp-json\/wp\/v2\/product\/14959","targetHints":{"allow":["GET"]}}],"collection":[{"href":"https:\/\/dibosch.com\/es\/wp-json\/wp\/v2\/product"}],"about":[{"href":"https:\/\/dibosch.com\/es\/wp-json\/wp\/v2\/types\/product"}],"replies":[{"embeddable":true,"href":"https:\/\/dibosch.com\/es\/wp-json\/wp\/v2\/comments?post=14959"}],"wp:featuredmedia":[{"embeddable":true,"href":"https:\/\/dibosch.com\/es\/wp-json\/wp\/v2\/media\/24704"}],"wp:attachment":[{"href":"https:\/\/dibosch.com\/es\/wp-json\/wp\/v2\/media?parent=14959"}],"wp:term":[{"taxonomy":"product_brand","embeddable":true,"href":"https:\/\/dibosch.com\/es\/wp-json\/wp\/v2\/product_brand?post=14959"},{"taxonomy":"product_cat","embeddable":true,"href":"https:\/\/dibosch.com\/es\/wp-json\/wp\/v2\/product_cat?post=14959"},{"taxonomy":"product_tag","embeddable":true,"href":"https:\/\/dibosch.com\/es\/wp-json\/wp\/v2\/product_tag?post=14959"},{"taxonomy":"marcas","embeddable":true,"href":"https:\/\/dibosch.com\/es\/wp-json\/wp\/v2\/marcas?post=14959"},{"taxonomy":"certificats","embeddable":true,"href":"https:\/\/dibosch.com\/es\/wp-json\/wp\/v2\/certificats?post=14959"},{"taxonomy":"caracteristiques","embeddable":true,"href":"https:\/\/dibosch.com\/es\/wp-json\/wp\/v2\/caracteristiques?post=14959"},{"taxonomy":"tipus-productes","embeddable":true,"href":"https:\/\/dibosch.com\/es\/wp-json\/wp\/v2\/tipus-productes?post=14959"},{"taxonomy":"zona-aplicacio","embeddable":true,"href":"https:\/\/dibosch.com\/es\/wp-json\/wp\/v2\/zona-aplicacio?post=14959"},{"taxonomy":"tipus-maquinaria","embeddable":true,"href":"https:\/\/dibosch.com\/es\/wp-json\/wp\/v2\/tipus-maquinaria?post=14959"}],"curies":[{"name":"wp","href":"https:\/\/api.w.org\/{rel}","templated":true}]}}