{"id":18457,"date":"2023-02-27T15:01:29","date_gmt":"2023-02-27T15:01:29","guid":{"rendered":"https:\/\/dibosch.com\/?post_type=product&#038;p=18457"},"modified":"2026-02-18T16:14:04","modified_gmt":"2026-02-18T16:14:04","slug":"ambigen-calm-bp750ml","status":"publish","type":"product","link":"https:\/\/dibosch.com\/es\/producto\/ambigen-calm-bp750ml\/","title":{"rendered":"AMBIGEN CALM BP750ml &#8211; SUCITESA"},"content":{"rendered":"<p><strong>Caracter\u00edsticas del producto:<\/strong><\/p>\n<p>Fragancia refrescante y equilibrada. Ligeros toques orientales. Mejora el ambiente y la calidad del aire. Incorpora la Tecnolog\u00eda DEODOR. Neutraliza olores desagradables sin enmascararlos. Elevada concentraci\u00f3n de perfume. Efecto long-lasting.<\/p>\n<p>&nbsp;<\/p>\n<p><strong>Modo de empleo:<\/strong><\/p>\n<p>Bid\u00f3n 5L.<\/p>\n<ul>\n<li>USO MANUAL. Rellenar la botella pulverizadora<\/li>\n<li>USO AUTOM\u00c1TICO. Sistema AIR MATIC de dosificaci\u00f3n.<\/li>\n<li>AMBIENTE: Pulverizar hacia arriba y en todas direcciones. Evitar hacerlo sobre alimentos y utensilios de cocina. Climatizadores: Pulverizar la rejilla de salida de aire.<\/li>\n<\/ul>\n<p>&nbsp;<\/p>\n<p><strong>Indicado para:<\/strong><\/p>\n<p>Ambientaci\u00f3n y control del olor. Espacios que precisen ambientaci\u00f3n personalizada. Creaci\u00f3n de ambientes corporativos.<\/p>\n","protected":false},"excerpt":{"rendered":"<p>Caracter\u00edsticas del producto: Fragancia refrescante y equilibrada. Ligeros toques orientales. Mejora el ambiente y la calidad del aire. Incorpora la Tecnolog\u00eda DEODOR. Neutraliza olores desagradables sin enmascararlos. Elevada concentraci\u00f3n de perfume. Efecto long-lasting. &nbsp; Modo de empleo: Bid\u00f3n 5L. USO MANUAL. Rellenar la botella pulverizadora USO AUTOM\u00c1TICO. Sistema AIR MATIC de dosificaci\u00f3n. AMBIENTE: Pulverizar hacia [&hellip;]<\/p>\n","protected":false},"featured_media":35572,"comment_status":"closed","ping_status":"closed","template":"","meta":[],"product_brand":[],"product_cat":[689,733,694],"product_tag":[],"marcas":[922],"certificats":[],"caracteristiques":[],"tipus-productes":[],"zona-aplicacio":[945,948,946],"tipus-maquinaria":[],"class_list":{"0":"post-18457","1":"product","2":"type-product","3":"status-publish","4":"has-post-thumbnail","6":"product_cat-productos-de-limpieza","7":"product_cat-ambientadores","8":"product_cat-quimicos","9":"marcas-sucitesa-es","10":"zona-aplicacio-zona-bano","11":"zona-aplicacio-zona-habitaciones","12":"zona-aplicacio-zonas-comunes","14":"first","15":"instock","16":"shipping-taxable","17":"product-type-simple"},"_links":{"self":[{"href":"https:\/\/dibosch.com\/es\/wp-json\/wp\/v2\/product\/18457","targetHints":{"allow":["GET"]}}],"collection":[{"href":"https:\/\/dibosch.com\/es\/wp-json\/wp\/v2\/product"}],"about":[{"href":"https:\/\/dibosch.com\/es\/wp-json\/wp\/v2\/types\/product"}],"replies":[{"embeddable":true,"href":"https:\/\/dibosch.com\/es\/wp-json\/wp\/v2\/comments?post=18457"}],"wp:featuredmedia":[{"embeddable":true,"href":"https:\/\/dibosch.com\/es\/wp-json\/wp\/v2\/media\/35572"}],"wp:attachment":[{"href":"https:\/\/dibosch.com\/es\/wp-json\/wp\/v2\/media?parent=18457"}],"wp:term":[{"taxonomy":"product_brand","embeddable":true,"href":"https:\/\/dibosch.com\/es\/wp-json\/wp\/v2\/product_brand?post=18457"},{"taxonomy":"product_cat","embeddable":true,"href":"https:\/\/dibosch.com\/es\/wp-json\/wp\/v2\/product_cat?post=18457"},{"taxonomy":"product_tag","embeddable":true,"href":"https:\/\/dibosch.com\/es\/wp-json\/wp\/v2\/product_tag?post=18457"},{"taxonomy":"marcas","embeddable":true,"href":"https:\/\/dibosch.com\/es\/wp-json\/wp\/v2\/marcas?post=18457"},{"taxonomy":"certificats","embeddable":true,"href":"https:\/\/dibosch.com\/es\/wp-json\/wp\/v2\/certificats?post=18457"},{"taxonomy":"caracteristiques","embeddable":true,"href":"https:\/\/dibosch.com\/es\/wp-json\/wp\/v2\/caracteristiques?post=18457"},{"taxonomy":"tipus-productes","embeddable":true,"href":"https:\/\/dibosch.com\/es\/wp-json\/wp\/v2\/tipus-productes?post=18457"},{"taxonomy":"zona-aplicacio","embeddable":true,"href":"https:\/\/dibosch.com\/es\/wp-json\/wp\/v2\/zona-aplicacio?post=18457"},{"taxonomy":"tipus-maquinaria","embeddable":true,"href":"https:\/\/dibosch.com\/es\/wp-json\/wp\/v2\/tipus-maquinaria?post=18457"}],"curies":[{"name":"wp","href":"https:\/\/api.w.org\/{rel}","templated":true}]}}