{"id":18475,"date":"2023-02-27T15:56:03","date_gmt":"2023-02-27T15:56:03","guid":{"rendered":"https:\/\/dibosch.com\/?post_type=product&#038;p=18475"},"modified":"2023-02-27T16:03:34","modified_gmt":"2023-02-27T16:03:34","slug":"secador-machflow-plus-m19a-fil","status":"publish","type":"product","link":"https:\/\/dibosch.com\/es\/producto\/secador-machflow-plus-m19a-fil\/","title":{"rendered":"SECADOR MACHFLOW PLUS M19A-FIL"},"content":{"rendered":"<p>Secador con motor sin escobillas (brushless), Medio filtrante HEPA y carcasa de acero, acabado blanco.<\/p>\n<p>\u2022 Secador autom\u00e1tico de manos de alta velocidad y accionamiento autom\u00e1tico.<br \/>\n\u2022 Con un dise\u00f1o compacto y muy robusto, muy eficiente y sostenible, proporcionando grandes ahorros energ\u00e9ticos y un secado de manos ultrarr\u00e1pido. Muy adecuado para sitios de elevada frecuencia de paso.<br \/>\n\u2022 Dispone de un motor de potencia ajustable que permite regular el consumo energ\u00e9tico (entre 250 y 1.100W) y proporciona una velocidad m\u00e1xima de salida de aire de 340 km\/h, secando las manos entre 8 y 15 segundos.<br \/>\n\u2022 Machflow Plus incorpora de serie un medio filtrante HEPA que filtra las part\u00edculas s\u00f3lidas en suspensi\u00f3n (polen, \u00e1caros del polvo, humo del tabaco, etc) mejorando notablemente la calidad del aire.<br \/>\n\u2022 Tensi\u00f3n universal. Funciona indistintamente en voltajes el\u00e9ctricos de 100 a 240V.<br \/>\n\u2022 Motor sin escobillas (brushless) que no requiere mantenimiento y que garantiza una larga vida \u00fatil.<\/p>\n","protected":false},"excerpt":{"rendered":"<p>Secador con motor sin escobillas (brushless), Medio filtrante HEPA y carcasa de acero, acabado blanco. \u2022 Secador autom\u00e1tico de manos de alta velocidad y accionamiento autom\u00e1tico. \u2022 Con un dise\u00f1o compacto y muy robusto, muy eficiente y sostenible, proporcionando grandes ahorros energ\u00e9ticos y un secado de manos ultrarr\u00e1pido. Muy adecuado para sitios de elevada frecuencia [&hellip;]<\/p>\n","protected":false},"featured_media":18474,"comment_status":"closed","ping_status":"closed","template":"","meta":[],"product_brand":[],"product_cat":[687,720],"product_tag":[],"marcas":[],"certificats":[],"caracteristiques":[],"tipus-productes":[],"zona-aplicacio":[945],"tipus-maquinaria":[],"class_list":{"0":"post-18475","1":"product","2":"type-product","3":"status-publish","4":"has-post-thumbnail","6":"product_cat-equipamientos","7":"product_cat-secadores","8":"zona-aplicacio-zona-bano","10":"first","11":"instock","12":"shipping-taxable","13":"product-type-simple"},"_links":{"self":[{"href":"https:\/\/dibosch.com\/es\/wp-json\/wp\/v2\/product\/18475","targetHints":{"allow":["GET"]}}],"collection":[{"href":"https:\/\/dibosch.com\/es\/wp-json\/wp\/v2\/product"}],"about":[{"href":"https:\/\/dibosch.com\/es\/wp-json\/wp\/v2\/types\/product"}],"replies":[{"embeddable":true,"href":"https:\/\/dibosch.com\/es\/wp-json\/wp\/v2\/comments?post=18475"}],"wp:featuredmedia":[{"embeddable":true,"href":"https:\/\/dibosch.com\/es\/wp-json\/wp\/v2\/media\/18474"}],"wp:attachment":[{"href":"https:\/\/dibosch.com\/es\/wp-json\/wp\/v2\/media?parent=18475"}],"wp:term":[{"taxonomy":"product_brand","embeddable":true,"href":"https:\/\/dibosch.com\/es\/wp-json\/wp\/v2\/product_brand?post=18475"},{"taxonomy":"product_cat","embeddable":true,"href":"https:\/\/dibosch.com\/es\/wp-json\/wp\/v2\/product_cat?post=18475"},{"taxonomy":"product_tag","embeddable":true,"href":"https:\/\/dibosch.com\/es\/wp-json\/wp\/v2\/product_tag?post=18475"},{"taxonomy":"marcas","embeddable":true,"href":"https:\/\/dibosch.com\/es\/wp-json\/wp\/v2\/marcas?post=18475"},{"taxonomy":"certificats","embeddable":true,"href":"https:\/\/dibosch.com\/es\/wp-json\/wp\/v2\/certificats?post=18475"},{"taxonomy":"caracteristiques","embeddable":true,"href":"https:\/\/dibosch.com\/es\/wp-json\/wp\/v2\/caracteristiques?post=18475"},{"taxonomy":"tipus-productes","embeddable":true,"href":"https:\/\/dibosch.com\/es\/wp-json\/wp\/v2\/tipus-productes?post=18475"},{"taxonomy":"zona-aplicacio","embeddable":true,"href":"https:\/\/dibosch.com\/es\/wp-json\/wp\/v2\/zona-aplicacio?post=18475"},{"taxonomy":"tipus-maquinaria","embeddable":true,"href":"https:\/\/dibosch.com\/es\/wp-json\/wp\/v2\/tipus-maquinaria?post=18475"}],"curies":[{"name":"wp","href":"https:\/\/api.w.org\/{rel}","templated":true}]}}