{"id":18485,"date":"2023-02-27T16:15:08","date_gmt":"2023-02-27T16:15:08","guid":{"rendered":"https:\/\/dibosch.com\/?post_type=product&#038;p=18485"},"modified":"2023-07-10T12:10:48","modified_gmt":"2023-07-10T12:10:48","slug":"cubo-20lts-con-ruedas-00002907-tts","status":"publish","type":"product","link":"https:\/\/dibosch.com\/es\/producto\/cubo-20lts-con-ruedas-00002907-tts\/","title":{"rendered":"CUBO 20lts CON RUEDAS -00002907- TTS"},"content":{"rendered":"<p><strong>Descripci\u00f3n de producto:<\/strong><\/p>\n<p>Cubo 20 L con escurridor y ruedas de \u00f8 50 mm<\/p>\n<p>Sistema para la aplicaci\u00f3n de cera con mojador<\/p>\n<p>Ideal para el tratamiento de suelos y para la limpieza de cristales<\/p>\n","protected":false},"excerpt":{"rendered":"<p>Descripci\u00f3n de producto: Cubo 20 L con escurridor y ruedas de \u00f8 50 mm Sistema para la aplicaci\u00f3n de cera con mojador Ideal para el tratamiento de suelos y para la limpieza de cristales<\/p>\n","protected":false},"featured_media":21689,"comment_status":"closed","ping_status":"closed","template":"","meta":[],"product_brand":[],"product_cat":[756,713,684],"product_tag":[],"marcas":[917],"certificats":[],"caracteristiques":[],"tipus-productes":[],"zona-aplicacio":[946],"tipus-maquinaria":[],"class_list":{"0":"post-18485","1":"product","2":"type-product","3":"status-publish","4":"has-post-thumbnail","6":"product_cat-cubos","7":"product_cat-utensilios","8":"product_cat-utiles-de-limpieza","9":"marcas-tts-es","10":"zona-aplicacio-zonas-comunes","12":"first","13":"instock","14":"shipping-taxable","15":"product-type-simple"},"_links":{"self":[{"href":"https:\/\/dibosch.com\/es\/wp-json\/wp\/v2\/product\/18485","targetHints":{"allow":["GET"]}}],"collection":[{"href":"https:\/\/dibosch.com\/es\/wp-json\/wp\/v2\/product"}],"about":[{"href":"https:\/\/dibosch.com\/es\/wp-json\/wp\/v2\/types\/product"}],"replies":[{"embeddable":true,"href":"https:\/\/dibosch.com\/es\/wp-json\/wp\/v2\/comments?post=18485"}],"wp:featuredmedia":[{"embeddable":true,"href":"https:\/\/dibosch.com\/es\/wp-json\/wp\/v2\/media\/21689"}],"wp:attachment":[{"href":"https:\/\/dibosch.com\/es\/wp-json\/wp\/v2\/media?parent=18485"}],"wp:term":[{"taxonomy":"product_brand","embeddable":true,"href":"https:\/\/dibosch.com\/es\/wp-json\/wp\/v2\/product_brand?post=18485"},{"taxonomy":"product_cat","embeddable":true,"href":"https:\/\/dibosch.com\/es\/wp-json\/wp\/v2\/product_cat?post=18485"},{"taxonomy":"product_tag","embeddable":true,"href":"https:\/\/dibosch.com\/es\/wp-json\/wp\/v2\/product_tag?post=18485"},{"taxonomy":"marcas","embeddable":true,"href":"https:\/\/dibosch.com\/es\/wp-json\/wp\/v2\/marcas?post=18485"},{"taxonomy":"certificats","embeddable":true,"href":"https:\/\/dibosch.com\/es\/wp-json\/wp\/v2\/certificats?post=18485"},{"taxonomy":"caracteristiques","embeddable":true,"href":"https:\/\/dibosch.com\/es\/wp-json\/wp\/v2\/caracteristiques?post=18485"},{"taxonomy":"tipus-productes","embeddable":true,"href":"https:\/\/dibosch.com\/es\/wp-json\/wp\/v2\/tipus-productes?post=18485"},{"taxonomy":"zona-aplicacio","embeddable":true,"href":"https:\/\/dibosch.com\/es\/wp-json\/wp\/v2\/zona-aplicacio?post=18485"},{"taxonomy":"tipus-maquinaria","embeddable":true,"href":"https:\/\/dibosch.com\/es\/wp-json\/wp\/v2\/tipus-maquinaria?post=18485"}],"curies":[{"name":"wp","href":"https:\/\/api.w.org\/{rel}","templated":true}]}}