{"id":18706,"date":"2023-03-08T14:25:40","date_gmt":"2023-03-08T14:25:40","guid":{"rendered":"https:\/\/dibosch.com\/?post_type=product&#038;p=18706"},"modified":"2026-03-03T09:43:59","modified_gmt":"2026-03-03T09:43:59","slug":"contenedor-sangenic-xl","status":"publish","type":"product","link":"https:\/\/dibosch.com\/es\/producto\/contenedor-sangenic-xl\/","title":{"rendered":"CONTENEDOR SANGENIC XL"},"content":{"rendered":"<p>Contenedor de 76 Cm de alto con repuesto Antibacteriano y Sostenible.<\/p>\n<p>Sistema Ecol\u00f3gico; Repuesto con Pel\u00edcula GREENFILM Antibacteriana y Sostenible<\/p>\n<p>&nbsp;<\/p>\n<p>Gran capacidad: El contenedor tiene capacidad para 60 pa\u00f1ales.<\/p>\n<p>M\u00e1s ecol\u00f3gicos: Los contenedores Twist &amp; Click y los repuestos son de 98% pl\u00e1stico reciclado y reciclable. Con una pel\u00edcula GREENFILM\u2122 antibacteriana de ca\u00f1a de az\u00facar sostenible.<\/p>\n<p>F\u00e1cil de usar y mover: La altura del contenedor (76cm), gracias a la cual no tendr\u00e1s que agacharte es m\u00e1s c\u00f3modo y ergon\u00f3mico.<\/p>\n<p>Garantiza la protecci\u00f3n contra los olores: El \u00fanico contenedor que gira y rodea de forma individual cada pa\u00f1al para que los malos olores no escapen.<\/p>\n<p>Garantiza la protecci\u00f3n contra los g\u00e9rmenes: La pel\u00edcula antibacteriana multicapa GREENFILM\u2122 elimina el 99% de g\u00e9rmenes nocivos, como E. coli y estafilococo aure.<\/p>\n","protected":false},"excerpt":{"rendered":"<p>Contenedor de 76 Cm de alto con repuesto Antibacteriano y Sostenible. Sistema Ecol\u00f3gico; Repuesto con Pel\u00edcula GREENFILM Antibacteriana y Sostenible &nbsp; Gran capacidad: El contenedor tiene capacidad para 60 pa\u00f1ales. M\u00e1s ecol\u00f3gicos: Los contenedores Twist &amp; Click y los repuestos son de 98% pl\u00e1stico reciclado y reciclable. Con una pel\u00edcula GREENFILM\u2122 antibacteriana de ca\u00f1a de [&hellip;]<\/p>\n","protected":false},"featured_media":18695,"comment_status":"open","ping_status":"closed","template":"","meta":[],"product_brand":[],"product_cat":[687,707],"product_tag":[],"marcas":[],"certificats":[],"caracteristiques":[],"tipus-productes":[942],"zona-aplicacio":[945],"tipus-maquinaria":[],"class_list":{"0":"post-18706","1":"product","2":"type-product","3":"status-publish","4":"has-post-thumbnail","6":"product_cat-equipamientos","7":"product_cat-accesorios","8":"tipus-productes-novedad-es","9":"zona-aplicacio-zona-bano","11":"first","12":"instock","13":"shipping-taxable","14":"product-type-simple"},"_links":{"self":[{"href":"https:\/\/dibosch.com\/es\/wp-json\/wp\/v2\/product\/18706","targetHints":{"allow":["GET"]}}],"collection":[{"href":"https:\/\/dibosch.com\/es\/wp-json\/wp\/v2\/product"}],"about":[{"href":"https:\/\/dibosch.com\/es\/wp-json\/wp\/v2\/types\/product"}],"replies":[{"embeddable":true,"href":"https:\/\/dibosch.com\/es\/wp-json\/wp\/v2\/comments?post=18706"}],"wp:featuredmedia":[{"embeddable":true,"href":"https:\/\/dibosch.com\/es\/wp-json\/wp\/v2\/media\/18695"}],"wp:attachment":[{"href":"https:\/\/dibosch.com\/es\/wp-json\/wp\/v2\/media?parent=18706"}],"wp:term":[{"taxonomy":"product_brand","embeddable":true,"href":"https:\/\/dibosch.com\/es\/wp-json\/wp\/v2\/product_brand?post=18706"},{"taxonomy":"product_cat","embeddable":true,"href":"https:\/\/dibosch.com\/es\/wp-json\/wp\/v2\/product_cat?post=18706"},{"taxonomy":"product_tag","embeddable":true,"href":"https:\/\/dibosch.com\/es\/wp-json\/wp\/v2\/product_tag?post=18706"},{"taxonomy":"marcas","embeddable":true,"href":"https:\/\/dibosch.com\/es\/wp-json\/wp\/v2\/marcas?post=18706"},{"taxonomy":"certificats","embeddable":true,"href":"https:\/\/dibosch.com\/es\/wp-json\/wp\/v2\/certificats?post=18706"},{"taxonomy":"caracteristiques","embeddable":true,"href":"https:\/\/dibosch.com\/es\/wp-json\/wp\/v2\/caracteristiques?post=18706"},{"taxonomy":"tipus-productes","embeddable":true,"href":"https:\/\/dibosch.com\/es\/wp-json\/wp\/v2\/tipus-productes?post=18706"},{"taxonomy":"zona-aplicacio","embeddable":true,"href":"https:\/\/dibosch.com\/es\/wp-json\/wp\/v2\/zona-aplicacio?post=18706"},{"taxonomy":"tipus-maquinaria","embeddable":true,"href":"https:\/\/dibosch.com\/es\/wp-json\/wp\/v2\/tipus-maquinaria?post=18706"}],"curies":[{"name":"wp","href":"https:\/\/api.w.org\/{rel}","templated":true}]}}