{"id":18707,"date":"2023-03-08T14:41:25","date_gmt":"2023-03-08T14:41:25","guid":{"rendered":"https:\/\/dibosch.com\/?post_type=product&#038;p=18707"},"modified":"2025-09-24T10:42:00","modified_gmt":"2025-09-24T10:42:00","slug":"recambio-sangenic-xl-x6","status":"publish","type":"product","link":"https:\/\/dibosch.com\/es\/producto\/recambio-sangenic-xl-x6\/","title":{"rendered":"RECAMBIO SANGENIC XL (x6)"},"content":{"rendered":"<p>Repuesto para contenedor para pa\u00f1ales Sanigen Twist and Click XL.<\/p>\n<p>Fuera malos olores: Envuelve los pa\u00f1ales individualmente para que los malos olores no escapen.<\/p>\n<p>Garantiza la protecci\u00f3n contra los g\u00e9rmenes: La pel\u00edcula antibacteriana multicapa GREENFILM\u2122 elimina el 99% de g\u00e9rmenes nocivos, como E. coli y estafilococo aure.<\/p>\n<p>M\u00e1s ecol\u00f3gicos: Los contenedores Twist &amp; Click y los repuestos son ahora de 98% pl\u00e1stico reciclado y reciclable.<br \/>\nPel\u00edcula GREENFILM\u2122 antibacteriana y multicapa: Fabricada con el mismo grosor que garantiza bloquear los malos olores, pero ahora de origen bio.<\/p>\n","protected":false},"excerpt":{"rendered":"<p>Repuesto para contenedor para pa\u00f1ales Sanigen Twist and Click XL. Fuera malos olores: Envuelve los pa\u00f1ales individualmente para que los malos olores no escapen. Garantiza la protecci\u00f3n contra los g\u00e9rmenes: La pel\u00edcula antibacteriana multicapa GREENFILM\u2122 elimina el 99% de g\u00e9rmenes nocivos, como E. coli y estafilococo aure. M\u00e1s ecol\u00f3gicos: Los contenedores Twist &amp; Click y [&hellip;]<\/p>\n","protected":false},"featured_media":18705,"comment_status":"open","ping_status":"closed","template":"","meta":[],"product_brand":[],"product_cat":[687,707],"product_tag":[],"marcas":[],"certificats":[],"caracteristiques":[],"tipus-productes":[942],"zona-aplicacio":[945],"tipus-maquinaria":[],"class_list":{"0":"post-18707","1":"product","2":"type-product","3":"status-publish","4":"has-post-thumbnail","6":"product_cat-equipamientos","7":"product_cat-accesorios","8":"tipus-productes-novedad-es","9":"zona-aplicacio-zona-bano","11":"first","12":"instock","13":"shipping-taxable","14":"product-type-simple"},"_links":{"self":[{"href":"https:\/\/dibosch.com\/es\/wp-json\/wp\/v2\/product\/18707","targetHints":{"allow":["GET"]}}],"collection":[{"href":"https:\/\/dibosch.com\/es\/wp-json\/wp\/v2\/product"}],"about":[{"href":"https:\/\/dibosch.com\/es\/wp-json\/wp\/v2\/types\/product"}],"replies":[{"embeddable":true,"href":"https:\/\/dibosch.com\/es\/wp-json\/wp\/v2\/comments?post=18707"}],"wp:featuredmedia":[{"embeddable":true,"href":"https:\/\/dibosch.com\/es\/wp-json\/wp\/v2\/media\/18705"}],"wp:attachment":[{"href":"https:\/\/dibosch.com\/es\/wp-json\/wp\/v2\/media?parent=18707"}],"wp:term":[{"taxonomy":"product_brand","embeddable":true,"href":"https:\/\/dibosch.com\/es\/wp-json\/wp\/v2\/product_brand?post=18707"},{"taxonomy":"product_cat","embeddable":true,"href":"https:\/\/dibosch.com\/es\/wp-json\/wp\/v2\/product_cat?post=18707"},{"taxonomy":"product_tag","embeddable":true,"href":"https:\/\/dibosch.com\/es\/wp-json\/wp\/v2\/product_tag?post=18707"},{"taxonomy":"marcas","embeddable":true,"href":"https:\/\/dibosch.com\/es\/wp-json\/wp\/v2\/marcas?post=18707"},{"taxonomy":"certificats","embeddable":true,"href":"https:\/\/dibosch.com\/es\/wp-json\/wp\/v2\/certificats?post=18707"},{"taxonomy":"caracteristiques","embeddable":true,"href":"https:\/\/dibosch.com\/es\/wp-json\/wp\/v2\/caracteristiques?post=18707"},{"taxonomy":"tipus-productes","embeddable":true,"href":"https:\/\/dibosch.com\/es\/wp-json\/wp\/v2\/tipus-productes?post=18707"},{"taxonomy":"zona-aplicacio","embeddable":true,"href":"https:\/\/dibosch.com\/es\/wp-json\/wp\/v2\/zona-aplicacio?post=18707"},{"taxonomy":"tipus-maquinaria","embeddable":true,"href":"https:\/\/dibosch.com\/es\/wp-json\/wp\/v2\/tipus-maquinaria?post=18707"}],"curies":[{"name":"wp","href":"https:\/\/api.w.org\/{rel}","templated":true}]}}