{"id":18725,"date":"2023-03-08T15:15:17","date_gmt":"2023-03-08T15:15:17","guid":{"rendered":"https:\/\/dibosch.com\/?post_type=product&#038;p=18725"},"modified":"2023-08-07T09:20:24","modified_gmt":"2023-08-07T09:20:24","slug":"recogedor-azul-55cm-0b005666","status":"publish","type":"product","link":"https:\/\/dibosch.com\/es\/producto\/recogedor-azul-55cm-0b005666\/","title":{"rendered":"RECOGEDOR AZUL 55cm -0B005666- &#8211; TTS"},"content":{"rendered":"<p><strong>Caracter\u00edsticas del producto:<\/strong><\/p>\n<p>Sistema de recogedor y harag\u00e1n recogedor para recoger la suciedad tanto s\u00f3lida como l\u00edquida<\/p>\n<p>Ideal para todos los lugares donde se manejan l\u00edquidos como bares, restaurantes, cantinas y hospitales<\/p>\n<p>Eficaz: perfil de goma que adhiere perfectamente a cualquier suelo<\/p>\n<p>Higi\u00e9nico: la goma de c\u00e9lula cerrada evita que la suciedad y las bacterias se depositen<br \/>\nHarag\u00e1n recogedor m\u00e1s f\u00e1cil de limpiar comparado con los tradicionales recogedores con escoba<\/p>\n","protected":false},"excerpt":{"rendered":"<p>Caracter\u00edsticas del producto: Sistema de recogedor y harag\u00e1n recogedor para recoger la suciedad tanto s\u00f3lida como l\u00edquida Ideal para todos los lugares donde se manejan l\u00edquidos como bares, restaurantes, cantinas y hospitales Eficaz: perfil de goma que adhiere perfectamente a cualquier suelo Higi\u00e9nico: la goma de c\u00e9lula cerrada evita que la suciedad y las bacterias [&hellip;]<\/p>\n","protected":false},"featured_media":22519,"comment_status":"closed","ping_status":"closed","template":"","meta":[],"product_brand":[],"product_cat":[755,713,684],"product_tag":[],"marcas":[917],"certificats":[],"caracteristiques":[],"tipus-productes":[],"zona-aplicacio":[],"tipus-maquinaria":[],"class_list":{"0":"post-18725","1":"product","2":"type-product","3":"status-publish","4":"has-post-thumbnail","6":"product_cat-gomas-secantes","7":"product_cat-utensilios","8":"product_cat-utiles-de-limpieza","9":"marcas-tts-es","11":"first","12":"instock","13":"shipping-taxable","14":"product-type-simple"},"_links":{"self":[{"href":"https:\/\/dibosch.com\/es\/wp-json\/wp\/v2\/product\/18725","targetHints":{"allow":["GET"]}}],"collection":[{"href":"https:\/\/dibosch.com\/es\/wp-json\/wp\/v2\/product"}],"about":[{"href":"https:\/\/dibosch.com\/es\/wp-json\/wp\/v2\/types\/product"}],"replies":[{"embeddable":true,"href":"https:\/\/dibosch.com\/es\/wp-json\/wp\/v2\/comments?post=18725"}],"wp:featuredmedia":[{"embeddable":true,"href":"https:\/\/dibosch.com\/es\/wp-json\/wp\/v2\/media\/22519"}],"wp:attachment":[{"href":"https:\/\/dibosch.com\/es\/wp-json\/wp\/v2\/media?parent=18725"}],"wp:term":[{"taxonomy":"product_brand","embeddable":true,"href":"https:\/\/dibosch.com\/es\/wp-json\/wp\/v2\/product_brand?post=18725"},{"taxonomy":"product_cat","embeddable":true,"href":"https:\/\/dibosch.com\/es\/wp-json\/wp\/v2\/product_cat?post=18725"},{"taxonomy":"product_tag","embeddable":true,"href":"https:\/\/dibosch.com\/es\/wp-json\/wp\/v2\/product_tag?post=18725"},{"taxonomy":"marcas","embeddable":true,"href":"https:\/\/dibosch.com\/es\/wp-json\/wp\/v2\/marcas?post=18725"},{"taxonomy":"certificats","embeddable":true,"href":"https:\/\/dibosch.com\/es\/wp-json\/wp\/v2\/certificats?post=18725"},{"taxonomy":"caracteristiques","embeddable":true,"href":"https:\/\/dibosch.com\/es\/wp-json\/wp\/v2\/caracteristiques?post=18725"},{"taxonomy":"tipus-productes","embeddable":true,"href":"https:\/\/dibosch.com\/es\/wp-json\/wp\/v2\/tipus-productes?post=18725"},{"taxonomy":"zona-aplicacio","embeddable":true,"href":"https:\/\/dibosch.com\/es\/wp-json\/wp\/v2\/zona-aplicacio?post=18725"},{"taxonomy":"tipus-maquinaria","embeddable":true,"href":"https:\/\/dibosch.com\/es\/wp-json\/wp\/v2\/tipus-maquinaria?post=18725"}],"curies":[{"name":"wp","href":"https:\/\/api.w.org\/{rel}","templated":true}]}}