{"id":19534,"date":"2023-04-04T13:35:17","date_gmt":"2023-04-04T13:35:17","guid":{"rendered":"https:\/\/dibosch.com\/?post_type=product&#038;p=19534"},"modified":"2023-04-04T13:37:59","modified_gmt":"2023-04-04T13:37:59","slug":"secador-optima-negro-m99ab-mediclinics","status":"publish","type":"product","link":"https:\/\/dibosch.com\/es\/producto\/secador-optima-negro-m99ab-mediclinics\/","title":{"rendered":"SECADOR OPTIMA NEGRO M99AB &#8211; MEDICLINICS"},"content":{"rendered":"<p>Secador de manos autom\u00e1tico con carcasa de acero, acabado negro mate<\/p>\n<ul>\n<li>El secador de manos autom\u00e1tico Optima tiene un funcionamiento \u00f3ptimo a un precio muy competitivo. Es un modelo ideal para zonas con un tr\u00e1fico de gente media como restaurantes, teatros, oficinas, etc.<\/li>\n<li>Equipado con un motor de inducci\u00f3n, que no requiere mantenimiento fabricado con materiales de alta calidad.<\/li>\n<li>Incluye un Sensor de detecci\u00f3n electr\u00f3nico, por haz infrarrojo y distancia de detecci\u00f3n regulable entre 15 y 25 cm.<\/li>\n<li>Disponible en cuatro acabados distintos para integrarse f\u00e1cilmente en cualquier ambiente de ba\u00f1o.<\/li>\n<\/ul>\n","protected":false},"excerpt":{"rendered":"<p>Secador de manos autom\u00e1tico con carcasa de acero, acabado negro mate El secador de manos autom\u00e1tico Optima tiene un funcionamiento \u00f3ptimo a un precio muy competitivo. Es un modelo ideal para zonas con un tr\u00e1fico de gente media como restaurantes, teatros, oficinas, etc. Equipado con un motor de inducci\u00f3n, que no requiere mantenimiento fabricado con [&hellip;]<\/p>\n","protected":false},"featured_media":19533,"comment_status":"closed","ping_status":"closed","template":"","meta":[],"product_brand":[],"product_cat":[687,720],"product_tag":[],"marcas":[920],"certificats":[],"caracteristiques":[],"tipus-productes":[],"zona-aplicacio":[945],"tipus-maquinaria":[],"class_list":{"0":"post-19534","1":"product","2":"type-product","3":"status-publish","4":"has-post-thumbnail","6":"product_cat-equipamientos","7":"product_cat-secadores","8":"marcas-mediclinics-es","9":"zona-aplicacio-zona-bano","11":"first","12":"instock","13":"shipping-taxable","14":"product-type-simple"},"_links":{"self":[{"href":"https:\/\/dibosch.com\/es\/wp-json\/wp\/v2\/product\/19534","targetHints":{"allow":["GET"]}}],"collection":[{"href":"https:\/\/dibosch.com\/es\/wp-json\/wp\/v2\/product"}],"about":[{"href":"https:\/\/dibosch.com\/es\/wp-json\/wp\/v2\/types\/product"}],"replies":[{"embeddable":true,"href":"https:\/\/dibosch.com\/es\/wp-json\/wp\/v2\/comments?post=19534"}],"wp:featuredmedia":[{"embeddable":true,"href":"https:\/\/dibosch.com\/es\/wp-json\/wp\/v2\/media\/19533"}],"wp:attachment":[{"href":"https:\/\/dibosch.com\/es\/wp-json\/wp\/v2\/media?parent=19534"}],"wp:term":[{"taxonomy":"product_brand","embeddable":true,"href":"https:\/\/dibosch.com\/es\/wp-json\/wp\/v2\/product_brand?post=19534"},{"taxonomy":"product_cat","embeddable":true,"href":"https:\/\/dibosch.com\/es\/wp-json\/wp\/v2\/product_cat?post=19534"},{"taxonomy":"product_tag","embeddable":true,"href":"https:\/\/dibosch.com\/es\/wp-json\/wp\/v2\/product_tag?post=19534"},{"taxonomy":"marcas","embeddable":true,"href":"https:\/\/dibosch.com\/es\/wp-json\/wp\/v2\/marcas?post=19534"},{"taxonomy":"certificats","embeddable":true,"href":"https:\/\/dibosch.com\/es\/wp-json\/wp\/v2\/certificats?post=19534"},{"taxonomy":"caracteristiques","embeddable":true,"href":"https:\/\/dibosch.com\/es\/wp-json\/wp\/v2\/caracteristiques?post=19534"},{"taxonomy":"tipus-productes","embeddable":true,"href":"https:\/\/dibosch.com\/es\/wp-json\/wp\/v2\/tipus-productes?post=19534"},{"taxonomy":"zona-aplicacio","embeddable":true,"href":"https:\/\/dibosch.com\/es\/wp-json\/wp\/v2\/zona-aplicacio?post=19534"},{"taxonomy":"tipus-maquinaria","embeddable":true,"href":"https:\/\/dibosch.com\/es\/wp-json\/wp\/v2\/tipus-maquinaria?post=19534"}],"curies":[{"name":"wp","href":"https:\/\/api.w.org\/{rel}","templated":true}]}}