{"id":20087,"date":"2023-04-26T11:03:40","date_gmt":"2023-04-26T11:03:40","guid":{"rendered":"https:\/\/dibosch.com\/?post_type=product&#038;p=20087"},"modified":"2023-08-23T07:19:35","modified_gmt":"2023-08-23T07:19:35","slug":"carro-nick-plus-30-00086529-tts","status":"publish","type":"product","link":"https:\/\/dibosch.com\/es\/producto\/carro-nick-plus-30-00086529-tts\/","title":{"rendered":"CARRO NICK PLUS 30 -00086529- &#8211; TTS"},"content":{"rendered":"<p><strong>Caracter\u00edsticas del producto:<\/strong><\/p>\n<p>Carro con cubo para el fregado, cubos 4 L y soporte de bolsa<\/p>\n<p>Carro multiuso para el fregado con prensa profesional de labio, compartimentos de almacenamiento y soporte de bolsa para la recogida de residuos<\/p>\n<p>Ideal para limpiar entornos medianos y peque\u00f1os que necesitan aclarar la mopa<\/p>\n<p>Larga duraci\u00f3n: prensa dise\u00f1ada para un largo ciclo de vida, el mejor vendido de TTS por m\u00e1s de 20 a\u00f1os<\/p>\n<p>Eficaz: prensa dise\u00f1ada con un mecanismo que lleva los labios al fondo asegurando el rendimiento sin la necesidad de reductores<\/p>\n<p>Modular: los componentes permiten personalizar el carro para cada necesidad, lo que facilita su actualizaci\u00f3n o reparaci\u00f3n en cualquier momento<\/p>\n","protected":false},"excerpt":{"rendered":"<p>Caracter\u00edsticas del producto: Carro con cubo para el fregado, cubos 4 L y soporte de bolsa Carro multiuso para el fregado con prensa profesional de labio, compartimentos de almacenamiento y soporte de bolsa para la recogida de residuos Ideal para limpiar entornos medianos y peque\u00f1os que necesitan aclarar la mopa Larga duraci\u00f3n: prensa dise\u00f1ada para [&hellip;]<\/p>\n","protected":false},"featured_media":23389,"comment_status":"closed","ping_status":"closed","template":"","meta":[],"product_brand":[],"product_cat":[685,705,684],"product_tag":[],"marcas":[],"certificats":[],"caracteristiques":[],"tipus-productes":[],"zona-aplicacio":[],"tipus-maquinaria":[],"class_list":{"0":"post-20087","1":"product","2":"type-product","3":"status-publish","4":"has-post-thumbnail","6":"product_cat-carros-es","7":"product_cat-carros-de-limpieza","8":"product_cat-utiles-de-limpieza","10":"first","11":"instock","12":"shipping-taxable","13":"product-type-simple"},"_links":{"self":[{"href":"https:\/\/dibosch.com\/es\/wp-json\/wp\/v2\/product\/20087","targetHints":{"allow":["GET"]}}],"collection":[{"href":"https:\/\/dibosch.com\/es\/wp-json\/wp\/v2\/product"}],"about":[{"href":"https:\/\/dibosch.com\/es\/wp-json\/wp\/v2\/types\/product"}],"replies":[{"embeddable":true,"href":"https:\/\/dibosch.com\/es\/wp-json\/wp\/v2\/comments?post=20087"}],"wp:featuredmedia":[{"embeddable":true,"href":"https:\/\/dibosch.com\/es\/wp-json\/wp\/v2\/media\/23389"}],"wp:attachment":[{"href":"https:\/\/dibosch.com\/es\/wp-json\/wp\/v2\/media?parent=20087"}],"wp:term":[{"taxonomy":"product_brand","embeddable":true,"href":"https:\/\/dibosch.com\/es\/wp-json\/wp\/v2\/product_brand?post=20087"},{"taxonomy":"product_cat","embeddable":true,"href":"https:\/\/dibosch.com\/es\/wp-json\/wp\/v2\/product_cat?post=20087"},{"taxonomy":"product_tag","embeddable":true,"href":"https:\/\/dibosch.com\/es\/wp-json\/wp\/v2\/product_tag?post=20087"},{"taxonomy":"marcas","embeddable":true,"href":"https:\/\/dibosch.com\/es\/wp-json\/wp\/v2\/marcas?post=20087"},{"taxonomy":"certificats","embeddable":true,"href":"https:\/\/dibosch.com\/es\/wp-json\/wp\/v2\/certificats?post=20087"},{"taxonomy":"caracteristiques","embeddable":true,"href":"https:\/\/dibosch.com\/es\/wp-json\/wp\/v2\/caracteristiques?post=20087"},{"taxonomy":"tipus-productes","embeddable":true,"href":"https:\/\/dibosch.com\/es\/wp-json\/wp\/v2\/tipus-productes?post=20087"},{"taxonomy":"zona-aplicacio","embeddable":true,"href":"https:\/\/dibosch.com\/es\/wp-json\/wp\/v2\/zona-aplicacio?post=20087"},{"taxonomy":"tipus-maquinaria","embeddable":true,"href":"https:\/\/dibosch.com\/es\/wp-json\/wp\/v2\/tipus-maquinaria?post=20087"}],"curies":[{"name":"wp","href":"https:\/\/api.w.org\/{rel}","templated":true}]}}