{"id":20618,"date":"2023-06-20T13:35:18","date_gmt":"2023-06-20T13:35:18","guid":{"rendered":"https:\/\/dibosch.com\/?post_type=product&#038;p=20618"},"modified":"2025-09-14T08:30:29","modified_gmt":"2025-09-14T08:30:29","slug":"autonomous-scrubber-50-gaussian-robotics","status":"publish","type":"product","link":"https:\/\/dibosch.com\/es\/producto\/autonomous-scrubber-50-gaussian-robotics\/","title":{"rendered":"FREGADORA AUT\u00d3NOMA 50 &#8211; GAUSIUM"},"content":{"rendered":"<p class=\"\" data-start=\"83\" data-end=\"164\"><strong data-start=\"83\" data-end=\"164\">Scrubber 50: Fregadora de Suelos Inteligente para Espacios Medianos y Grandes<\/strong><\/p>\n<p data-start=\"83\" data-end=\"164\"><strong>Ideal para centros comerciales, hospitales, estaciones de transporte, centros educativos.<\/strong><\/p>\n<p class=\"\" data-start=\"196\" data-end=\"545\">La <em data-start=\"199\" data-end=\"212\">Scrubber 50<\/em> es una <strong data-start=\"220\" data-end=\"242\">fregadora aut\u00f3noma<\/strong> con inteligencia artificial de <a href=\"https:\/\/dibosch.com\/es\/marcas\/gaussian-es\/\">Gausium<\/a>, ideal para la <strong data-start=\"286\" data-end=\"321\">limpieza industrial profesional<\/strong> en espacios medianos y grandes. Su tecnolog\u00eda avanzada, que combina sensores LiDAR 2D, 3D y c\u00e1maras RGB, permite una percepci\u00f3n precisa del entorno y una toma de decisiones eficiente para una limpieza \u00f3ptima en tiempo real.<\/p>\n<div><b data-olk-copy-source=\"MailCompose\">Tu tranquilidad, con una limpieza constante y eficiente.<\/b><\/div>\n<div><\/div>\n<div><\/div>\n<div>Consigue una limpieza impecable y constante en tus espacios comunes con los<b><a id=\"LPlnk941346\" title=\"https:\/\/dibosch.com\/es\/robots-autonomos\/\" href=\"https:\/\/dibosch.com\/es\/robots-autonomos\/\">\u00a0robots de limpieza aut\u00f3nomos<\/a>.<\/b><br \/>\n<b>Mejora la imagen de tu centro<\/b>, libera al personal para tareas de mayor valor y garantiza una\u00a0<b>higiene profesional sin interrupciones.<\/b><\/div>\n<div><\/div>\n<div>En Dibosch te asesoramos y te acompa\u00f1amos con\u00a0<b>soluciones a medida, formaci\u00f3n y soporte t\u00e9cnico especializado<\/b>.<\/div>\n<div><b>Descubre c\u00f3mo la\u00a0<a title=\"https:\/\/dibosch.com\/es\/robots-autonomos\/\" href=\"https:\/\/dibosch.com\/es\/robots-autonomos\/\">automatizaci\u00f3n de la limpieza<\/a><\/b><a title=\"https:\/\/dibosch.com\/es\/robots-autonomos\/\" href=\"https:\/\/dibosch.com\/es\/robots-autonomos\/\">\u00a0<\/a><b>puede transformar tu limpieza diaria<\/b><\/div>\n<div><\/div>\n<div><\/div>\n<div><\/div>\n<p class=\"\" data-start=\"547\" data-end=\"579\"><strong data-start=\"547\" data-end=\"579\">Caracter\u00edsticas Principales:<\/strong><\/p>\n<ul data-start=\"581\" data-end=\"1354\">\n<li class=\"\" data-start=\"581\" data-end=\"726\">\n<p class=\"\" data-start=\"583\" data-end=\"726\"><strong data-start=\"583\" data-end=\"606\">Tecnolog\u00eda Avanzada<\/strong>: Integraci\u00f3n de sensores y algoritmos de IA para adaptar la limpieza a cada entorno, mejorando la eficiencia operativa.<\/p>\n<\/li>\n<li class=\"\" data-start=\"727\" data-end=\"860\">\n<p class=\"\" data-start=\"729\" data-end=\"860\"><strong data-start=\"729\" data-end=\"776\">3 en 1: Fregado, Barrido y Fregado de Polvo<\/strong>: Soluci\u00f3n integral para optimizar los tiempos de limpieza en entornos industriales.<\/p>\n<\/li>\n<li class=\"\" data-start=\"861\" data-end=\"979\">\n<p class=\"\" data-start=\"863\" data-end=\"979\"><strong data-start=\"863\" data-end=\"891\">Modo de Limpieza Puntual<\/strong>: Detecta y limpia residuos de manera proactiva, aumentando la eficiencia hasta un 400%.<\/p>\n<\/li>\n<li class=\"\" data-start=\"980\" data-end=\"1091\">\n<p class=\"\" data-start=\"982\" data-end=\"1091\"><strong data-start=\"982\" data-end=\"1015\">Opciones de Cepillo Principal<\/strong>: Elija entre cepillo de disco o rodillo, seg\u00fan las necesidades de limpieza.<\/p>\n<\/li>\n<li class=\"\" data-start=\"1092\" data-end=\"1243\">\n<p class=\"\" data-start=\"1094\" data-end=\"1243\"><strong data-start=\"1094\" data-end=\"1115\">Reciclaje de Agua<\/strong>: Sistema de filtraci\u00f3n multietapa que reduce el consumo de agua dulce en un 80%, ideal para <strong data-start=\"1208\" data-end=\"1242\">limpieza industrial sostenible<\/strong>.<\/p>\n<\/li>\n<li class=\"\" data-start=\"1244\" data-end=\"1354\">\n<p class=\"\" data-start=\"1246\" data-end=\"1354\"><strong data-start=\"1246\" data-end=\"1281\">Estaci\u00f3n de Recarga y Autocarga<\/strong>: Carga autom\u00e1tica de energ\u00eda y gesti\u00f3n del agua sin intervenci\u00f3n humana.<\/p>\n<\/li>\n<\/ul>\n<p>&nbsp;<\/p>\n<p class=\"\" data-start=\"1356\" data-end=\"1385\"><strong data-start=\"1356\" data-end=\"1385\">Eficiencia y Flexibilidad<\/strong><\/p>\n<p class=\"\" data-start=\"1387\" data-end=\"1753\">La <em data-start=\"1390\" data-end=\"1403\">Scrubber 50<\/em> ofrece modos de planificaci\u00f3n de rutas personalizables y un modo de limpieza autom\u00e1tica de manchas, que mejora la eficiencia al limpiar solo cuando es necesario. Con una eficiencia de hasta 1.490 m\u00b2\/h, es perfecta para entornos de trabajo de gran tama\u00f1o. Adem\u00e1s, la aplicaci\u00f3n m\u00f3vil Gausium permite el control remoto y la supervisi\u00f3n de la limpieza.<\/p>\n<p class=\"\" data-start=\"1755\" data-end=\"1782\"><strong data-start=\"1755\" data-end=\"1782\">Construcci\u00f3n Sostenible<\/strong><\/p>\n<p class=\"\" data-start=\"1784\" data-end=\"2087\">Fabricada con materiales duraderos y f\u00e1ciles de reciclar, la <em data-start=\"1845\" data-end=\"1858\">Scrubber 50<\/em> est\u00e1 equipada con una bater\u00eda LFP de larga duraci\u00f3n, que ofrece hasta 2.000 ciclos de carga. Su sistema de reciclaje de agua y la eficiencia energ\u00e9tica contribuyen a una <strong data-start=\"2029\" data-end=\"2051\">limpieza ecol\u00f3gica<\/strong> y respetuosa con el medio ambiente.<\/p>\n<table>\n<thead>\n<tr>\n<th>Especificaci\u00f3n<\/th>\n<th>Detalle<\/th>\n<\/tr>\n<\/thead>\n<tbody>\n<tr>\n<td>Dimensiones (L \u00d7 An \u00d7 Al)<\/td>\n<td>810 \u00d7 700 \u00d7 1.070 mm<\/td>\n<\/tr>\n<tr>\n<td>Peso neto<\/td>\n<td>128 kg (cepillo de disco) \/ 149 kg (cepillo de rodillo)<\/td>\n<\/tr>\n<tr>\n<td>Presi\u00f3n del cepillo<\/td>\n<td>18 \u2013 25 kg<\/td>\n<\/tr>\n<tr>\n<td>Ancho de limpieza<\/td>\n<td>406 mm \/ 460 mm (con cepillos laterales: 780 mm)<\/td>\n<\/tr>\n<tr>\n<td>Capacidad de limpieza de bordes<\/td>\n<td>40 mm (con cepillos laterales: 0 mm)<\/td>\n<\/tr>\n<tr>\n<td>Tanque de agua (limpia\/residual)<\/td>\n<td>30 L \/ 24 L<\/td>\n<\/tr>\n<tr>\n<td>Capacidad de la bandeja de basura<\/td>\n<td>2 \u00d7 0,6 L<\/td>\n<\/tr>\n<tr>\n<td>Eficiencia pr\u00e1ctica de limpieza<\/td>\n<td>500 \u2013 1.300 m\u00b2\/h<\/td>\n<\/tr>\n<tr>\n<td>Eficiencia m\u00e1xima (te\u00f3rica)<\/td>\n<td>Fregado: 1.315 \u2013 1.620 m\u00b2\/h; Limpieza de polvo: 2.317 \u2013 2.527 m\u00b2\/h<\/td>\n<\/tr>\n<tr>\n<td>Tiempo de ejecuci\u00f3n m\u00e1ximo<\/td>\n<td>Fregado: 3 h; Limpieza de polvo: 6\u20138 h<\/td>\n<\/tr>\n<tr>\n<td>Tiempo de carga<\/td>\n<td>2 h<\/td>\n<\/tr>\n<tr>\n<td>Velocidad m\u00e1xima de limpieza<\/td>\n<td>0,9 m\/s<\/td>\n<\/tr>\n<tr>\n<td>Superabilidad<\/td>\n<td>4,6\u00b0<\/td>\n<\/tr>\n<tr>\n<td>Ancho m\u00ednimo de paso<\/td>\n<td>900 mm<\/td>\n<\/tr>\n<tr>\n<td>Ancho m\u00ednimo de giro en U<\/td>\n<td>1.200 mm<\/td>\n<\/tr>\n<tr>\n<td>Sistema de sensores<\/td>\n<td>LiDAR 2D, c\u00e1mara de profundidad 3D, c\u00e1mara RGB, sensor anticolisi\u00f3n<\/td>\n<\/tr>\n<tr>\n<td>Tipos de suelos aplicables<\/td>\n<td>Piedra natural, piedra artificial, cer\u00e1mica, concreto, PVC, epoxi<\/td>\n<\/tr>\n<\/tbody>\n<\/table>\n","protected":false},"excerpt":{"rendered":"<p>Scrubber 50: Fregadora de Suelos Inteligente para Espacios Medianos y Grandes Ideal para centros comerciales, hospitales, estaciones de transporte, centros educativos. La Scrubber 50 es una fregadora aut\u00f3noma con inteligencia artificial de Gausium, ideal para la limpieza industrial profesional en espacios medianos y grandes. Su tecnolog\u00eda avanzada, que combina sensores LiDAR 2D, 3D y c\u00e1maras [&hellip;]<\/p>\n","protected":false},"featured_media":34293,"comment_status":"closed","ping_status":"closed","template":"","meta":[],"product_brand":[],"product_cat":[577,1032,1066,810,1015,912],"product_tag":[],"marcas":[1064],"certificats":[],"caracteristiques":[],"tipus-productes":[],"zona-aplicacio":[946,949,955],"tipus-maquinaria":[956],"class_list":{"0":"post-20618","1":"product","2":"type-product","3":"status-publish","4":"has-post-thumbnail","6":"product_cat-maquinas","7":"product_cat-fregadora-robot-autonoma","8":"product_cat-fregadoras-gausium","9":"product_cat-fregadora-es","10":"product_cat-autonoma-maquina-limpieza","11":"product_cat-robots-industriales-de-limpieza","12":"marcas-gaussian-es","13":"zona-aplicacio-zonas-comunes","14":"zona-aplicacio-zona-produccion-y-talleres","15":"zona-aplicacio-zona-sanitaria","16":"tipus-maquinaria-maquina-nueva","18":"first","19":"instock","20":"shipping-taxable","21":"product-type-simple"},"_links":{"self":[{"href":"https:\/\/dibosch.com\/es\/wp-json\/wp\/v2\/product\/20618","targetHints":{"allow":["GET"]}}],"collection":[{"href":"https:\/\/dibosch.com\/es\/wp-json\/wp\/v2\/product"}],"about":[{"href":"https:\/\/dibosch.com\/es\/wp-json\/wp\/v2\/types\/product"}],"replies":[{"embeddable":true,"href":"https:\/\/dibosch.com\/es\/wp-json\/wp\/v2\/comments?post=20618"}],"wp:featuredmedia":[{"embeddable":true,"href":"https:\/\/dibosch.com\/es\/wp-json\/wp\/v2\/media\/34293"}],"wp:attachment":[{"href":"https:\/\/dibosch.com\/es\/wp-json\/wp\/v2\/media?parent=20618"}],"wp:term":[{"taxonomy":"product_brand","embeddable":true,"href":"https:\/\/dibosch.com\/es\/wp-json\/wp\/v2\/product_brand?post=20618"},{"taxonomy":"product_cat","embeddable":true,"href":"https:\/\/dibosch.com\/es\/wp-json\/wp\/v2\/product_cat?post=20618"},{"taxonomy":"product_tag","embeddable":true,"href":"https:\/\/dibosch.com\/es\/wp-json\/wp\/v2\/product_tag?post=20618"},{"taxonomy":"marcas","embeddable":true,"href":"https:\/\/dibosch.com\/es\/wp-json\/wp\/v2\/marcas?post=20618"},{"taxonomy":"certificats","embeddable":true,"href":"https:\/\/dibosch.com\/es\/wp-json\/wp\/v2\/certificats?post=20618"},{"taxonomy":"caracteristiques","embeddable":true,"href":"https:\/\/dibosch.com\/es\/wp-json\/wp\/v2\/caracteristiques?post=20618"},{"taxonomy":"tipus-productes","embeddable":true,"href":"https:\/\/dibosch.com\/es\/wp-json\/wp\/v2\/tipus-productes?post=20618"},{"taxonomy":"zona-aplicacio","embeddable":true,"href":"https:\/\/dibosch.com\/es\/wp-json\/wp\/v2\/zona-aplicacio?post=20618"},{"taxonomy":"tipus-maquinaria","embeddable":true,"href":"https:\/\/dibosch.com\/es\/wp-json\/wp\/v2\/tipus-maquinaria?post=20618"}],"curies":[{"name":"wp","href":"https:\/\/api.w.org\/{rel}","templated":true}]}}