{"id":20655,"date":"2023-06-21T06:15:25","date_gmt":"2023-06-21T06:15:25","guid":{"rendered":"https:\/\/dibosch.com\/?post_type=product&#038;p=20655"},"modified":"2025-09-03T10:54:12","modified_gmt":"2025-09-03T10:54:12","slug":"autonomous-vacuum-40-gaussian-robotics","status":"publish","type":"product","link":"https:\/\/dibosch.com\/es\/producto\/autonomous-vacuum-40-gaussian-robotics\/","title":{"rendered":"ASPIRADOR AUT\u00d3NOMO ECOBOT 40 &#8211; GAUSIUM"},"content":{"rendered":"<p class=\"\" data-start=\"0\" data-end=\"95\"><strong data-start=\"0\" data-end=\"95\">Vacuum 40 \u2013 Robot Aspirador Comercial Aut\u00f3nomo de Alta Eficiencia para Limpieza Profesional<\/strong><\/p>\n<p class=\"\" data-start=\"97\" data-end=\"152\"><strong data-start=\"97\" data-end=\"152\">Ideal para Hoteles, Oficinas y Espacios Comerciales<\/strong><\/p>\n<p class=\"\" data-start=\"154\" data-end=\"549\">Vacuum 40 es un robot aspirador comercial avanzado, dise\u00f1ado para ofrecer soluciones de limpieza eficientes y aut\u00f3nomas en una amplia variedad de entornos interiores. Con su dise\u00f1o compacto y vers\u00e1til, es perfecto para suelos blandos y duros, lo que lo convierte en la opci\u00f3n ideal para hoteles con pasillos estrechos, suelos de moqueta y baldosa, as\u00ed como oficinas y otros espacios comerciales.<\/p>\n<div><b data-olk-copy-source=\"MailCompose\">Tu tranquilidad, con una limpieza constante y eficiente.<\/b><\/div>\n<div><\/div>\n<div>Consigue una limpieza impecable y constante en tus espacios comunes con los<b><a id=\"LPlnk941346\" title=\"https:\/\/dibosch.com\/es\/robots-autonomos\/\" href=\"https:\/\/dibosch.com\/es\/robots-autonomos\/\">\u00a0robots de limpieza aut\u00f3nomos<\/a>.<\/b><br \/>\n<b>Mejora la imagen de tu centro<\/b>, libera al personal para tareas de mayor valor y garantiza una\u00a0<b>higiene profesional sin interrupciones.<\/b><br \/>\nEn Dibosch te asesoramos y te acompa\u00f1amos con\u00a0<b>soluciones a medida, formaci\u00f3n y soporte t\u00e9cnico especializado<\/b>.<\/div>\n<div><\/div>\n<div><b>Descubre c\u00f3mo la\u00a0<a title=\"https:\/\/dibosch.com\/es\/robots-autonomos\/\" href=\"https:\/\/dibosch.com\/es\/robots-autonomos\/\">automatizaci\u00f3n de la limpieza<\/a><\/b><a title=\"https:\/\/dibosch.com\/es\/robots-autonomos\/\" href=\"https:\/\/dibosch.com\/es\/robots-autonomos\/\">\u00a0<\/a><b>puede transformar tu limpieza diaria<\/b><\/div>\n<div><\/div>\n<div><\/div>\n<div><\/div>\n<div><\/div>\n<p class=\"\" data-start=\"551\" data-end=\"583\"><strong data-start=\"551\" data-end=\"583\">Caracter\u00edsticas Principales:<\/strong><\/p>\n<ul data-start=\"585\" data-end=\"1552\">\n<li class=\"\" data-start=\"585\" data-end=\"728\">\n<p class=\"\" data-start=\"587\" data-end=\"728\"><strong data-start=\"587\" data-end=\"607\">Soluci\u00f3n 3-en-1:<\/strong> Integraci\u00f3n de aspirado, barrido y fregado en seco, proporcionando una limpieza profunda y eficiente en una sola pasada.<\/p>\n<\/li>\n<li class=\"\" data-start=\"732\" data-end=\"914\">\n<p class=\"\" data-start=\"734\" data-end=\"914\"><strong data-start=\"734\" data-end=\"780\">Cuidado Experto de Alfombras de Todo Tipo:<\/strong> Tres modos de limpieza para alfombras (ligero, medio y profundo), adapt\u00e1ndose a diferentes alturas de pelo y necesidades de limpieza.<\/p>\n<\/li>\n<li class=\"\" data-start=\"1061\" data-end=\"1208\">\n<p class=\"\" data-start=\"1063\" data-end=\"1208\"><strong data-start=\"1063\" data-end=\"1083\">Filtro HEPA H13:<\/strong> Garantiza una purificaci\u00f3n de aire efectiva, capturando part\u00edculas finas y al\u00e9rgenos para un entorno m\u00e1s limpio y saludable.<\/p>\n<\/li>\n<li class=\"\" data-start=\"1210\" data-end=\"1367\">\n<p class=\"\" data-start=\"1212\" data-end=\"1367\"><strong data-start=\"1212\" data-end=\"1242\">Potente Succi\u00f3n de 24 KPA:<\/strong> Proporciona una succi\u00f3n excepcional que elimina f\u00e1cilmente el polvo fino y los residuos, garantizando una limpieza completa.<\/p>\n<\/li>\n<li class=\"\" data-start=\"1369\" data-end=\"1552\">\n<p class=\"\" data-start=\"1371\" data-end=\"1552\"><strong data-start=\"1371\" data-end=\"1411\">Limpieza de Bordes a Distancia Cero:<\/strong> Gracias a sus cepillos laterales y sensores de alta precisi\u00f3n, Vacuum 40 limpia eficazmente hasta el borde de las paredes, sin dejar restos.<\/p>\n<\/li>\n<\/ul>\n<p>&nbsp;<\/p>\n<p class=\"\" data-start=\"1554\" data-end=\"1620\"><strong data-start=\"1554\" data-end=\"1620\">Tecnolog\u00eda Avanzada para una Limpieza Aut\u00f3noma y sin Esfuerzo:<\/strong><\/p>\n<p class=\"\" data-start=\"1622\" data-end=\"1879\">Vacuum 40 est\u00e1 dise\u00f1ado para adaptarse a los cambios en su entorno. Gracias a su sistema de c\u00e1maras 3D, el robot puede identificar los diferentes tipos de suelo y cambiar autom\u00e1ticamente al modo de limpieza adecuado, asegurando siempre el mejor rendimiento.<\/p>\n<ul data-start=\"1881\" data-end=\"2437\">\n<li class=\"\" data-start=\"1881\" data-end=\"2080\">\n<p class=\"\" data-start=\"1883\" data-end=\"2080\"><strong data-start=\"1883\" data-end=\"1921\">Evita Obst\u00e1culos Inteligentemente:<\/strong> Su tecnolog\u00eda de evitaci\u00f3n de obst\u00e1culos asegura que el robot se desplace de manera fluida, evitando atascos y optimizando su ruta de limpieza en tiempo real.<\/p>\n<\/li>\n<li class=\"\" data-start=\"2082\" data-end=\"2249\">\n<p class=\"\" data-start=\"2084\" data-end=\"2249\"><strong data-start=\"2084\" data-end=\"2123\">Aplicaci\u00f3n M\u00f3vil de Control Remoto:<\/strong> Controle y supervise el proceso de limpieza desde cualquier lugar, con acceso remoto a trav\u00e9s de la aplicaci\u00f3n m\u00f3vil <a href=\"https:\/\/dibosch.com\/es\/marcas\/gaussian-es\/\">Gausium<\/a>.<\/p>\n<\/li>\n<li class=\"\" data-start=\"2251\" data-end=\"2437\">\n<p class=\"\" data-start=\"2253\" data-end=\"2437\"><strong data-start=\"2253\" data-end=\"2286\">Estaci\u00f3n de Carga Autom\u00e1tica:<\/strong> Vacuum 40 regresa a su estaci\u00f3n de carga de manera aut\u00f3noma cuando la bater\u00eda est\u00e1 baja, garantizando que est\u00e9 siempre listo para su pr\u00f3xima limpieza.<\/p>\n<\/li>\n<\/ul>\n<p>&nbsp;<\/p>\n<p class=\"\" data-start=\"2439\" data-end=\"2496\"><strong data-start=\"2439\" data-end=\"2496\">Dise\u00f1o Compacto y Eficiente para Espacios Comerciales<\/strong><\/p>\n<p class=\"\" data-start=\"2498\" data-end=\"2906\">Con su capacidad para limpiar en \u00e1reas de dif\u00edcil acceso y su facilidad de uso, Vacuum 40 es la soluci\u00f3n perfecta para mantener la limpieza en hoteles, oficinas y otros entornos comerciales. Su sistema avanzado de navegaci\u00f3n y su potente succi\u00f3n de 24 KPA aseguran una limpieza profunda en cada rinc\u00f3n, mientras que su tecnolog\u00eda de purificaci\u00f3n de aire garantiza un ambiente m\u00e1s saludable para los usuarios.<\/p>\n<p data-start=\"2498\" data-end=\"2906\">\n<table>\n<thead>\n<tr>\n<th>Categor\u00eda<\/th>\n<th>Especificaci\u00f3n<\/th>\n<th>Detalle<\/th>\n<\/tr>\n<\/thead>\n<tbody>\n<tr>\n<td><strong>Dimensiones<\/strong><\/td>\n<td>Largo<\/td>\n<td>790 mm (31\u201d) \/ 810 mm (32\u201d) con kit difusor<\/td>\n<\/tr>\n<tr>\n<td><\/td>\n<td>Ancho<\/td>\n<td>730 mm (29\u201d)<\/td>\n<\/tr>\n<tr>\n<td><\/td>\n<td>Alto<\/td>\n<td>900 mm (35\u201d) \/ 995 mm (39\u201d) con kit difusor<\/td>\n<\/tr>\n<tr>\n<td><\/td>\n<td>Peso sin carga<\/td>\n<td>93 kg (205 lb) \/ 99 kg (218 lb) con kit difusor<\/td>\n<\/tr>\n<tr>\n<td><strong>Limpieza<\/strong><\/td>\n<td>Ancho de limpieza<\/td>\n<td>400 mm (16\u201d) \/ 720 mm (28\u201d) con cepillos laterales<\/td>\n<\/tr>\n<tr>\n<td><\/td>\n<td>Productividad m\u00e1xima<\/td>\n<td>1.200 m\u00b2\/h (12.916 ft\u00b2\/h)<\/td>\n<\/tr>\n<tr>\n<td><\/td>\n<td>Flujo de aire m\u00e1ximo<\/td>\n<td>2 m\u00b3\/min<\/td>\n<\/tr>\n<tr>\n<td><\/td>\n<td>Bolsa de polvo<\/td>\n<td>12 L (3 gal)<\/td>\n<\/tr>\n<tr>\n<td><\/td>\n<td>Bandeja de residuos<\/td>\n<td>2,5 L (0,6 gal)<\/td>\n<\/tr>\n<tr>\n<td><\/td>\n<td>Presi\u00f3n m\u00e1xima de vac\u00edo<\/td>\n<td>24 kPa<\/td>\n<\/tr>\n<tr>\n<td><strong>Movimiento<\/strong><\/td>\n<td>Superabilidad limpieza aut\u00f3noma<\/td>\n<td>4\u00b0<\/td>\n<\/tr>\n<tr>\n<td><\/td>\n<td>Superabilidad conducci\u00f3n<\/td>\n<td>8\u00b0<\/td>\n<\/tr>\n<tr>\n<td><\/td>\n<td>Velocidad m\u00e1xima<\/td>\n<td>1 m\/s (2 mph)<\/td>\n<\/tr>\n<tr>\n<td><\/td>\n<td>Distancia m\u00ednima desde pared<\/td>\n<td>0 \u2013 20 mm (0 \u2013 0,7 in)<\/td>\n<\/tr>\n<tr>\n<td><\/td>\n<td>Ancho m\u00ednimo de paso<\/td>\n<td>870 mm (34\u201d)<\/td>\n<\/tr>\n<tr>\n<td><\/td>\n<td>Ancho m\u00ednimo de giro en U<\/td>\n<td>1.100 mm (43\u201d)<\/td>\n<\/tr>\n<tr>\n<td><strong>El\u00e9ctrico<\/strong><\/td>\n<td>Tipo de bater\u00eda<\/td>\n<td>Litio hierro fosfato<\/td>\n<\/tr>\n<tr>\n<td><\/td>\n<td>Capacidad de bater\u00eda<\/td>\n<td>60 Ah<\/td>\n<\/tr>\n<tr>\n<td><\/td>\n<td>Voltaje nominal<\/td>\n<td>24 V DC<\/td>\n<\/tr>\n<tr>\n<td><\/td>\n<td>Potencia m\u00e1xima<\/td>\n<td>1.000 W (1,34 hp)<\/td>\n<\/tr>\n<tr>\n<td><\/td>\n<td>Tiempo de carga<\/td>\n<td>\u2248 2 h<\/td>\n<\/tr>\n<tr>\n<td><\/td>\n<td>Autonom\u00eda<\/td>\n<td>\u2248 3 \u2013 18 h<\/td>\n<\/tr>\n<tr>\n<td><strong>Sensores<\/strong><\/td>\n<td>Sensores principales<\/td>\n<td>LiDAR, c\u00e1mara de profundidad 3D, c\u00e1mara ToF 3D, c\u00e1mara RGB<\/td>\n<\/tr>\n<tr>\n<td><\/td>\n<td>Seguridad<\/td>\n<td>Sensor antica\u00edda, sensor de colisi\u00f3n por presi\u00f3n de aire<\/td>\n<\/tr>\n<tr>\n<td><strong>Desinfecci\u00f3n<\/strong><\/td>\n<td>Tipo de atomizaci\u00f3n<\/td>\n<td>Ultras\u00f3nica<\/td>\n<\/tr>\n<tr>\n<td><\/td>\n<td>Capacidad del contenedor<\/td>\n<td>4 L (1,06 gal)<\/td>\n<\/tr>\n<tr>\n<td><\/td>\n<td>Atomizaci\u00f3n m\u00e1xima<\/td>\n<td>1,2 L\/h (0,3 gal\/h)<\/td>\n<\/tr>\n<tr>\n<td><\/td>\n<td>Vida \u00fatil del atomizador<\/td>\n<td>5.000 h<\/td>\n<\/tr>\n<tr>\n<td><\/td>\n<td>Desinfectantes recomendados<\/td>\n<td>\u00c1cido hipocloroso, desinfectante QAC<\/td>\n<\/tr>\n<tr>\n<td><strong>Aromatizaci\u00f3n<\/strong><\/td>\n<td>Tipo de atomizaci\u00f3n<\/td>\n<td>Bomba de aire por compresor<\/td>\n<\/tr>\n<tr>\n<td><\/td>\n<td>Atomizaci\u00f3n m\u00e1xima<\/td>\n<td>6 mL\/h (0,002 gal\/h)<\/td>\n<\/tr>\n<tr>\n<td><\/td>\n<td>Capacidad del contenedor<\/td>\n<td>500 mL (0,13 gal)<\/td>\n<\/tr>\n<tr>\n<td><\/td>\n<td>Vida \u00fatil del atomizador<\/td>\n<td>8.000 h<\/td>\n<\/tr>\n<tr>\n<td><\/td>\n<td>Aromas recomendados<\/td>\n<td>Aceites esenciales<\/td>\n<\/tr>\n<\/tbody>\n<\/table>\n","protected":false},"excerpt":{"rendered":"<p>Vacuum 40 \u2013 Robot Aspirador Comercial Aut\u00f3nomo de Alta Eficiencia para Limpieza Profesional Ideal para Hoteles, Oficinas y Espacios Comerciales Vacuum 40 es un robot aspirador comercial avanzado, dise\u00f1ado para ofrecer soluciones de limpieza eficientes y aut\u00f3nomas en una amplia variedad de entornos interiores. Con su dise\u00f1o compacto y vers\u00e1til, es perfecto para suelos blandos [&hellip;]<\/p>\n","protected":false},"featured_media":32185,"comment_status":"closed","ping_status":"closed","template":"","meta":[],"product_brand":[],"product_cat":[912,1121,578,769,577],"product_tag":[],"marcas":[1064],"certificats":[],"caracteristiques":[],"tipus-productes":[],"zona-aplicacio":[952,955,946],"tipus-maquinaria":[],"class_list":{"0":"post-20655","1":"product","2":"type-product","3":"status-publish","4":"has-post-thumbnail","6":"product_cat-robots-industriales-de-limpieza","7":"product_cat-aspirador-profesional-autonomo","8":"product_cat-aspiradores-industriales","9":"product_cat-aspiradores-profesionales","10":"product_cat-maquinas","11":"marcas-gaussian-es","12":"zona-aplicacio-moqueta-y-tejidos","13":"zona-aplicacio-zona-sanitaria","14":"zona-aplicacio-zonas-comunes","16":"first","17":"instock","18":"shipping-taxable","19":"product-type-simple"},"_links":{"self":[{"href":"https:\/\/dibosch.com\/es\/wp-json\/wp\/v2\/product\/20655","targetHints":{"allow":["GET"]}}],"collection":[{"href":"https:\/\/dibosch.com\/es\/wp-json\/wp\/v2\/product"}],"about":[{"href":"https:\/\/dibosch.com\/es\/wp-json\/wp\/v2\/types\/product"}],"replies":[{"embeddable":true,"href":"https:\/\/dibosch.com\/es\/wp-json\/wp\/v2\/comments?post=20655"}],"wp:featuredmedia":[{"embeddable":true,"href":"https:\/\/dibosch.com\/es\/wp-json\/wp\/v2\/media\/32185"}],"wp:attachment":[{"href":"https:\/\/dibosch.com\/es\/wp-json\/wp\/v2\/media?parent=20655"}],"wp:term":[{"taxonomy":"product_brand","embeddable":true,"href":"https:\/\/dibosch.com\/es\/wp-json\/wp\/v2\/product_brand?post=20655"},{"taxonomy":"product_cat","embeddable":true,"href":"https:\/\/dibosch.com\/es\/wp-json\/wp\/v2\/product_cat?post=20655"},{"taxonomy":"product_tag","embeddable":true,"href":"https:\/\/dibosch.com\/es\/wp-json\/wp\/v2\/product_tag?post=20655"},{"taxonomy":"marcas","embeddable":true,"href":"https:\/\/dibosch.com\/es\/wp-json\/wp\/v2\/marcas?post=20655"},{"taxonomy":"certificats","embeddable":true,"href":"https:\/\/dibosch.com\/es\/wp-json\/wp\/v2\/certificats?post=20655"},{"taxonomy":"caracteristiques","embeddable":true,"href":"https:\/\/dibosch.com\/es\/wp-json\/wp\/v2\/caracteristiques?post=20655"},{"taxonomy":"tipus-productes","embeddable":true,"href":"https:\/\/dibosch.com\/es\/wp-json\/wp\/v2\/tipus-productes?post=20655"},{"taxonomy":"zona-aplicacio","embeddable":true,"href":"https:\/\/dibosch.com\/es\/wp-json\/wp\/v2\/zona-aplicacio?post=20655"},{"taxonomy":"tipus-maquinaria","embeddable":true,"href":"https:\/\/dibosch.com\/es\/wp-json\/wp\/v2\/tipus-maquinaria?post=20655"}],"curies":[{"name":"wp","href":"https:\/\/api.w.org\/{rel}","templated":true}]}}