{"id":20658,"date":"2023-06-21T07:01:35","date_gmt":"2023-06-21T07:01:35","guid":{"rendered":"https:\/\/dibosch.com\/?post_type=product&#038;p=20658"},"modified":"2025-09-14T08:28:54","modified_gmt":"2025-09-14T08:28:54","slug":"autonomous-phantas-gaussian-robotics","status":"publish","type":"product","link":"https:\/\/dibosch.com\/es\/producto\/autonomous-phantas-gaussian-robotics\/","title":{"rendered":"AUTONOMOUS PHANTAS &#8211; GAUSIUM"},"content":{"rendered":"<p class=\"\" data-start=\"0\" data-end=\"92\"><strong data-start=\"0\" data-end=\"92\">Robot de Limpieza Phantas \u2013 Soluci\u00f3n Integral para la Limpieza Industrial de Superficies<\/strong><\/p>\n<p data-start=\"0\" data-end=\"92\"><strong>Ideal para hoteles, oficinas, centros sanitarios, centros educativos.<\/strong><\/p>\n<p class=\"\" data-start=\"94\" data-end=\"514\">El <strong data-start=\"97\" data-end=\"108\">Phantas<\/strong> es un robot de limpieza <a href=\"https:\/\/dibosch.com\/es\/maquinas\/fregadora-es\/fregadoras-gausium\/\">Gausium<\/a> de suelos dise\u00f1ado para profesionales que necesitan una soluci\u00f3n robusta, flexible y de m\u00e1xima eficiencia. Este dispositivo integrado combina cuatro modos de limpieza en una \u00fanica m\u00e1quina, ofreciendo versatilidad para la limpieza de superficies diversas, desde pavimentos duros hasta suelos m\u00e1s blandos, con una excelente capacidad de adaptaci\u00f3n a diferentes entornos industriales.<\/p>\n<div><b data-olk-copy-source=\"MailCompose\">Tu tranquilidad, con una limpieza constante y eficiente.<\/b><\/div>\n<div><\/div>\n<div>Consigue una limpieza impecable y constante en tus espacios comunes con los<b><a id=\"LPlnk941346\" title=\"https:\/\/dibosch.com\/es\/robots-autonomos\/\" href=\"https:\/\/dibosch.com\/es\/robots-autonomos\/\">\u00a0robots de limpieza aut\u00f3nomos<\/a>.<\/b><br \/>\n<b>Mejora la imagen de tu centro<\/b>, libera al personal para tareas de mayor valor y garantiza una\u00a0<b>higiene profesional sin interrupciones.<\/b><\/div>\n<div><\/div>\n<div>En Dibosch te asesoramos y te acompa\u00f1amos con\u00a0<b>soluciones a medida, formaci\u00f3n y soporte t\u00e9cnico especializado<\/b>.<\/div>\n<div><b>Descubre c\u00f3mo la\u00a0<a title=\"https:\/\/dibosch.com\/es\/robots-autonomos\/\" href=\"https:\/\/dibosch.com\/es\/robots-autonomos\/\">automatizaci\u00f3n de la limpieza<\/a><\/b><a title=\"https:\/\/dibosch.com\/es\/robots-autonomos\/\" href=\"https:\/\/dibosch.com\/es\/robots-autonomos\/\">\u00a0<\/a><b>puede transformar tu limpieza diaria<\/b><\/div>\n<div><\/div>\n<div><\/div>\n<div><\/div>\n<h3 class=\"\" data-start=\"516\" data-end=\"545\">Caracter\u00edsticas T\u00e9cnicas:<\/h3>\n<ul data-start=\"547\" data-end=\"2815\">\n<li class=\"\" data-start=\"547\" data-end=\"802\">\n<p class=\"\" data-start=\"549\" data-end=\"802\"><strong data-start=\"549\" data-end=\"589\">Dise\u00f1o Compacto y Ergonom\u00eda Avanzada<\/strong>: El Phantas es el robot de limpieza comercial m\u00e1s peque\u00f1o de su categor\u00eda, lo que le permite una gran maniobrabilidad en espacios reducidos y zonas de dif\u00edcil acceso, como pasillos estrechos y \u00e1reas bajo muebles.<\/p>\n<\/li>\n<li class=\"\" data-start=\"804\" data-end=\"1030\">\n<p class=\"\" data-start=\"806\" data-end=\"1030\"><strong data-start=\"806\" data-end=\"835\">Tecnolog\u00eda Zero Distancia<\/strong>: Equipado con un cepillo lateral y sensores de alta precisi\u00f3n, el Phantas puede realizar una limpieza de extrema proximidad a los bordes, sin dejar ning\u00fan espacio sin cubrir (0 cm de distancia).<\/p>\n<\/li>\n<li class=\"\" data-start=\"1032\" data-end=\"1392\">\n<p class=\"\" data-start=\"1034\" data-end=\"1392\"><strong data-start=\"1034\" data-end=\"1082\">Mapeo Avanzado y Localizaci\u00f3n en Tiempo Real<\/strong>: El robot implementa un sistema de mapeo din\u00e1mico y una percepci\u00f3n ambiental en 3D gracias a la fusi\u00f3n de multisensores, lo que le permite ubicarse con precisi\u00f3n en entornos en constante cambio. Los mapas se generan y actualizan en tiempo real, ofreciendo una visi\u00f3n detallada y precisa del entorno operativo.<\/p>\n<\/li>\n<li class=\"\" data-start=\"1394\" data-end=\"1717\">\n<p class=\"\" data-start=\"1396\" data-end=\"1717\"><strong data-start=\"1396\" data-end=\"1436\">Planificaci\u00f3n de Rutas Personalizada<\/strong>: El Phantas permite una programaci\u00f3n flexible de las trayectorias de limpieza, con opciones para movimientos en espiral cuadrada o zig-zag, adapt\u00e1ndose a las necesidades espec\u00edficas de cada espacio. Esta flexibilidad mejora la cobertura de limpieza y optimiza el tiempo operativo.<\/p>\n<\/li>\n<li class=\"\" data-start=\"1719\" data-end=\"2047\">\n<p class=\"\" data-start=\"1721\" data-end=\"2047\"><strong data-start=\"1721\" data-end=\"1774\">Aprendizaje Inteligente y Evitaci\u00f3n de Obst\u00e1culos<\/strong>: Gracias a los algoritmos de aprendizaje profundo, Phantas es capaz de detectar y evitar obst\u00e1culos est\u00e1ticos y din\u00e1micos en tiempo real. Su capacidad de autoreconocimiento y evasi\u00f3n minimiza las colisiones y garantiza rutas de limpieza eficientes sin intervenci\u00f3n humana.<\/p>\n<\/li>\n<li class=\"\" data-start=\"2049\" data-end=\"2437\">\n<p class=\"\" data-start=\"2051\" data-end=\"2437\"><strong data-start=\"2051\" data-end=\"2073\">Auto Spot Cleaning<\/strong>: La funcionalidad de limpieza autom\u00e1tica de puntos, basada en la detecci\u00f3n y localizaci\u00f3n precisa de residuos, permite al robot identificar zonas espec\u00edficas que requieren una limpieza intensiva. Esta caracter\u00edstica incrementa la eficiencia hasta un 400%, reduciendo el consumo de agua, energ\u00eda y productos qu\u00edmicos, mientras mejora el rendimiento de la limpieza.<\/p>\n<\/li>\n<li class=\"\" data-start=\"2439\" data-end=\"2815\">\n<p class=\"\" data-start=\"2441\" data-end=\"2815\"><strong data-start=\"2441\" data-end=\"2491\">Estaci\u00f3n de Carga Autom\u00e1tica y Gesti\u00f3n de Agua<\/strong>: El Phantas se puede complementar con una estaci\u00f3n de acoplamiento que permite la carga autom\u00e1tica de la bater\u00eda, as\u00ed como la recarga de agua y drenaje de aguas residuales. Esta estaci\u00f3n tambi\u00e9n incluye la limpieza de elementos como los cepillos, garantizando el mantenimiento \u00f3ptimo del robot entre cada ciclo de limpieza.<\/p>\n<\/li>\n<\/ul>\n<p>&nbsp;<\/p>\n<h3 class=\"\" data-start=\"2817\" data-end=\"2862\">Control Remoto y Monitorizaci\u00f3n Avanzada:<\/h3>\n<ul data-start=\"2863\" data-end=\"3181\">\n<li class=\"\" data-start=\"2863\" data-end=\"3181\">\n<p class=\"\" data-start=\"2865\" data-end=\"3181\"><strong data-start=\"2865\" data-end=\"2893\">Aplicaci\u00f3n M\u00f3vil <a href=\"https:\/\/dibosch.com\/es\/marcas\/gaussian-es\/\">Gausium<\/a><\/strong>: Permite controlar, monitorizar y programar las tareas de limpieza de manera remota, as\u00ed como realizar ediciones de mapas, establecer paredes virtuales y zonas restringidas. Tambi\u00e9n incluye funciones para generar informes detallados sobre las operaciones y el estado operativo del robot.<\/p>\n<\/li>\n<\/ul>\n<h3 class=\"\" data-start=\"3183\" data-end=\"3234\">Compatibilidad con Diversos Tipos de Pavimento:<\/h3>\n<p class=\"\" data-start=\"3235\" data-end=\"3303\">El Phantas es ideal para una amplia gama de superficies, incluyendo:<\/p>\n<ul data-start=\"3304\" data-end=\"3415\">\n<li class=\"\" data-start=\"3304\" data-end=\"3326\">\n<p class=\"\" data-start=\"3306\" data-end=\"3326\">Azulejos de cer\u00e1mica<\/p>\n<\/li>\n<li class=\"\" data-start=\"3327\" data-end=\"3343\">\n<p class=\"\" data-start=\"3329\" data-end=\"3343\">Piedra natural<\/p>\n<\/li>\n<li class=\"\" data-start=\"3344\" data-end=\"3367\">\n<p class=\"\" data-start=\"3346\" data-end=\"3367\">Alfombra de pila baja<\/p>\n<\/li>\n<li class=\"\" data-start=\"3368\" data-end=\"3382\">\n<p class=\"\" data-start=\"3370\" data-end=\"3382\">PVC y vinilo<\/p>\n<\/li>\n<li class=\"\" data-start=\"3383\" data-end=\"3396\">\n<p class=\"\" data-start=\"3385\" data-end=\"3396\">Madera dura<\/p>\n<\/li>\n<li class=\"\" data-start=\"3397\" data-end=\"3404\">\n<p class=\"\" data-start=\"3399\" data-end=\"3404\">Epoxi<\/p>\n<\/li>\n<li class=\"\" data-start=\"3405\" data-end=\"3415\">\n<p class=\"\" data-start=\"3407\" data-end=\"3415\">Hormig\u00f3n<\/p>\n<\/li>\n<\/ul>\n<p class=\"\" data-start=\"3417\" data-end=\"3636\">El <strong data-start=\"3420\" data-end=\"3431\">Phantas<\/strong> es la soluci\u00f3n perfecta para aquellos que buscan una limpieza aut\u00f3noma, eficiente y flexible, con tecnolog\u00eda de vanguardia y capacidad de adaptaci\u00f3n a las necesidades m\u00e1s exigentes del mercado industrial.<\/p>\n<table>\n<tbody>\n<tr>\n<td><b>Especificaci\u00f3n<\/b><\/td>\n<td><b>Detalle<\/b><\/td>\n<\/tr>\n<tr>\n<td><span style=\"font-weight: 400;\">Dimensiones (L \u00d7 An \u00d7 Al)<\/span><\/td>\n<td><span style=\"font-weight: 400;\">540 \u00d7 440 \u00d7 617 mm<\/span><\/td>\n<\/tr>\n<tr>\n<td><span style=\"font-weight: 400;\">Peso neto<\/span><\/td>\n<td><span style=\"font-weight: 400;\">53 kg<\/span><\/td>\n<\/tr>\n<tr>\n<td><span style=\"font-weight: 400;\">Ancho de aspiraci\u00f3n\/barrido<\/span><\/td>\n<td><span style=\"font-weight: 400;\">410 mm<\/span><\/td>\n<\/tr>\n<tr>\n<td><span style=\"font-weight: 400;\">Ancho de fregado<\/span><\/td>\n<td><span style=\"font-weight: 400;\">330 mm<\/span><\/td>\n<\/tr>\n<tr>\n<td><span style=\"font-weight: 400;\">Eficiencia pr\u00e1ctica de limpieza<\/span><\/td>\n<td><span style=\"font-weight: 400;\">350 \u2013 700 m\u00b2\/h<\/span><\/td>\n<\/tr>\n<tr>\n<td><span style=\"font-weight: 400;\">Eficiencia m\u00e1xima (te\u00f3rica)<\/span><\/td>\n<td><span style=\"font-weight: 400;\">Fregado: 950 m\u00b2\/h; Aspirado\/Limpieza de polvo: 1.180 m\u00b2\/h<\/span><\/td>\n<\/tr>\n<tr>\n<td><span style=\"font-weight: 400;\">Tiempo de ejecuci\u00f3n m\u00e1ximo<\/span><\/td>\n<td><span style=\"font-weight: 400;\">Fregar: 4,5 h; Aspirar: 4 h; Barrer: 14 h; Limpiar polvo: 10 h<\/span><\/td>\n<\/tr>\n<tr>\n<td><span style=\"font-weight: 400;\">Tiempo de carga<\/span><\/td>\n<td><span style=\"font-weight: 400;\">2 h<\/span><\/td>\n<\/tr>\n<tr>\n<td><span style=\"font-weight: 400;\">Tanque de agua (limpia\/residual)<\/span><\/td>\n<td><span style=\"font-weight: 400;\">11,5 L \/ 10,5 L<\/span><\/td>\n<\/tr>\n<tr>\n<td><span style=\"font-weight: 400;\">Capacidad de la bolsa de polvo<\/span><\/td>\n<td><span style=\"font-weight: 400;\">6 L (3 a 7 d\u00edas de retenci\u00f3n)<\/span><\/td>\n<\/tr>\n<tr>\n<td><span style=\"font-weight: 400;\">Capacidad de limpieza de bordes<\/span><\/td>\n<td><span style=\"font-weight: 400;\">0 mm (Zero Distancia)<\/span><\/td>\n<\/tr>\n<tr>\n<td><span style=\"font-weight: 400;\">Superabilidad<\/span><\/td>\n<td><span style=\"font-weight: 400;\">8\u00b0<\/span><\/td>\n<\/tr>\n<tr>\n<td><span style=\"font-weight: 400;\">Ancho m\u00ednimo de paso<\/span><\/td>\n<td><span style=\"font-weight: 400;\">600 mm<\/span><\/td>\n<\/tr>\n<tr>\n<td><span style=\"font-weight: 400;\">Ancho m\u00ednimo de giro en U<\/span><\/td>\n<td><span style=\"font-weight: 400;\">750 mm<\/span><\/td>\n<\/tr>\n<tr>\n<td><span style=\"font-weight: 400;\">Velocidad m\u00e1xima de limpieza<\/span><\/td>\n<td><span style=\"font-weight: 400;\">0,8 m\/s<\/span><\/td>\n<\/tr>\n<tr>\n<td><span style=\"font-weight: 400;\">Capacidad del bote de basura<\/span><\/td>\n<td><span style=\"font-weight: 400;\">0,7 L<\/span><\/td>\n<\/tr>\n<tr>\n<td><span style=\"font-weight: 400;\">Sistema de sensores<\/span><\/td>\n<td><span style=\"font-weight: 400;\">LiDAR, c\u00e1mara de profundidad 3D, c\u00e1mara RGB, antica\u00eddas, anticolisi\u00f3n<\/span><\/td>\n<\/tr>\n<\/tbody>\n<\/table>\n<p data-start=\"3417\" data-end=\"3636\">\n","protected":false},"excerpt":{"rendered":"<p>Robot de Limpieza Phantas \u2013 Soluci\u00f3n Integral para la Limpieza Industrial de Superficies Ideal para hoteles, oficinas, centros sanitarios, centros educativos. El Phantas es un robot de limpieza Gausium de suelos dise\u00f1ado para profesionales que necesitan una soluci\u00f3n robusta, flexible y de m\u00e1xima eficiencia. Este dispositivo integrado combina cuatro modos de limpieza en una \u00fanica [&hellip;]<\/p>\n","protected":false},"featured_media":32144,"comment_status":"closed","ping_status":"closed","template":"","meta":[],"product_brand":[],"product_cat":[577,769,1068,1032,1066,810,811,912],"product_tag":[],"marcas":[1064],"certificats":[],"caracteristiques":[],"tipus-productes":[],"zona-aplicacio":[952,948,955,946],"tipus-maquinaria":[956],"class_list":{"0":"post-20658","1":"product","2":"type-product","3":"status-publish","4":"has-post-thumbnail","6":"product_cat-maquinas","7":"product_cat-aspiradores-profesionales","8":"product_cat-barredoras-gausium","9":"product_cat-fregadora-robot-autonoma","10":"product_cat-fregadoras-gausium","11":"product_cat-fregadora-es","12":"product_cat-barredora","13":"product_cat-robots-industriales-de-limpieza","14":"marcas-gaussian-es","15":"zona-aplicacio-moqueta-y-tejidos","16":"zona-aplicacio-zona-habitaciones","17":"zona-aplicacio-zona-sanitaria","18":"zona-aplicacio-zonas-comunes","19":"tipus-maquinaria-maquina-nueva","21":"first","22":"instock","23":"shipping-taxable","24":"product-type-simple"},"_links":{"self":[{"href":"https:\/\/dibosch.com\/es\/wp-json\/wp\/v2\/product\/20658","targetHints":{"allow":["GET"]}}],"collection":[{"href":"https:\/\/dibosch.com\/es\/wp-json\/wp\/v2\/product"}],"about":[{"href":"https:\/\/dibosch.com\/es\/wp-json\/wp\/v2\/types\/product"}],"replies":[{"embeddable":true,"href":"https:\/\/dibosch.com\/es\/wp-json\/wp\/v2\/comments?post=20658"}],"wp:featuredmedia":[{"embeddable":true,"href":"https:\/\/dibosch.com\/es\/wp-json\/wp\/v2\/media\/32144"}],"wp:attachment":[{"href":"https:\/\/dibosch.com\/es\/wp-json\/wp\/v2\/media?parent=20658"}],"wp:term":[{"taxonomy":"product_brand","embeddable":true,"href":"https:\/\/dibosch.com\/es\/wp-json\/wp\/v2\/product_brand?post=20658"},{"taxonomy":"product_cat","embeddable":true,"href":"https:\/\/dibosch.com\/es\/wp-json\/wp\/v2\/product_cat?post=20658"},{"taxonomy":"product_tag","embeddable":true,"href":"https:\/\/dibosch.com\/es\/wp-json\/wp\/v2\/product_tag?post=20658"},{"taxonomy":"marcas","embeddable":true,"href":"https:\/\/dibosch.com\/es\/wp-json\/wp\/v2\/marcas?post=20658"},{"taxonomy":"certificats","embeddable":true,"href":"https:\/\/dibosch.com\/es\/wp-json\/wp\/v2\/certificats?post=20658"},{"taxonomy":"caracteristiques","embeddable":true,"href":"https:\/\/dibosch.com\/es\/wp-json\/wp\/v2\/caracteristiques?post=20658"},{"taxonomy":"tipus-productes","embeddable":true,"href":"https:\/\/dibosch.com\/es\/wp-json\/wp\/v2\/tipus-productes?post=20658"},{"taxonomy":"zona-aplicacio","embeddable":true,"href":"https:\/\/dibosch.com\/es\/wp-json\/wp\/v2\/zona-aplicacio?post=20658"},{"taxonomy":"tipus-maquinaria","embeddable":true,"href":"https:\/\/dibosch.com\/es\/wp-json\/wp\/v2\/tipus-maquinaria?post=20658"}],"curies":[{"name":"wp","href":"https:\/\/api.w.org\/{rel}","templated":true}]}}