{"id":22247,"date":"2023-07-20T11:12:54","date_gmt":"2023-07-20T11:12:54","guid":{"rendered":"https:\/\/dibosch.com\/?post_type=product&#038;p=22247"},"modified":"2025-03-04T12:50:03","modified_gmt":"2025-03-04T12:50:03","slug":"m-duplex-420-dc-48v-pro-duplex","status":"publish","type":"product","link":"https:\/\/dibosch.com\/es\/producto\/m-duplex-420-dc-48v-pro-duplex\/","title":{"rendered":"DUPLEX 420 DC 48V PRO &#8211; DUPLEX"},"content":{"rendered":"<p><strong>M\u00e1quina de limpieza profesional de pavimentos con vapor especialmente indicada para la limpieza de:<\/strong><\/p>\n<ul>\n<li>Suelos irregulares y juntos. Desinfecci\u00f3n e higienizaci\u00f3n completa de todas las superficies.<\/li>\n<li>M\u00e1xima eficiencia en suelos textiles como alfombras y tapices, no moja el tejido y revitaliza las fibras.<\/li>\n<li>En los suelos duros ayuda a eliminar la suciedad, grasa o chicle, sin utilizar productos qu\u00edmicos.<\/li>\n<\/ul>\n<p>Su dise\u00f1o compacto, la posici\u00f3n de los cepillos, los recipientes y la colocaci\u00f3n central del motor la hacen perfectamente equilibrada.<\/p>\n<p>Duplex 420 Steam est\u00e1 dotada con dos tanques est\u00e1ndar para ser utilizada tambi\u00e9n con soluci\u00f3n detergente y sin vapor.<\/p>\n<p>&nbsp;<\/p>\n<p><strong>Caracter\u00edsticas del producto:<\/strong><\/p>\n<p>La fregadora de suelos Duplex 420 DC es muy adecuada para la limpieza de superficies complejas.<\/p>\n<ul>\n<li>La m\u00e1quina limpia un \u00e1rea de 350 m\u00b2 por hora.<\/li>\n<li>No m\u00e1s cables molestos con los que tropezar<\/li>\n<li>Opci\u00f3n h\u00edbrida para trabajar sin l\u00edmite<\/li>\n<li>Mejor rendimiento que las m\u00e1quinas de cable<\/li>\n<li>Horas de funcionamiento de la bater\u00eda: 1 hora<\/li>\n<li>Totalmente cargado en 2 horas<\/li>\n<li>La bater\u00eda es f\u00e1cil de cambiar<\/li>\n<\/ul>\n<p>&nbsp;<\/p>\n<pre id=\"tw-target-text\" class=\"tw-data-text tw-text-large tw-ta\" dir=\"ltr\" data-placeholder=\"Traducci\u00f3n\" data-ved=\"2ahUKEwi06YiNu_CLAxU9SvEDHRyIBsAQ3ewLegQICBAW\" aria-label=\"Texto traducido: Consultar accesorios incluidos en el precio.\r\n\r\nPrecio de 420 DC PRO (Sin IVA)\"><span class=\"Y2IQFc\" lang=\"es\">Consultar accesorios incluidos en el precio.\r\n\r\nPrecio de 420 DC PRO (Sin IVA)<\/span><\/pre>\n","protected":false},"excerpt":{"rendered":"<p>M\u00e1quina de limpieza profesional de pavimentos con vapor especialmente indicada para la limpieza de: Suelos irregulares y juntos. Desinfecci\u00f3n e higienizaci\u00f3n completa de todas las superficies. M\u00e1xima eficiencia en suelos textiles como alfombras y tapices, no moja el tejido y revitaliza las fibras. En los suelos duros ayuda a eliminar la suciedad, grasa o chicle, [&hellip;]<\/p>\n","protected":false},"featured_media":22246,"comment_status":"closed","ping_status":"closed","template":"","meta":[],"product_brand":[],"product_cat":[1076,727,989,810,1074,577],"product_tag":[],"marcas":[924],"certificats":[],"caracteristiques":[],"tipus-productes":[],"zona-aplicacio":[951,952,950,949,955,946],"tipus-maquinaria":[],"class_list":{"0":"post-22247","1":"product","2":"type-product","3":"status-publish","4":"has-post-thumbnail","6":"product_cat-fregadora-industrial-pequena","7":"product_cat-fregadoras-a-pie","8":"product_cat-fregadoras-duplex","9":"product_cat-fregadora-es","10":"product_cat-maquina-limpia-suelos","11":"product_cat-maquinas","12":"marcas-duplex-es","13":"zona-aplicacio-exteriores-y-fachadas","14":"zona-aplicacio-moqueta-y-tejidos","15":"zona-aplicacio-zona-manipulacion-de-alimentos-industria","16":"zona-aplicacio-zona-produccion-y-talleres","17":"zona-aplicacio-zona-sanitaria","18":"zona-aplicacio-zonas-comunes","20":"first","21":"instock","22":"shipping-taxable","23":"purchasable","24":"product-type-simple"},"_links":{"self":[{"href":"https:\/\/dibosch.com\/es\/wp-json\/wp\/v2\/product\/22247","targetHints":{"allow":["GET"]}}],"collection":[{"href":"https:\/\/dibosch.com\/es\/wp-json\/wp\/v2\/product"}],"about":[{"href":"https:\/\/dibosch.com\/es\/wp-json\/wp\/v2\/types\/product"}],"replies":[{"embeddable":true,"href":"https:\/\/dibosch.com\/es\/wp-json\/wp\/v2\/comments?post=22247"}],"wp:featuredmedia":[{"embeddable":true,"href":"https:\/\/dibosch.com\/es\/wp-json\/wp\/v2\/media\/22246"}],"wp:attachment":[{"href":"https:\/\/dibosch.com\/es\/wp-json\/wp\/v2\/media?parent=22247"}],"wp:term":[{"taxonomy":"product_brand","embeddable":true,"href":"https:\/\/dibosch.com\/es\/wp-json\/wp\/v2\/product_brand?post=22247"},{"taxonomy":"product_cat","embeddable":true,"href":"https:\/\/dibosch.com\/es\/wp-json\/wp\/v2\/product_cat?post=22247"},{"taxonomy":"product_tag","embeddable":true,"href":"https:\/\/dibosch.com\/es\/wp-json\/wp\/v2\/product_tag?post=22247"},{"taxonomy":"marcas","embeddable":true,"href":"https:\/\/dibosch.com\/es\/wp-json\/wp\/v2\/marcas?post=22247"},{"taxonomy":"certificats","embeddable":true,"href":"https:\/\/dibosch.com\/es\/wp-json\/wp\/v2\/certificats?post=22247"},{"taxonomy":"caracteristiques","embeddable":true,"href":"https:\/\/dibosch.com\/es\/wp-json\/wp\/v2\/caracteristiques?post=22247"},{"taxonomy":"tipus-productes","embeddable":true,"href":"https:\/\/dibosch.com\/es\/wp-json\/wp\/v2\/tipus-productes?post=22247"},{"taxonomy":"zona-aplicacio","embeddable":true,"href":"https:\/\/dibosch.com\/es\/wp-json\/wp\/v2\/zona-aplicacio?post=22247"},{"taxonomy":"tipus-maquinaria","embeddable":true,"href":"https:\/\/dibosch.com\/es\/wp-json\/wp\/v2\/tipus-maquinaria?post=22247"}],"curies":[{"name":"wp","href":"https:\/\/api.w.org\/{rel}","templated":true}]}}