{"id":22255,"date":"2023-07-20T11:26:15","date_gmt":"2023-07-20T11:26:15","guid":{"rendered":"https:\/\/dibosch.com\/?post_type=product&#038;p=22255"},"modified":"2023-07-20T11:27:13","modified_gmt":"2023-07-20T11:27:13","slug":"cepillo-azul-twisted-inox-t961b-hillbrush","status":"publish","type":"product","link":"https:\/\/dibosch.com\/es\/producto\/cepillo-azul-twisted-inox-t961b-hillbrush\/","title":{"rendered":"CEPILLO AZUL TWISTED INOX T961B &#8211; HILLBRUSH"},"content":{"rendered":"<p><strong>Caracter\u00edsticas del producto:<\/strong><\/p>\n<p>Cepillo de alambre con casquillo 150mm x 12mm, trenzado de acero inox, mediana rigidez, de color azul<\/p>\n<p>Poli\u00e9ster mediano de 12 mm\u00f8 retorcido en cepillo de alambre de acero inoxidable, con un mech\u00f3n de abanico y una f\u00e9rula para adaptarse a los mangos flexibles<\/p>\n","protected":false},"excerpt":{"rendered":"<p>Caracter\u00edsticas del producto: Cepillo de alambre con casquillo 150mm x 12mm, trenzado de acero inox, mediana rigidez, de color azul Poli\u00e9ster mediano de 12 mm\u00f8 retorcido en cepillo de alambre de acero inoxidable, con un mech\u00f3n de abanico y una f\u00e9rula para adaptarse a los mangos flexibles<\/p>\n","protected":false},"featured_media":22254,"comment_status":"closed","ping_status":"closed","template":"","meta":[],"product_brand":[],"product_cat":[771,713,684],"product_tag":[],"marcas":[],"certificats":[],"caracteristiques":[],"tipus-productes":[],"zona-aplicacio":[],"tipus-maquinaria":[],"class_list":{"0":"post-22255","1":"product","2":"type-product","3":"status-publish","4":"has-post-thumbnail","6":"product_cat-cepillos-manuales","7":"product_cat-utensilios","8":"product_cat-utiles-de-limpieza","10":"first","11":"instock","12":"shipping-taxable","13":"product-type-simple"},"_links":{"self":[{"href":"https:\/\/dibosch.com\/es\/wp-json\/wp\/v2\/product\/22255","targetHints":{"allow":["GET"]}}],"collection":[{"href":"https:\/\/dibosch.com\/es\/wp-json\/wp\/v2\/product"}],"about":[{"href":"https:\/\/dibosch.com\/es\/wp-json\/wp\/v2\/types\/product"}],"replies":[{"embeddable":true,"href":"https:\/\/dibosch.com\/es\/wp-json\/wp\/v2\/comments?post=22255"}],"wp:featuredmedia":[{"embeddable":true,"href":"https:\/\/dibosch.com\/es\/wp-json\/wp\/v2\/media\/22254"}],"wp:attachment":[{"href":"https:\/\/dibosch.com\/es\/wp-json\/wp\/v2\/media?parent=22255"}],"wp:term":[{"taxonomy":"product_brand","embeddable":true,"href":"https:\/\/dibosch.com\/es\/wp-json\/wp\/v2\/product_brand?post=22255"},{"taxonomy":"product_cat","embeddable":true,"href":"https:\/\/dibosch.com\/es\/wp-json\/wp\/v2\/product_cat?post=22255"},{"taxonomy":"product_tag","embeddable":true,"href":"https:\/\/dibosch.com\/es\/wp-json\/wp\/v2\/product_tag?post=22255"},{"taxonomy":"marcas","embeddable":true,"href":"https:\/\/dibosch.com\/es\/wp-json\/wp\/v2\/marcas?post=22255"},{"taxonomy":"certificats","embeddable":true,"href":"https:\/\/dibosch.com\/es\/wp-json\/wp\/v2\/certificats?post=22255"},{"taxonomy":"caracteristiques","embeddable":true,"href":"https:\/\/dibosch.com\/es\/wp-json\/wp\/v2\/caracteristiques?post=22255"},{"taxonomy":"tipus-productes","embeddable":true,"href":"https:\/\/dibosch.com\/es\/wp-json\/wp\/v2\/tipus-productes?post=22255"},{"taxonomy":"zona-aplicacio","embeddable":true,"href":"https:\/\/dibosch.com\/es\/wp-json\/wp\/v2\/zona-aplicacio?post=22255"},{"taxonomy":"tipus-maquinaria","embeddable":true,"href":"https:\/\/dibosch.com\/es\/wp-json\/wp\/v2\/tipus-maquinaria?post=22255"}],"curies":[{"name":"wp","href":"https:\/\/api.w.org\/{rel}","templated":true}]}}