{"id":22282,"date":"2023-07-20T13:01:47","date_gmt":"2023-07-20T13:01:47","guid":{"rendered":"https:\/\/dibosch.com\/?post_type=product&#038;p=22282"},"modified":"2023-08-23T07:15:19","modified_gmt":"2023-08-23T07:15:19","slug":"carro-magic-hotel-900-safety-mh900s040v00-tts","status":"publish","type":"product","link":"https:\/\/dibosch.com\/es\/producto\/carro-magic-hotel-900-safety-mh900s040v00-tts\/","title":{"rendered":"CARRO MAGIC HOTEL 900 SAFETY MH900S040V00 &#8211; TTS"},"content":{"rendered":"<p><strong>Caracter\u00edsticas del producto:<\/strong><\/p>\n<p>Carro hotelero versi\u00f3n Safety, con \u00e1rea de almacenaje cerrada<\/p>\n<p>Carro multiuso en polipropileno modular y con accesorios para responder a todas las necesidades de limpieza<\/p>\n<p>Ideal para la reorganizaci\u00f3n en estructuras medianas y grandes<\/p>\n<p>Higi\u00e9nico: los estantes de material pl\u00e1stico separan los m\u00f3dulos del carro evitando contaminaciones entre las zonas de fregado, almacenaje y recogida de residuos<\/p>\n<p>Robusto: el polipropileno, naturalmente inoxidable y el\u00e1stico, garantiza el rendimiento a prueba de golpes<\/p>\n<p>Modular: componentes y accesorios permiten personalizar el carro para cada necesidad, lo que facilita su actualizaci\u00f3n o reparaci\u00f3n en cualquier momento<\/p>\n","protected":false},"excerpt":{"rendered":"<p>Caracter\u00edsticas del producto: Carro hotelero versi\u00f3n Safety, con \u00e1rea de almacenaje cerrada Carro multiuso en polipropileno modular y con accesorios para responder a todas las necesidades de limpieza Ideal para la reorganizaci\u00f3n en estructuras medianas y grandes Higi\u00e9nico: los estantes de material pl\u00e1stico separan los m\u00f3dulos del carro evitando contaminaciones entre las zonas de fregado, [&hellip;]<\/p>\n","protected":false},"featured_media":22281,"comment_status":"closed","ping_status":"closed","template":"","meta":[],"product_brand":[],"product_cat":[685,705,684],"product_tag":[],"marcas":[],"certificats":[],"caracteristiques":[],"tipus-productes":[],"zona-aplicacio":[],"tipus-maquinaria":[],"class_list":{"0":"post-22282","1":"product","2":"type-product","3":"status-publish","4":"has-post-thumbnail","6":"product_cat-carros-es","7":"product_cat-carros-de-limpieza","8":"product_cat-utiles-de-limpieza","10":"first","11":"instock","12":"shipping-taxable","13":"product-type-simple"},"_links":{"self":[{"href":"https:\/\/dibosch.com\/es\/wp-json\/wp\/v2\/product\/22282","targetHints":{"allow":["GET"]}}],"collection":[{"href":"https:\/\/dibosch.com\/es\/wp-json\/wp\/v2\/product"}],"about":[{"href":"https:\/\/dibosch.com\/es\/wp-json\/wp\/v2\/types\/product"}],"replies":[{"embeddable":true,"href":"https:\/\/dibosch.com\/es\/wp-json\/wp\/v2\/comments?post=22282"}],"wp:featuredmedia":[{"embeddable":true,"href":"https:\/\/dibosch.com\/es\/wp-json\/wp\/v2\/media\/22281"}],"wp:attachment":[{"href":"https:\/\/dibosch.com\/es\/wp-json\/wp\/v2\/media?parent=22282"}],"wp:term":[{"taxonomy":"product_brand","embeddable":true,"href":"https:\/\/dibosch.com\/es\/wp-json\/wp\/v2\/product_brand?post=22282"},{"taxonomy":"product_cat","embeddable":true,"href":"https:\/\/dibosch.com\/es\/wp-json\/wp\/v2\/product_cat?post=22282"},{"taxonomy":"product_tag","embeddable":true,"href":"https:\/\/dibosch.com\/es\/wp-json\/wp\/v2\/product_tag?post=22282"},{"taxonomy":"marcas","embeddable":true,"href":"https:\/\/dibosch.com\/es\/wp-json\/wp\/v2\/marcas?post=22282"},{"taxonomy":"certificats","embeddable":true,"href":"https:\/\/dibosch.com\/es\/wp-json\/wp\/v2\/certificats?post=22282"},{"taxonomy":"caracteristiques","embeddable":true,"href":"https:\/\/dibosch.com\/es\/wp-json\/wp\/v2\/caracteristiques?post=22282"},{"taxonomy":"tipus-productes","embeddable":true,"href":"https:\/\/dibosch.com\/es\/wp-json\/wp\/v2\/tipus-productes?post=22282"},{"taxonomy":"zona-aplicacio","embeddable":true,"href":"https:\/\/dibosch.com\/es\/wp-json\/wp\/v2\/zona-aplicacio?post=22282"},{"taxonomy":"tipus-maquinaria","embeddable":true,"href":"https:\/\/dibosch.com\/es\/wp-json\/wp\/v2\/tipus-maquinaria?post=22282"}],"curies":[{"name":"wp","href":"https:\/\/api.w.org\/{rel}","templated":true}]}}