{"id":24469,"date":"2023-10-10T07:15:23","date_gmt":"2023-10-10T07:15:23","guid":{"rendered":"https:\/\/dibosch.com\/?post_type=product&#038;p=24469"},"modified":"2023-10-10T07:17:53","modified_gmt":"2023-10-10T07:17:53","slug":"baieta-katrin-fleximaster-40575-x500-katrin","status":"publish","type":"product","link":"https:\/\/dibosch.com\/es\/producto\/baieta-katrin-fleximaster-40575-x500-katrin\/","title":{"rendered":"BAYETA KATRIN FLEXIMASTER 40575 (x500) &#8211; KATRIN"},"content":{"rendered":"<p><strong>Caracter\u00edsticas del producto:<\/strong><\/p>\n<p>Bayeta de limpieza de baja pelusa FlexMaster 100 hojas de 1 capa<\/p>\n<p>Bayeta flexible y reutilizable inter-doblado que deja pocas pelusas para limpiar con limpiadores<\/p>\n<p>Especialmente para limpieza en h\u00famedo: muy eficaz cuando est\u00e1 mojado.<\/p>\n<p>Imprescindible para la limpieza y limpieza general.<\/p>\n<p>Alta velocidad i capacidad de absorci\u00f3n<\/p>\n<p>Toallita intercalada f\u00e1cil de usar en envase de aluminio.<\/p>\n<p>Sin silicona<\/p>\n<p>Resistente a disolventes<\/p>\n","protected":false},"excerpt":{"rendered":"<p>Caracter\u00edsticas del producto: Bayeta de limpieza de baja pelusa FlexMaster 100 hojas de 1 capa Bayeta flexible y reutilizable inter-doblado que deja pocas pelusas para limpiar con limpiadores Especialmente para limpieza en h\u00famedo: muy eficaz cuando est\u00e1 mojado. Imprescindible para la limpieza y limpieza general. Alta velocidad i capacidad de absorci\u00f3n Toallita intercalada f\u00e1cil de [&hellip;]<\/p>\n","protected":false},"featured_media":24468,"comment_status":"closed","ping_status":"closed","template":"","meta":[],"product_brand":[],"product_cat":[737,743],"product_tag":[],"marcas":[923],"certificats":[],"caracteristiques":[],"tipus-productes":[],"zona-aplicacio":[],"tipus-maquinaria":[],"class_list":{"0":"post-24469","1":"product","2":"type-product","3":"status-publish","4":"has-post-thumbnail","6":"product_cat-celulosa","7":"product_cat-toallitas","8":"marcas-katrin-es","10":"first","11":"instock","12":"shipping-taxable","13":"product-type-simple"},"_links":{"self":[{"href":"https:\/\/dibosch.com\/es\/wp-json\/wp\/v2\/product\/24469","targetHints":{"allow":["GET"]}}],"collection":[{"href":"https:\/\/dibosch.com\/es\/wp-json\/wp\/v2\/product"}],"about":[{"href":"https:\/\/dibosch.com\/es\/wp-json\/wp\/v2\/types\/product"}],"replies":[{"embeddable":true,"href":"https:\/\/dibosch.com\/es\/wp-json\/wp\/v2\/comments?post=24469"}],"wp:featuredmedia":[{"embeddable":true,"href":"https:\/\/dibosch.com\/es\/wp-json\/wp\/v2\/media\/24468"}],"wp:attachment":[{"href":"https:\/\/dibosch.com\/es\/wp-json\/wp\/v2\/media?parent=24469"}],"wp:term":[{"taxonomy":"product_brand","embeddable":true,"href":"https:\/\/dibosch.com\/es\/wp-json\/wp\/v2\/product_brand?post=24469"},{"taxonomy":"product_cat","embeddable":true,"href":"https:\/\/dibosch.com\/es\/wp-json\/wp\/v2\/product_cat?post=24469"},{"taxonomy":"product_tag","embeddable":true,"href":"https:\/\/dibosch.com\/es\/wp-json\/wp\/v2\/product_tag?post=24469"},{"taxonomy":"marcas","embeddable":true,"href":"https:\/\/dibosch.com\/es\/wp-json\/wp\/v2\/marcas?post=24469"},{"taxonomy":"certificats","embeddable":true,"href":"https:\/\/dibosch.com\/es\/wp-json\/wp\/v2\/certificats?post=24469"},{"taxonomy":"caracteristiques","embeddable":true,"href":"https:\/\/dibosch.com\/es\/wp-json\/wp\/v2\/caracteristiques?post=24469"},{"taxonomy":"tipus-productes","embeddable":true,"href":"https:\/\/dibosch.com\/es\/wp-json\/wp\/v2\/tipus-productes?post=24469"},{"taxonomy":"zona-aplicacio","embeddable":true,"href":"https:\/\/dibosch.com\/es\/wp-json\/wp\/v2\/zona-aplicacio?post=24469"},{"taxonomy":"tipus-maquinaria","embeddable":true,"href":"https:\/\/dibosch.com\/es\/wp-json\/wp\/v2\/tipus-maquinaria?post=24469"}],"curies":[{"name":"wp","href":"https:\/\/api.w.org\/{rel}","templated":true}]}}