{"id":24486,"date":"2023-10-10T09:26:26","date_gmt":"2023-10-10T09:26:26","guid":{"rendered":"https:\/\/dibosch.com\/?post_type=product&#038;p=24486"},"modified":"2025-12-02T09:15:13","modified_gmt":"2025-12-02T09:15:13","slug":"ambigen-drops-bp5-sucitesa","status":"publish","type":"product","link":"https:\/\/dibosch.com\/es\/producto\/ambigen-drops-bp5-sucitesa\/","title":{"rendered":"AMBIGEN DROPS BP5 &#8211; SUCITESA"},"content":{"rendered":"<p>&nbsp;<\/p>\n<p>Ambientador.BLOOM collection.<\/p>\n<p>&nbsp;<\/p>\n<p><strong>Caracter\u00edsticas del producto:<\/strong><\/p>\n<p>Fragancia herbal a Te Verde.<\/p>\n<p>Mejora el ambiente y la calidad del aire.<\/p>\n<p>Incorpora la Tecnolog\u00eda DEODOR. Neutraliza olores desagradables sin enmascararlos.<\/p>\n<p>Elevada concentraci\u00f3n de perfume.<\/p>\n<p>Efecto long-lasting.<\/p>\n<p>&nbsp;<\/p>\n<p><strong>Modo de empleo:<\/strong><\/p>\n<p>USO MANUAL. ellenar la botella pulverizadora.<\/p>\n<p>USO AUTOM\u00c1TICO. Sistema AIR MATIC de dosificaci\u00f3n.<\/p>\n<p>AMBIENTE: Pulverizar hacia arriba y en todas direcciones. Evitar hacerlo sobre alimentos y utensilios de cocina. Climatizadores: Pulverizar la rejilla de salida de aire.<\/p>\n<p>&nbsp;<\/p>\n<p>&nbsp;<\/p>\n","protected":false},"excerpt":{"rendered":"<p>&nbsp; Ambientador.BLOOM collection. &nbsp; Caracter\u00edsticas del producto: Fragancia herbal a Te Verde. Mejora el ambiente y la calidad del aire. Incorpora la Tecnolog\u00eda DEODOR. Neutraliza olores desagradables sin enmascararlos. Elevada concentraci\u00f3n de perfume. Efecto long-lasting. &nbsp; Modo de empleo: USO MANUAL. ellenar la botella pulverizadora. USO AUTOM\u00c1TICO. Sistema AIR MATIC de dosificaci\u00f3n. AMBIENTE: Pulverizar hacia [&hellip;]<\/p>\n","protected":false},"featured_media":24485,"comment_status":"closed","ping_status":"closed","template":"","meta":[],"product_brand":[],"product_cat":[733,689,694],"product_tag":[],"marcas":[922],"certificats":[],"caracteristiques":[],"tipus-productes":[],"zona-aplicacio":[],"tipus-maquinaria":[],"class_list":{"0":"post-24486","1":"product","2":"type-product","3":"status-publish","4":"has-post-thumbnail","6":"product_cat-ambientadores","7":"product_cat-productos-de-limpieza","8":"product_cat-quimicos","9":"marcas-sucitesa-es","11":"first","12":"instock","13":"shipping-taxable","14":"product-type-simple"},"_links":{"self":[{"href":"https:\/\/dibosch.com\/es\/wp-json\/wp\/v2\/product\/24486","targetHints":{"allow":["GET"]}}],"collection":[{"href":"https:\/\/dibosch.com\/es\/wp-json\/wp\/v2\/product"}],"about":[{"href":"https:\/\/dibosch.com\/es\/wp-json\/wp\/v2\/types\/product"}],"replies":[{"embeddable":true,"href":"https:\/\/dibosch.com\/es\/wp-json\/wp\/v2\/comments?post=24486"}],"wp:featuredmedia":[{"embeddable":true,"href":"https:\/\/dibosch.com\/es\/wp-json\/wp\/v2\/media\/24485"}],"wp:attachment":[{"href":"https:\/\/dibosch.com\/es\/wp-json\/wp\/v2\/media?parent=24486"}],"wp:term":[{"taxonomy":"product_brand","embeddable":true,"href":"https:\/\/dibosch.com\/es\/wp-json\/wp\/v2\/product_brand?post=24486"},{"taxonomy":"product_cat","embeddable":true,"href":"https:\/\/dibosch.com\/es\/wp-json\/wp\/v2\/product_cat?post=24486"},{"taxonomy":"product_tag","embeddable":true,"href":"https:\/\/dibosch.com\/es\/wp-json\/wp\/v2\/product_tag?post=24486"},{"taxonomy":"marcas","embeddable":true,"href":"https:\/\/dibosch.com\/es\/wp-json\/wp\/v2\/marcas?post=24486"},{"taxonomy":"certificats","embeddable":true,"href":"https:\/\/dibosch.com\/es\/wp-json\/wp\/v2\/certificats?post=24486"},{"taxonomy":"caracteristiques","embeddable":true,"href":"https:\/\/dibosch.com\/es\/wp-json\/wp\/v2\/caracteristiques?post=24486"},{"taxonomy":"tipus-productes","embeddable":true,"href":"https:\/\/dibosch.com\/es\/wp-json\/wp\/v2\/tipus-productes?post=24486"},{"taxonomy":"zona-aplicacio","embeddable":true,"href":"https:\/\/dibosch.com\/es\/wp-json\/wp\/v2\/zona-aplicacio?post=24486"},{"taxonomy":"tipus-maquinaria","embeddable":true,"href":"https:\/\/dibosch.com\/es\/wp-json\/wp\/v2\/tipus-maquinaria?post=24486"}],"curies":[{"name":"wp","href":"https:\/\/api.w.org\/{rel}","templated":true}]}}